{"id":148423,"date":"2021-01-15T10:57:18","date_gmt":"2021-01-15T10:57:18","guid":{"rendered":"https:\/\/codengine3.ch\/?product=import-placeholder-for-202663"},"modified":"2021-01-15T12:38:16","modified_gmt":"2021-01-15T12:38:16","slug":"naturparadies-julische-alpen","status":"publish","type":"product","link":"https:\/\/pizbube.ch\/en\/shop\/naturparadies-julische-alpen\/","title":{"rendered":"Naturparadies Julische Alpen"},"content":{"rendered":"<p>Zahlreiche Panoramaaufnahmen zeigen die gesamten Julischen Alpen<br \/>\neinschlie\u00dflich des Triglav-Nationalparks. Der begleitende Text liefert<br \/>\nausf\u00fchrliche Informationen \u00fcber Flora und Fauna, geologische Besonderheiten<br \/>\nund \u00fcber die Bewohner dieser Gegend. Ein beiligender Tourenf\u00fchrer enth\u00e4lt 80<br \/>\nTourenvorschl\u00e4ge mit genauen Wegbeschreibungen f\u00fcr Bergtouren, Klettersteige<br \/>\nund Wanderungen.  <\/p>","protected":false},"excerpt":{"rendered":"<p>Zahlreiche Panoramaaufnahmen zeigen die gesamten Julischen Alpen einschlie\u00dflich des Triglav-Nationalparks. Der begleitende Text liefert ausf\u00fchrliche Informationen \u00fcber Flora und Fauna, geologische Besonderheiten und \u00fcber die Bewohner dieser Gegend. Ein beiligender Tourenf\u00fchrer enth\u00e4lt 80 Tourenvorschl\u00e4ge mit genauen Wegbeschreibungen f\u00fcr Bergtouren, Klettersteige und Wanderungen.<\/p>","protected":false},"featured_media":30087,"template":"","meta":[],"product_brand":[],"product_cat":[21544],"product_tag":[],"class_list":{"0":"post-148423","1":"product","2":"type-product","3":"status-publish","4":"has-post-thumbnail","6":"product_cat-fuehrerliteratur-alpin-sommer","7":"pa_autor-pilz","8":"pa_erscheinungsjahr-22246","9":"pa_region-osteuropa","10":"pa_sprache-de","12":"first","13":"instock","14":"taxable","15":"shipping-taxable","16":"purchasable","17":"product-type-simple"},"_links":{"self":[{"href":"https:\/\/pizbube.ch\/en\/wp-json\/wp\/v2\/product\/148423","targetHints":{"allow":["GET"]}}],"collection":[{"href":"https:\/\/pizbube.ch\/en\/wp-json\/wp\/v2\/product"}],"about":[{"href":"https:\/\/pizbube.ch\/en\/wp-json\/wp\/v2\/types\/product"}],"wp:featuredmedia":[{"embeddable":true,"href":"https:\/\/pizbube.ch\/en\/wp-json\/wp\/v2\/media\/30087"}],"wp:attachment":[{"href":"https:\/\/pizbube.ch\/en\/wp-json\/wp\/v2\/media?parent=148423"}],"wp:term":[{"taxonomy":"product_brand","embeddable":true,"href":"https:\/\/pizbube.ch\/en\/wp-json\/wp\/v2\/product_brand?post=148423"},{"taxonomy":"product_cat","embeddable":true,"href":"https:\/\/pizbube.ch\/en\/wp-json\/wp\/v2\/product_cat?post=148423"},{"taxonomy":"product_tag","embeddable":true,"href":"https:\/\/pizbube.ch\/en\/wp-json\/wp\/v2\/product_tag?post=148423"}],"curies":[{"name":"wp","href":"https:\/\/api.w.org\/{rel}","templated":true}]}}