{"id":148424,"date":"2021-01-15T10:57:18","date_gmt":"2021-01-15T10:57:18","guid":{"rendered":"https:\/\/codengine3.ch\/?product=import-placeholder-for-202161"},"modified":"2026-03-12T09:35:00","modified_gmt":"2026-03-12T08:35:00","slug":"julische-alpen-die-schoensten-wanderungen-und-bergtouren","status":"publish","type":"product","link":"https:\/\/pizbube.ch\/en\/shop\/julische-alpen-die-schoensten-wanderungen-und-bergtouren\/","title":{"rendered":"Julische Alpen &#8211; 61 Touren zwischen Tarvisio, Bled und Tolmin mit Nationalpark Triglav und Socatal."},"content":{"rendered":"<p><span class=\"value\">Die Julischen Alpen verzaubern mit steilen W\u00e4nden, schroffen Graten, idyllischen Almen und smaragdgr\u00fcnen Gebirgsb\u00e4chen \u2013 ein Paradies f\u00fcr alle, die das Wandern in Slowenien lieben. Am s\u00fcd\u00f6stlichen Ende des Alpenbogens, wo Slowenien, Italien und \u00d6sterreich zusammentreffen, erwarten Wanderer und Bergsteiger urspr\u00fcngliche Natur, stille T\u00e4ler und zahlreiche, teils noch unbekannte Tourenm\u00f6glichkeiten.<\/span><\/p>\n<p>Der Rother Wanderf\u00fchrer \u201eJulische Alpen\u201c stellt 61 der sch\u00f6nsten Wanderungen und Bergtouren vor \u2013 von einfachen Genusswegen durch malerische Almlandschaften bis zu anspruchsvollen alpinen Steigen, die Trittsicherheit und Schwindelfreiheit erfordern. Ein besonderes Highlight ist der Triglav, mit 2864 m der h\u00f6chste Berg der Julischen Alpen und Sloweniens. S\u00e4mtliche bedeutenden Anstiege im Triglav-Nationalpark werden ausf\u00fchrlich beschrieben.<\/p>\n<p>Doch nicht nur die gro\u00dfen Gipfel wie der Triglav begeistern: Zahlreiche weitere Gipfel und Panoramen laden zu abwechslungsreichen Wanderungen in den Julischen Alpen ein \u2013 stets mitten in unber\u00fchrter Natur.<\/p>\n<p>Jede Tour ist detailliert beschrieben: Zuverl\u00e4ssige Wegbeschreibungen, \u00fcbersichtliche H\u00f6henprofile, Wanderk\u00e4rtchen mit eingezeichneter Route sowie kompakte Toureninfos mit Ausgangspunkt, Schwierigkeit, Einkehrm\u00f6glichkeiten und Varianten erleichtern die Planung. F\u00fcr alle Touren stehen GPS-Tracks zum Download bereit, zus\u00e4tzlich sind sie in der Rother App verf\u00fcgbar.<\/p>\n<p>Der Rother Wanderf\u00fchrer \u201eJulische Alpen\u201c ist der ideale Begleiter f\u00fcr alle, die die Sch\u00f6nheit von Slowenien, Triglav und die faszinierende Bergwelt der Julischen Alpen erleben m\u00f6chten.<\/p>\n<p>8., aktualisierte Auflage 2026<br \/>\n200 Seiten mit 124 Farbabbildungen<br \/>\n61 H\u00f6henprofile, 61 Wanderk\u00e4rtchen im Ma\u00dfstab 1:50.000\/1:75.000\/1:100.000, zwei \u00dcbersichtskarten im Ma\u00dfstab 1:500.000 und 1:800.000<br \/>\nFormat 11,5 x 16,5 cm<br \/>\nkartoniert mit Polytex-Laminierung<\/p>","protected":false},"excerpt":{"rendered":"<p>Die Julischen Alpen verzaubern mit steilen W\u00e4nden, schroffen Graten, idyllischen Almen und smaragdgr\u00fcnen Gebirgsb\u00e4chen \u2013 ein Paradies f\u00fcr alle, die das Wandern in Slowenien lieben. Am s\u00fcd\u00f6stlichen Ende des Alpenbogens, wo Slowenien, Italien und \u00d6sterreich zusammentreffen, erwarten Wanderer und Bergsteiger urspr\u00fcngliche Natur, stille T\u00e4ler und zahlreiche, teils noch unbekannte Tourenm\u00f6glichkeiten. Der Rother Wanderf\u00fchrer \u201eJulische Alpen\u201c [&#8230;]\n","protected":false},"featured_media":183294,"template":"","meta":[],"product_brand":[],"product_cat":[21605],"product_tag":[26858],"class_list":{"0":"post-148424","1":"product","2":"type-product","3":"status-publish","4":"has-post-thumbnail","6":"product_cat-wanderfuehrer-trekking","7":"product_tag-slovenien","8":"pa_autor-lang","9":"pa_erscheinungsjahr-27654","10":"pa_region-osteuropa","11":"pa_sprache-de","13":"first","14":"instock","15":"taxable","16":"shipping-taxable","17":"purchasable","18":"product-type-simple"},"_links":{"self":[{"href":"https:\/\/pizbube.ch\/en\/wp-json\/wp\/v2\/product\/148424","targetHints":{"allow":["GET"]}}],"collection":[{"href":"https:\/\/pizbube.ch\/en\/wp-json\/wp\/v2\/product"}],"about":[{"href":"https:\/\/pizbube.ch\/en\/wp-json\/wp\/v2\/types\/product"}],"wp:featuredmedia":[{"embeddable":true,"href":"https:\/\/pizbube.ch\/en\/wp-json\/wp\/v2\/media\/183294"}],"wp:attachment":[{"href":"https:\/\/pizbube.ch\/en\/wp-json\/wp\/v2\/media?parent=148424"}],"wp:term":[{"taxonomy":"product_brand","embeddable":true,"href":"https:\/\/pizbube.ch\/en\/wp-json\/wp\/v2\/product_brand?post=148424"},{"taxonomy":"product_cat","embeddable":true,"href":"https:\/\/pizbube.ch\/en\/wp-json\/wp\/v2\/product_cat?post=148424"},{"taxonomy":"product_tag","embeddable":true,"href":"https:\/\/pizbube.ch\/en\/wp-json\/wp\/v2\/product_tag?post=148424"}],"curies":[{"name":"wp","href":"https:\/\/api.w.org\/{rel}","templated":true}]}}