{"id":148426,"date":"2021-01-15T10:57:18","date_gmt":"2021-01-15T10:57:18","guid":{"rendered":"https:\/\/codengine3.ch\/?product=import-placeholder-for-201677"},"modified":"2024-07-03T09:18:06","modified_gmt":"2024-07-03T07:18:06","slug":"klettersteige-julische-alpen","status":"publish","type":"product","link":"https:\/\/pizbube.ch\/en\/shop\/klettersteige-julische-alpen\/","title":{"rendered":"Klettersteige Julische Alpen"},"content":{"rendered":"<p class=\"mt-3\">Steiner Alpen \u00b7 Karawanken \u00b7 Karnischer Hauptkamm<\/p>\n<p><span class=\"value\">Hohe Gipfel, zackige Spitzen, t\u00fcrkisfarbene Bergfl\u00fcsse und eine gute Portion Wildnis \u2013 die Julischen Alpen sind ein wahres Paradies f\u00fcr Klettersteig-Fans. Hier lassen sich wahrhaft einsame Bergtouren unternehmen und die karstigen Felsw\u00e4nde bieten atemberaubende M\u00f6glichkeiten f\u00fcr Ferratisti. Der Rother Klettersteigf\u00fchrer \u00bbJulische Alpen\u00ab bietet eine hervorragende Auswahl von 83 Klettersteigen unterschiedlicher Schwierigkeitsgrade, die die beeindruckende Alpenwelt im Dreil\u00e4ndereck von Slowenien, Italien und \u00d6sterreich erleben lassen.<\/span><\/p>\n<p>Die Klettersteige f\u00fchren in die Bergwelt der Julischen Alpen, der Steiner Alpen, der Karawanken und des Karnischen Hauptkamms. Gleich drei unterschiedliche Klettersteige f\u00fchren auf den ber\u00fchmten Triglav. Neben solch beliebten Highlights finden sich auch eine ganze Menge Geheimtipps. Da die slowenischen Felsw\u00e4nde und Grate noch nicht so komplett mit etablierten Steiganlagen ausgestattet sind wie die Alpenregionen in Italien oder \u00d6sterreich, finden sich in diesem Buch auch viele herausfordernde, wenig gesicherte Klettersteige. Diese Touren lassen die gr\u00f6\u00dften Gipfel der Julischen Alpen mit einer guten Prise Abenteuer erklimmen. Aber auch Klettersteig-Neulinge finden eine Vielzahl leicht machbarer Touren \u2013 denn auch auf k\u00fcrzeren oder weniger ausgesetzten Passagen lassen sich herrliche alpine Aussichtsberge erobern.<\/p>\n<p>Jeder Klettersteig wird umfassend vorgestellt: Detaillierte Informationen zu Zug\u00e4ngen, St\u00fctzpunkten, Dauer, Charakter und Schwierigkeit der Touren erleichtern die Planung. Neben den ausf\u00fchrlichen Tourenbeschreibungen sorgen Wanderk\u00e4rtchen mit eingezeichneter Route f\u00fcr eine sichere Orientierung. Sorgf\u00e4ltig gepr\u00fcfte GPS-Tracks f\u00fcr s\u00e4mtliche Routen, die zum Download von der Internetseite des Rother Bergverlags bereitstehen, machen die Navigation unterwegs einfach. Eine Vielzahl von Fotos stimmt auf die herrliche Bergwelt der Julischen Alpen und ihre fantastischen Klettersteige ein.<\/p>\n<p>56 Tourenk\u00e4rtchen im Ma\u00dfstab 1:50.000 und 1:75.000, drei \u00dcbersichtskarten im Ma\u00dfstab 1:500.000 und 1:1.250.000, GPS-Tracks zum Download<br \/>\n232 Seiten<br \/>\n6., aktualisierte Auflage 2024<\/p>","protected":false},"excerpt":{"rendered":"<p>Steiner Alpen \u00b7 Karawanken \u00b7 Karnischer Hauptkamm Hohe Gipfel, zackige Spitzen, t\u00fcrkisfarbene Bergfl\u00fcsse und eine gute Portion Wildnis \u2013 die Julischen Alpen sind ein wahres Paradies f\u00fcr Klettersteig-Fans. Hier lassen sich wahrhaft einsame Bergtouren unternehmen und die karstigen Felsw\u00e4nde bieten atemberaubende M\u00f6glichkeiten f\u00fcr Ferratisti. Der Rother Klettersteigf\u00fchrer \u00bbJulische Alpen\u00ab bietet eine hervorragende Auswahl von 83 [&#8230;]\n","protected":false},"featured_media":173740,"template":"","meta":[],"product_brand":[],"product_cat":[21544,21605],"product_tag":[],"class_list":{"0":"post-148426","1":"product","2":"type-product","3":"status-publish","4":"has-post-thumbnail","6":"product_cat-fuehrerliteratur-alpin-sommer","7":"product_cat-wanderfuehrer-trekking","8":"pa_autor-heindl-goller","9":"pa_erscheinungsjahr-27339","10":"pa_region-osteuropa","11":"pa_sprache-de","13":"first","14":"instock","15":"taxable","16":"shipping-taxable","17":"purchasable","18":"product-type-simple"},"_links":{"self":[{"href":"https:\/\/pizbube.ch\/en\/wp-json\/wp\/v2\/product\/148426","targetHints":{"allow":["GET"]}}],"collection":[{"href":"https:\/\/pizbube.ch\/en\/wp-json\/wp\/v2\/product"}],"about":[{"href":"https:\/\/pizbube.ch\/en\/wp-json\/wp\/v2\/types\/product"}],"wp:featuredmedia":[{"embeddable":true,"href":"https:\/\/pizbube.ch\/en\/wp-json\/wp\/v2\/media\/173740"}],"wp:attachment":[{"href":"https:\/\/pizbube.ch\/en\/wp-json\/wp\/v2\/media?parent=148426"}],"wp:term":[{"taxonomy":"product_brand","embeddable":true,"href":"https:\/\/pizbube.ch\/en\/wp-json\/wp\/v2\/product_brand?post=148426"},{"taxonomy":"product_cat","embeddable":true,"href":"https:\/\/pizbube.ch\/en\/wp-json\/wp\/v2\/product_cat?post=148426"},{"taxonomy":"product_tag","embeddable":true,"href":"https:\/\/pizbube.ch\/en\/wp-json\/wp\/v2\/product_tag?post=148426"}],"curies":[{"name":"wp","href":"https:\/\/api.w.org\/{rel}","templated":true}]}}