{"id":148447,"date":"2021-01-15T10:57:19","date_gmt":"2021-01-15T10:57:19","guid":{"rendered":"https:\/\/codengine3.ch\/?product=import-placeholder-for-205934"},"modified":"2021-01-15T14:45:05","modified_gmt":"2021-01-15T14:45:05","slug":"vom-pioniergeist-zum-massensport-100-jahre-skisport-im-montafon","status":"publish","type":"product","link":"https:\/\/pizbube.ch\/en\/shop\/vom-pioniergeist-zum-massensport-100-jahre-skisport-im-montafon\/","title":{"rendered":"Vom Pioniergeist zum Massensport &#8211; 100 Jahre Skisport im Montafon"},"content":{"rendered":"<p>Im Winter 1906\/07 trafen sich in Schruns und Tschagguns eine Handvoll<br \/>\nwintersportbegeisterter M\u00e4nner, die zwei Wintersportvereine gr\u00fcndeten. Sie<br \/>\nwidmeten sich vor allem dem Rodelsport und wurden zu jener Zeit noch sehr oft<br \/>\nmilde bel\u00e4chelt. In der Zwischenkriegszeit begann der Skisport langsam Fu\u00df zu<br \/>\nfassen, der Durchbruch gelang jedoch erst nach dem Zweiten Weltkrieg als auf<br \/>\nGrabs in Tschagguns der erste Sessellift Vorarlbergs gebaut wurde und dort<br \/>\n1947 die ersten \u00f6sterreichischen Skimeisterschaften der Nachkriegszeit<br \/>\nstattfanden. In den folgenden Jahrzehnten fanden immer wieder<br \/>\nSkigro\u00dfveranstaltungen im Tal statt, wie beispielsweise die Internationalen<br \/>\n2-Pisten-Rennen in den 1950er Jahren und die Goldschl\u00fcsselrennen zwischen 1963<br \/>\nund 1983. Zudem stammen viele international erfolgreiche SkisportlerInnen aus<br \/>\ndem Montafon. Die bekannteste von ihnen ist sicherlich die Olympia- und<br \/>\nGesamtweltcupsiegerin Anita Wachter.  <\/p>\n<p>Der Autor gibt in diesem Buch einen umfassenden \u00dcberblick \u00fcber die Entwicklung<br \/>\nder insgesamt neun Wintersportvereine und Skiclubs im Tal, denen seit 1949 der<br \/>\nSkiclub Montafon als Dachverband \u00fcbergeordnet ist.  <\/p>","protected":false},"excerpt":{"rendered":"<p>Im Winter 1906\/07 trafen sich in Schruns und Tschagguns eine Handvoll wintersportbegeisterter M\u00e4nner, die zwei Wintersportvereine gr\u00fcndeten. Sie widmeten sich vor allem dem Rodelsport und wurden zu jener Zeit noch sehr oft milde bel\u00e4chelt. In der Zwischenkriegszeit begann der Skisport langsam Fu\u00df zu fassen, der Durchbruch gelang jedoch erst nach dem Zweiten Weltkrieg als auf [&#8230;]\n","protected":false},"featured_media":34791,"template":"","meta":[],"product_brand":[],"product_cat":[21542],"product_tag":[],"class_list":{"0":"post-148447","1":"product","2":"type-product","3":"status-publish","4":"has-post-thumbnail","6":"product_cat-sachbuecher-dokumentationen","7":"pa_autor-brugger","8":"pa_erscheinungsjahr-21763","9":"pa_region-oesterreich","10":"pa_sprache-de","12":"first","13":"instock","14":"taxable","15":"shipping-taxable","16":"purchasable","17":"product-type-simple"},"_links":{"self":[{"href":"https:\/\/pizbube.ch\/en\/wp-json\/wp\/v2\/product\/148447","targetHints":{"allow":["GET"]}}],"collection":[{"href":"https:\/\/pizbube.ch\/en\/wp-json\/wp\/v2\/product"}],"about":[{"href":"https:\/\/pizbube.ch\/en\/wp-json\/wp\/v2\/types\/product"}],"wp:featuredmedia":[{"embeddable":true,"href":"https:\/\/pizbube.ch\/en\/wp-json\/wp\/v2\/media\/34791"}],"wp:attachment":[{"href":"https:\/\/pizbube.ch\/en\/wp-json\/wp\/v2\/media?parent=148447"}],"wp:term":[{"taxonomy":"product_brand","embeddable":true,"href":"https:\/\/pizbube.ch\/en\/wp-json\/wp\/v2\/product_brand?post=148447"},{"taxonomy":"product_cat","embeddable":true,"href":"https:\/\/pizbube.ch\/en\/wp-json\/wp\/v2\/product_cat?post=148447"},{"taxonomy":"product_tag","embeddable":true,"href":"https:\/\/pizbube.ch\/en\/wp-json\/wp\/v2\/product_tag?post=148447"}],"curies":[{"name":"wp","href":"https:\/\/api.w.org\/{rel}","templated":true}]}}