{"id":148448,"date":"2021-01-15T10:57:19","date_gmt":"2021-01-15T10:57:19","guid":{"rendered":"https:\/\/codengine3.ch\/?product=import-placeholder-for-204376"},"modified":"2024-09-04T11:54:39","modified_gmt":"2024-09-04T09:54:39","slug":"natural-high-dvd","status":"publish","type":"product","link":"https:\/\/pizbube.ch\/en\/shop\/natural-high-dvd\/","title":{"rendered":"natural high DVD"},"content":{"rendered":"<p>&#8230;langweilige ski- und snowboardfilme gibt es viele &#8211; &#8217;natural high&#8216; ist<br \/>\nkeiner davon. wir haben uns auf die suche nach geschichten gemacht:<br \/>\ngeschichten, die weit in die vergangenheit des freeridens zur\u00fcckreichen und<br \/>\ngeschichten, die an jedem sch\u00f6nen wintertag im berner oberland passieren. von<br \/>\nverr\u00fcckten engl\u00e4ndern, die auf zwei holzlatten vom schilthorn herunterfuhren,<br \/>\nvon sherpa tenzing, der in meiringen das skifahren lernte, von james bond, der<br \/>\nim berner oberland neue massst\u00e4be f\u00fcr skistunts setzte. von bergf\u00fchrern, die<br \/>\nseit 40 jahren mit tourenskis berge besteigen und von solchen, die sich jeden<br \/>\nwinter unz\u00e4hlige male mit den helikopter auf einen gipfel fliegen lassen.<br \/>\n&#8217;natural high&#8216; zeigt diese geschichten durch die augen von zwei hervorragenden<br \/>\nfreeridern: ski-fahrer sascha schmid und telemarker hannes lipf. jeder ist auf<br \/>\nder suche nach den urspr\u00fcngen seiner leidenschaft, jeder auf seine weise. das<br \/>\nresultat ist eine faszinierende geschichte, erz\u00e4hlt mit atemberaubenden<br \/>\nbildern. DVD, 45 min.<\/p>\n<p>freeskiing stories from the last 100 years: &#8230;it is true, there are many dull<br \/>\nsnowboard and ski movies out there, but &#8217;natural high&#8216; is not one of them. we<br \/>\nwere interested not only in the beauty of freeriding, but in it?s soul, and so<br \/>\nwe went looking for stories. we found some that reach back to the very<br \/>\nbeginning of freeriding and others that could happen on any sunny winter day<br \/>\nin the bernese oberland. wanna know about the crazy brits who went down the<br \/>\nschilthorn on two wooden slats? wanna see how james bond set a new standard<br \/>\nfor movie stunts in the berner oberland? and did you know that sherpa tensing<br \/>\nlearned to ski in meiringen in &#8217;natural high&#8216;, these and many more stories are<br \/>\ndiscovered by two freeriders: skier sascha schmid and telemark skier hannes<br \/>\nlipf. they set out on a search for the roots of their passion and we went with<br \/>\nthem, all the way. the result is a fascinating journey with breathtaking<br \/>\nmoments, a real natural high. DVD, 45 min.<\/p>","protected":false},"excerpt":{"rendered":"<ul>\n<li><a href=\"https:\/\/youtu.be\/_mbpQvJ8us0\" target=\"_blank\" rel=\"noopener\">Video: Trailer natural high<\/a><\/li>\n<\/ul>","protected":false},"featured_media":32229,"template":"","meta":[],"product_brand":[],"product_cat":[21628],"product_tag":[],"class_list":{"0":"post-148448","1":"product","2":"type-product","3":"status-publish","4":"has-post-thumbnail","6":"product_cat-video-dvd-multimedia","7":"pa_autor-buehler-gyger","8":"pa_erscheinungsjahr-21763","9":"pa_region-schweiz","10":"pa_sprache-d","11":"pa_sprache-e","13":"first","14":"outofstock","15":"taxable","16":"shipping-taxable","17":"purchasable","18":"product-type-simple"},"_links":{"self":[{"href":"https:\/\/pizbube.ch\/en\/wp-json\/wp\/v2\/product\/148448","targetHints":{"allow":["GET"]}}],"collection":[{"href":"https:\/\/pizbube.ch\/en\/wp-json\/wp\/v2\/product"}],"about":[{"href":"https:\/\/pizbube.ch\/en\/wp-json\/wp\/v2\/types\/product"}],"wp:featuredmedia":[{"embeddable":true,"href":"https:\/\/pizbube.ch\/en\/wp-json\/wp\/v2\/media\/32229"}],"wp:attachment":[{"href":"https:\/\/pizbube.ch\/en\/wp-json\/wp\/v2\/media?parent=148448"}],"wp:term":[{"taxonomy":"product_brand","embeddable":true,"href":"https:\/\/pizbube.ch\/en\/wp-json\/wp\/v2\/product_brand?post=148448"},{"taxonomy":"product_cat","embeddable":true,"href":"https:\/\/pizbube.ch\/en\/wp-json\/wp\/v2\/product_cat?post=148448"},{"taxonomy":"product_tag","embeddable":true,"href":"https:\/\/pizbube.ch\/en\/wp-json\/wp\/v2\/product_tag?post=148448"}],"curies":[{"name":"wp","href":"https:\/\/api.w.org\/{rel}","templated":true}]}}