{"id":148449,"date":"2021-01-15T10:57:19","date_gmt":"2021-01-15T10:57:19","guid":{"rendered":"https:\/\/codengine3.ch\/?product=import-placeholder-for-207293"},"modified":"2021-01-15T16:01:39","modified_gmt":"2021-01-15T16:01:39","slug":"der-schneehase-2011-2015","status":"publish","type":"product","link":"https:\/\/pizbube.ch\/en\/shop\/der-schneehase-2011-2015\/","title":{"rendered":"Der Schneehase 2011-2015"},"content":{"rendered":"<p>Jahrbuch des Schweizerischen Akademischen Skiclubs, 39. Edition, 2011-2015<\/p>\n<p>Die farbig bebilderte Publikation greift auch in der 39. Ausgabe spannende und<br \/>\neinzigartige Themen auf. So ist unter dem Titel \u00abGeschichte und Tradition\u00bb die<br \/>\nReportage Dakota 1946, Schweizer Skikufen auf dem Gauligletscher zu finden. Im<br \/>\nKapitel \u00abZukunft und Innovation\u00bb werden mit \u00abClimate Messages from Eternal<br \/>\nIce\u00bb und \u00abFreeskiing\u00bb sowohl globale wie nationale Trends beschrieben. Zwei<br \/>\nechte Highlights sind die Beitr\u00e4ge \u00fcber Bernhard Russis K\u00fcnste als<br \/>\nPistenarchitekt und Ueli Stecks unglaubliche Bergsteigerleistungen am Limit.<br \/>\nEin Mitglied des SAS, Jack Heuer, hat zur Entwicklung der modernen Zeitmessung<br \/>\nim globalen Sport beigetragen. Sein Portr\u00e4t ist unter \u00abPers\u00f6nlichkeiten und<br \/>\nWerte\u00bb nachzulesen.<\/p>\n<p>Wer Ski f\u00e4hrt, den Wintersport liebt, Geschichte mag und zudem interessiert<br \/>\nist, was die sportliche Zukunft bringt, wird im neuen Schneehasen garantiert<br \/>\nf\u00fcndig.<\/p>\n<p>\u00abDer Schneehase ist mit Speed unterwegs und hinterl\u00e4sst eine unverkennbare<br \/>\nSpur im Schnee. Der SAS-Schneehase ist auch unverkennbar. Hierhin und dorthin<br \/>\nein Abstecher, aber stets fokussiert auf Schnee, Ski und Leistung.\u00bb Ueli<br \/>\nSteck, Extrembergsteiger<\/p>\n<p>\u00abThe Schneehase documents the history and development of skiing since 1924.<br \/>\nThe FIS-Alpine Committee is grateful for this accomplishment.\u00bb Bernhard Russi,<br \/>\nChairman FIS-Alpine Comittee<\/p>\n<p>\u00abJe ne connais aucun autre magazine, livre ou publication que le Schneehase<br \/>\nqui propose \u00e0 ses lecteurs une telle mixit\u00e9 d&#8217;histoires passionnantes,<br \/>\nprovenant des sports d&#8217;hiver.\u00bb Matthias Remund, Directeur Office F\u00e9d\u00e9ral du<br \/>\nSport OFSPO<\/p>","protected":false},"excerpt":{"rendered":"<p>Jahrbuch des Schweizerischen Akademischen Skiclubs, 39. Edition, 2011-2015 Die farbig bebilderte Publikation greift auch in der 39. Ausgabe spannende und einzigartige Themen auf. So ist unter dem Titel \u00abGeschichte und Tradition\u00bb die Reportage Dakota 1946, Schweizer Skikufen auf dem Gauligletscher zu finden. Im Kapitel \u00abZukunft und Innovation\u00bb werden mit \u00abClimate Messages from Eternal Ice\u00bb und [&#8230;]\n","protected":false},"featured_media":37051,"template":"","meta":[],"product_brand":[],"product_cat":[21542],"product_tag":[],"class_list":{"0":"post-148449","1":"product","2":"type-product","3":"status-publish","4":"has-post-thumbnail","6":"product_cat-sachbuecher-dokumentationen","7":"pa_autor-sas","8":"pa_erscheinungsjahr-21597","9":"pa_region-schweiz","10":"pa_sprache-de","12":"first","13":"instock","14":"taxable","15":"shipping-taxable","16":"purchasable","17":"product-type-simple"},"_links":{"self":[{"href":"https:\/\/pizbube.ch\/en\/wp-json\/wp\/v2\/product\/148449","targetHints":{"allow":["GET"]}}],"collection":[{"href":"https:\/\/pizbube.ch\/en\/wp-json\/wp\/v2\/product"}],"about":[{"href":"https:\/\/pizbube.ch\/en\/wp-json\/wp\/v2\/types\/product"}],"wp:featuredmedia":[{"embeddable":true,"href":"https:\/\/pizbube.ch\/en\/wp-json\/wp\/v2\/media\/37051"}],"wp:attachment":[{"href":"https:\/\/pizbube.ch\/en\/wp-json\/wp\/v2\/media?parent=148449"}],"wp:term":[{"taxonomy":"product_brand","embeddable":true,"href":"https:\/\/pizbube.ch\/en\/wp-json\/wp\/v2\/product_brand?post=148449"},{"taxonomy":"product_cat","embeddable":true,"href":"https:\/\/pizbube.ch\/en\/wp-json\/wp\/v2\/product_cat?post=148449"},{"taxonomy":"product_tag","embeddable":true,"href":"https:\/\/pizbube.ch\/en\/wp-json\/wp\/v2\/product_tag?post=148449"}],"curies":[{"name":"wp","href":"https:\/\/api.w.org\/{rel}","templated":true}]}}