{"id":148450,"date":"2021-01-15T10:57:20","date_gmt":"2021-01-15T10:57:20","guid":{"rendered":"https:\/\/codengine3.ch\/?product=import-placeholder-for-208401"},"modified":"2024-07-09T10:18:37","modified_gmt":"2024-07-09T08:18:37","slug":"schnee-von-gestern-fundstuecke-zur-skikultur-ein-postkartenbuch","status":"publish","type":"product","link":"https:\/\/pizbube.ch\/en\/shop\/schnee-von-gestern-fundstuecke-zur-skikultur-ein-postkartenbuch\/","title":{"rendered":"Schnee von gestern &#8211; Fundst\u00fccke zur Skikultur. Ein Postkartenbuch"},"content":{"rendered":"<p>Was verbindet man mehr mit der Schweiz als Ski! Dieser Tatsache widmet sich<br \/>\nder nunmehr vierte Band der beliebten Postkartenb\u00fccher, herausgegeben vom<br \/>\nAlpinen Museum der Schweiz.<\/p>\n<p>Ganz nach der Devise \u00abAlles f\u00e4hrt Ski\u00bb bietet Schnee von gestern auf 40<br \/>\nBildern und anhand von drei Begleittexten einen vielf\u00e4ltigen Einblick in die<br \/>\nSammlung des Museums, die zahlreiche Objekte rund um das Thema Ski sowie<br \/>\nFotografien aus dem Fotoarchiv der Kunstanstalt Br\u00fcgger, Meiringen<br \/>\n(1878-1994), umfasst. Die Kunstanstalt war auf Werbe- und Auftragsfotografie<br \/>\nin den Bereichen Tourismus, Hotellerie und Gastronomie spezialisiert und<br \/>\ndokumentiert mit ihren Fotografien die rasante Entwicklung der Ski-<br \/>\nFreizeitkultur von ihren Anf\u00e4ngen bis zu ihrer Etablierung als Breitensport ab<br \/>\nden 1950er-Jahren.<\/p>\n<p>Haben Sie Ihre ersten Ski-Versuche auf Fassdauben, auf Attenhofer-Skis oder<br \/>\nauf Big Foots gemacht? Unabh\u00e4ngig von Ihrem Jahrgang ist die Chance gross,<br \/>\ndass die Frage Ihrer Eltern morgens in der Talstation immer dieselbe war:<br \/>\n\u00abHesch alles derbi\u00bb? Auch die Sammlung des Alpinen Museums der Schweiz kennt<br \/>\neine Antwort auf diese Frage: Seit Generationen wird in unserem Haus<br \/>\naufbewahrt, was man f\u00fcr einen Skitag ben\u00f6tigt: Skis, Skischuhe, Skist\u00f6cke,<br \/>\nSkianz\u00fcge, Sonnenbrillen, Schneebrillen, Handschuhe und ein paar Kisten<br \/>\nSkiwachs. Dazu einige Dutzend Plakate und mehrere tausend Fotografien, die<br \/>\nzeigen, wie die Skikultur in der Schweiz w\u00e4hrend der Hochbl\u00fcte zwischen den<br \/>\n50er und den 70er Jahren gelebt wurde.<\/p>\n<p>In diesem vierten Postkartenband zur Sammlung des Alpinen Museums finden Sie<br \/>\neinen Querschnitt durch eine Zeit, die uns noch vertraut ist, uns aber auch<br \/>\nbereits ein wenig fremd vorkommt. Was bleibt ist das weisse Gold, die bunten<br \/>\nBretter, die rosa Brille \u2013 aber auch die kalten F\u00fcsse, die harten Schuhe und<br \/>\ndie langen Warteschlangen.<\/p>\n<p>40 farbige und sw Postkarten zum Heraustrennen und Textheft mit 24 Seiten und<br \/>\n5 schw.-w. Abb. zusammen in Festeinband<\/p>","protected":false},"excerpt":{"rendered":"<p>Was verbindet man mehr mit der Schweiz als Ski! Dieser Tatsache widmet sich der nunmehr vierte Band der beliebten Postkartenb\u00fccher, herausgegeben vom Alpinen Museum der Schweiz. Ganz nach der Devise \u00abAlles f\u00e4hrt Ski\u00bb bietet Schnee von gestern auf 40 Bildern und anhand von drei Begleittexten einen vielf\u00e4ltigen Einblick in die Sammlung des Museums, die zahlreiche [&#8230;]\n","protected":false},"featured_media":164811,"template":"","meta":[],"product_brand":[],"product_cat":[21853],"product_tag":[],"class_list":{"0":"post-148450","1":"product","2":"type-product","3":"status-publish","4":"has-post-thumbnail","6":"product_cat-ansichtskarten","7":"pa_autor-alpines-museum-scheidegger","8":"pa_erscheinungsjahr-21558","9":"pa_region-schweiz","10":"pa_sprache-de-en-fr","12":"first","13":"outofstock","14":"taxable","15":"shipping-taxable","16":"purchasable","17":"product-type-simple"},"_links":{"self":[{"href":"https:\/\/pizbube.ch\/en\/wp-json\/wp\/v2\/product\/148450","targetHints":{"allow":["GET"]}}],"collection":[{"href":"https:\/\/pizbube.ch\/en\/wp-json\/wp\/v2\/product"}],"about":[{"href":"https:\/\/pizbube.ch\/en\/wp-json\/wp\/v2\/types\/product"}],"wp:featuredmedia":[{"embeddable":true,"href":"https:\/\/pizbube.ch\/en\/wp-json\/wp\/v2\/media\/164811"}],"wp:attachment":[{"href":"https:\/\/pizbube.ch\/en\/wp-json\/wp\/v2\/media?parent=148450"}],"wp:term":[{"taxonomy":"product_brand","embeddable":true,"href":"https:\/\/pizbube.ch\/en\/wp-json\/wp\/v2\/product_brand?post=148450"},{"taxonomy":"product_cat","embeddable":true,"href":"https:\/\/pizbube.ch\/en\/wp-json\/wp\/v2\/product_cat?post=148450"},{"taxonomy":"product_tag","embeddable":true,"href":"https:\/\/pizbube.ch\/en\/wp-json\/wp\/v2\/product_tag?post=148450"}],"curies":[{"name":"wp","href":"https:\/\/api.w.org\/{rel}","templated":true}]}}