{"id":148455,"date":"2021-01-15T10:57:25","date_gmt":"2021-01-15T10:57:25","guid":{"rendered":"https:\/\/codengine3.ch\/?product=import-placeholder-for-204629"},"modified":"2024-07-13T11:27:47","modified_gmt":"2024-07-13T09:27:47","slug":"un-passo-verso-il-cielo-arrampicata-sportiva-in-valle-di-susa","status":"publish","type":"product","link":"https:\/\/pizbube.ch\/en\/shop\/un-passo-verso-il-cielo-arrampicata-sportiva-in-valle-di-susa\/","title":{"rendered":"Un passo verso il cielo &#8211; Arrampicata sportiva in Valle di Susa"},"content":{"rendered":"<p>Un passo verso il cielo (Climbing in Valle Susa)<\/p>\n<p>Questo volume si propone di mostrare le pareti d&#8217;arrampicata moderna della<br \/>\nvalle di Susa. il presente non vuole e non pu\u00f2 essere n\u00e9 una guida esaustiva<br \/>\ndelle zone di scalata, n\u00e9, tanto meno, una selezione dei posti pi\u00f9 belli.<br \/>\nL&#8217;intenzione \u00e8 quella di dare suggerimento agli amanti dell&#8217;arrampicata che si<br \/>\ntrovano a percorrere o a visitare la nostra valle.<\/p>\n<p>Gli autori, che da oltre un quarto di secolo, frequentano e contribuiscono<br \/>\nmolto attivamente all&#8217;attrezzatura delle pareti di roccia sparse nell&#8217;area,<br \/>\nsono convinti che, bench\u00e9 sfruttato all&#8217;osso e con pochissime vere novit\u00e0,<br \/>\nquesto territorio sia comunque in grado di soddisfare pienamente le esigenze<br \/>\ndella maggior parte degli arrampicatori, anche solo per la sua vastit\u00e0 e la<br \/>\nsua fruibilit\u00e0, lungo tutto l&#8217;arco dell&#8217;anno.<\/p>\n<p>In ultimo ma non per ultimo, gli autori sono convinti dell&#8217;importanza che la<br \/>\nvalle di Susa riveste nel panorama storico dell&#8217;alpinismo e dell&#8217;arrampicata<br \/>\nin piemonte e pi\u00f9 in generale nell&#8217;Italia occidentale\u2026 in parte raccontata<br \/>\ncuriosamente nelle pagine della guida.<\/p>","protected":false},"excerpt":{"rendered":"<p>Un passo verso il cielo (Climbing in Valle Susa) Questo volume si propone di mostrare le pareti d&#8217;arrampicata moderna della valle di Susa. il presente non vuole e non pu\u00f2 essere n\u00e9 una guida esaustiva delle zone di scalata, n\u00e9, tanto meno, una selezione dei posti pi\u00f9 belli. L&#8217;intenzione \u00e8 quella di dare suggerimento agli [&#8230;]\n","protected":false},"featured_media":173936,"template":"","meta":[],"product_brand":[],"product_cat":[21539],"product_tag":[],"class_list":{"0":"post-148455","1":"product","2":"type-product","3":"status-publish","4":"has-post-thumbnail","6":"product_cat-fuehrerliteratur-sportklettern-bouldern","7":"pa_autor-mattiel","8":"pa_erscheinungsjahr-21830","9":"pa_region-italien","10":"pa_sprache-it","12":"first","13":"instock","14":"taxable","15":"shipping-taxable","16":"purchasable","17":"product-type-simple"},"_links":{"self":[{"href":"https:\/\/pizbube.ch\/en\/wp-json\/wp\/v2\/product\/148455","targetHints":{"allow":["GET"]}}],"collection":[{"href":"https:\/\/pizbube.ch\/en\/wp-json\/wp\/v2\/product"}],"about":[{"href":"https:\/\/pizbube.ch\/en\/wp-json\/wp\/v2\/types\/product"}],"wp:featuredmedia":[{"embeddable":true,"href":"https:\/\/pizbube.ch\/en\/wp-json\/wp\/v2\/media\/173936"}],"wp:attachment":[{"href":"https:\/\/pizbube.ch\/en\/wp-json\/wp\/v2\/media?parent=148455"}],"wp:term":[{"taxonomy":"product_brand","embeddable":true,"href":"https:\/\/pizbube.ch\/en\/wp-json\/wp\/v2\/product_brand?post=148455"},{"taxonomy":"product_cat","embeddable":true,"href":"https:\/\/pizbube.ch\/en\/wp-json\/wp\/v2\/product_cat?post=148455"},{"taxonomy":"product_tag","embeddable":true,"href":"https:\/\/pizbube.ch\/en\/wp-json\/wp\/v2\/product_tag?post=148455"}],"curies":[{"name":"wp","href":"https:\/\/api.w.org\/{rel}","templated":true}]}}