{"id":148459,"date":"2021-01-15T10:57:26","date_gmt":"2021-01-15T10:57:26","guid":{"rendered":"https:\/\/codengine3.ch\/?product=import-placeholder-for-208810"},"modified":"2021-01-15T17:58:03","modified_gmt":"2021-01-15T17:58:03","slug":"risque-et-alpinisme-reflexion-philosophique-sur-lhomo-alpinus","status":"publish","type":"product","link":"https:\/\/pizbube.ch\/en\/shop\/risque-et-alpinisme-reflexion-philosophique-sur-lhomo-alpinus\/","title":{"rendered":"Risque et alpinisme &#8211; R\u00e9flexion philosophique sur l&#8217;Homo alpinus"},"content":{"rendered":"<p>Une plong\u00e9e historique et philosophique passionnante dans le monde de<br \/>\nl\u2019alpinisme.<\/p>\n<p>Selon les \u00e9poques, on pratique l\u2019alpinisme pour des motifs scientifiques,<br \/>\nnationalistes, contemplatifs, sportifs\u2026 Quel que soit le moteur de chacun, le<br \/>\nrisque, qu\u2019on le souhaite ou non, est omnipr\u00e9sent.  <\/p>\n<p>Alpiniste de renom et philosophe, Alain Ghersen nous entra\u00eene dans une<br \/>\nfascinante r\u00e9flexion sur les liens qu\u2019entretiennent risque et alpinisme ; il<br \/>\nconvoque tour \u00e0 tour alpinistes et philosophes pour essayer de tracer les<br \/>\ncontours d\u2019un Homo alpinus. O\u00f9 il est question d\u2019\u00e9tat de nature, de<br \/>\nromantisme, d\u2019engagement, de sacr\u00e9, de hasard, de peur, d\u2019\u00e9mulation, de<br \/>\nrapport \u00e0 la mort et de bien d\u2019autres choses.  <\/p>","protected":false},"excerpt":{"rendered":"<p>Une plong\u00e9e historique et philosophique passionnante dans le monde de l\u2019alpinisme. Selon les \u00e9poques, on pratique l\u2019alpinisme pour des motifs scientifiques, nationalistes, contemplatifs, sportifs\u2026 Quel que soit le moteur de chacun, le risque, qu\u2019on le souhaite ou non, est omnipr\u00e9sent. Alpiniste de renom et philosophe, Alain Ghersen nous entra\u00eene dans une fascinante r\u00e9flexion sur les [&#8230;]\n","protected":false},"featured_media":41406,"template":"","meta":[],"product_brand":[],"product_cat":[21542],"product_tag":[],"class_list":{"0":"post-148459","1":"product","2":"type-product","3":"status-publish","4":"has-post-thumbnail","6":"product_cat-sachbuecher-dokumentationen","7":"pa_autor-ghersen","8":"pa_erscheinungsjahr-21571","9":"pa_region-frankreich","10":"pa_sprache-fr","12":"first","13":"instock","14":"taxable","15":"shipping-taxable","16":"purchasable","17":"product-type-simple"},"_links":{"self":[{"href":"https:\/\/pizbube.ch\/en\/wp-json\/wp\/v2\/product\/148459","targetHints":{"allow":["GET"]}}],"collection":[{"href":"https:\/\/pizbube.ch\/en\/wp-json\/wp\/v2\/product"}],"about":[{"href":"https:\/\/pizbube.ch\/en\/wp-json\/wp\/v2\/types\/product"}],"wp:featuredmedia":[{"embeddable":true,"href":"https:\/\/pizbube.ch\/en\/wp-json\/wp\/v2\/media\/41406"}],"wp:attachment":[{"href":"https:\/\/pizbube.ch\/en\/wp-json\/wp\/v2\/media?parent=148459"}],"wp:term":[{"taxonomy":"product_brand","embeddable":true,"href":"https:\/\/pizbube.ch\/en\/wp-json\/wp\/v2\/product_brand?post=148459"},{"taxonomy":"product_cat","embeddable":true,"href":"https:\/\/pizbube.ch\/en\/wp-json\/wp\/v2\/product_cat?post=148459"},{"taxonomy":"product_tag","embeddable":true,"href":"https:\/\/pizbube.ch\/en\/wp-json\/wp\/v2\/product_tag?post=148459"}],"curies":[{"name":"wp","href":"https:\/\/api.w.org\/{rel}","templated":true}]}}