{"id":148460,"date":"2021-01-15T10:57:26","date_gmt":"2021-01-15T10:57:26","guid":{"rendered":"https:\/\/codengine3.ch\/?product=import-placeholder-for-207659"},"modified":"2021-01-15T16:05:42","modified_gmt":"2021-01-15T16:05:42","slug":"solo-der-alleingaenger-ueli-steck-eine-erinnerung","status":"publish","type":"product","link":"https:\/\/pizbube.ch\/en\/shop\/solo-der-alleingaenger-ueli-steck-eine-erinnerung\/","title":{"rendered":"SOLO &#8211; Der Alleing\u00e4nger Ueli Steck &#8211; Eine Erinnerung"},"content":{"rendered":"<p>SOLO<br \/>\nDer Alleing\u00e4nger Ueli Steck &#8211; Eine Erinnerung<\/p>\n<p>Dort, wo anderen schon vom blo\u00dfen Zuschauen elend wird, f\u00fchlte sich Ueli Steck<br \/>\nzu Hause. Dort, wo es f\u00fcr Nichtalpinisten nur ein Abw\u00e4rts gibt, zog es ihn<br \/>\nnach oben. Und dies am liebsten ohne Seil, im Alleingang und mit nicht<br \/>\nnachvollziehbarer Geschwindigkeit. Ueli Steck war ein alpiner Zehnk\u00e4mpfer, der<br \/>\nnicht nur am Fels in unseren Alpen, sondern auch im Himalaja, in Eis und<br \/>\nSchnee und d\u00fcnner Luft h\u00f6chst erfolgreich war.<\/p>\n<p>2005, nach seinen Erfolgen an den Wendenst\u00f6cken und seinem erfolgreichen<br \/>\nsogenannten Khumbu- Express, fragte ihn die Autorin Gabriella Baumann-von Arx<br \/>\nan, ob er an einem Buchprojekt interessiert sei. Nach kurzem Z\u00f6gern sagte er<br \/>\nzu und erkl\u00e4rte ihr in langen Gespr\u00e4chen, was ihn antrieb. Er nahm sich aber<br \/>\nauch Zeit, der Nichtalpinistin seine Welt zu zeigen, und f\u00fchrte sie an den<br \/>\nEinstieg der Eiger-Nordwand. Um zu erfahren, was Ueli Steck ihr in seiner<br \/>\nBescheidenheit nicht erz\u00e4hlen wollte, f\u00fchrte die Autorin auch ausf\u00fchrliche<br \/>\nGespr\u00e4che mit zweien seiner Freunde.<\/p>\n<p>Mit dem Arzt und Bergsteiger Oswald Oelz und mit dem Fotografen, Bergf\u00fchrer<br \/>\nund Kletterer Robert B\u00f6sch, der Ueli Steck seit seinen Anf\u00e4ngen fotografisch<br \/>\nbegleitete und von dem auch die eindr\u00fccklichen Bilder in \u00bbSolo\u00ab stammen. Am<br \/>\nSchluss des Buches wird klar: Ueli Steck hat sein Leben geliebt &#8211; und es<br \/>\ngerade deshalb so intensiv gelebt. \u00bbHier bekommt Ueli Steck genau die Fragen<br \/>\ngestellt, die man selbst auch an ihn gerichtet h\u00e4tte, h\u00e4tte man die Chance<br \/>\nbekommen, bei einem Bier mit ihm zusammenzusitzen.\u00ab<\/p>\n<p>\u00bbAuch im Zeitalter des Pistenalpinismus l\u00e4sst sich das Bergsteigen in seiner<br \/>\nklassischen Form neu erfinden. Ueli Steck geh\u00f6rte zu jener Handvoll Leute, die<br \/>\nwissen, wie zeitgem\u00e4\u00dfe Herausforderungen gel\u00f6st werden k\u00f6nnen. In seinem<br \/>\nSelbstverst\u00e4ndnis \u00fcberzeugte dieser Grenzg\u00e4nger in der Vertikalen nicht nur<br \/>\nseinesgleichen. Die Autorin hat die passende Form gefunden, Stecks Routen in<br \/>\nden Jahren 2004 und 2005 vom Einstieg bis zum Ausstieg f\u00fcr alle<br \/>\nnachvollziehbar zu machen.\u00ab Reinhold Messner<\/p>\n<p>224 Seiten (davon 48 Seiten Bildteil); Klappenbroschur<br \/>\n(Die Originalausgabe erschien 2006 als Hardcover und ist vergriffen.)<\/p>","protected":false},"excerpt":{"rendered":"<p>SOLO Der Alleing\u00e4nger Ueli Steck &#8211; Eine Erinnerung Dort, wo anderen schon vom blo\u00dfen Zuschauen elend wird, f\u00fchlte sich Ueli Steck zu Hause. Dort, wo es f\u00fcr Nichtalpinisten nur ein Abw\u00e4rts gibt, zog es ihn nach oben. Und dies am liebsten ohne Seil, im Alleingang und mit nicht nachvollziehbarer Geschwindigkeit. Ueli Steck war ein alpiner [&#8230;]\n","protected":false},"featured_media":38084,"template":"","meta":[],"product_brand":[],"product_cat":[21542],"product_tag":[],"class_list":{"0":"post-148460","1":"product","2":"type-product","3":"status-publish","4":"has-post-thumbnail","6":"product_cat-sachbuecher-dokumentationen","7":"pa_autor-baumann-von-arx-boesch","8":"pa_erscheinungsjahr-21574","9":"pa_region-schweiz","10":"pa_sprache-de","12":"first","13":"instock","14":"taxable","15":"shipping-taxable","16":"purchasable","17":"product-type-simple"},"_links":{"self":[{"href":"https:\/\/pizbube.ch\/en\/wp-json\/wp\/v2\/product\/148460","targetHints":{"allow":["GET"]}}],"collection":[{"href":"https:\/\/pizbube.ch\/en\/wp-json\/wp\/v2\/product"}],"about":[{"href":"https:\/\/pizbube.ch\/en\/wp-json\/wp\/v2\/types\/product"}],"wp:featuredmedia":[{"embeddable":true,"href":"https:\/\/pizbube.ch\/en\/wp-json\/wp\/v2\/media\/38084"}],"wp:attachment":[{"href":"https:\/\/pizbube.ch\/en\/wp-json\/wp\/v2\/media?parent=148460"}],"wp:term":[{"taxonomy":"product_brand","embeddable":true,"href":"https:\/\/pizbube.ch\/en\/wp-json\/wp\/v2\/product_brand?post=148460"},{"taxonomy":"product_cat","embeddable":true,"href":"https:\/\/pizbube.ch\/en\/wp-json\/wp\/v2\/product_cat?post=148460"},{"taxonomy":"product_tag","embeddable":true,"href":"https:\/\/pizbube.ch\/en\/wp-json\/wp\/v2\/product_tag?post=148460"}],"curies":[{"name":"wp","href":"https:\/\/api.w.org\/{rel}","templated":true}]}}