{"id":148462,"date":"2021-01-15T10:57:26","date_gmt":"2021-01-15T10:57:26","guid":{"rendered":"https:\/\/codengine3.ch\/?product=import-placeholder-for-200425"},"modified":"2021-01-15T10:57:29","modified_gmt":"2021-01-15T10:57:29","slug":"grosses-walsertal-feldkirch-bludenz-laterns-liechtenstein-150000","status":"publish","type":"product","link":"https:\/\/pizbube.ch\/en\/shop\/grosses-walsertal-feldkirch-bludenz-laterns-liechtenstein-150000\/","title":{"rendered":"Gro\u00dfes Walsertal \u2013 Feldkirch \u2013 Bludenz \u2013 Laterns \u2013 Liechtenstein 1:50&#8217;000"},"content":{"rendered":"<p>WK 375 , Wanderkarte 1:50.000<\/p>\n<p>freytag &#038; berndt Wanderkarten sind dank der detaillierten digitalen<br \/>\nKartographie und der genauen Ma\u00dfst\u00e4be ideale Begleiter beim Wandern,<br \/>\nBergsteigen und auf Skitouren. Sie werden regelm\u00e4\u00dfig \u00fcberarbeitet und<br \/>\nenthalten aktualisierte Informationen zu Wanderwegen, Rad- und<br \/>\nMountainbikestrecken, H\u00fctten, Naturdenkm\u00e4lern, kulturellen Sehensw\u00fcrdigkeiten<br \/>\nund Freizeiteinrichtungen.<\/p>\n<p>Das beiliegende Informationsheft enth\u00e4lt eine Auswahl der besten Wanderwege,<br \/>\nRadwege und Mountainbikestrecken sowie eine kurze Beschreibung der einzelnen<br \/>\nGemeinden mit ihrem Freizeitangebot. (Sprache: Deutsch)<\/p>\n<p>Freizeitinformationen, Wander- und Weitwanderwege, Mountainbike- und<br \/>\nRadtouren, Ortsregister mit Postleitzahlen, GPS-tauglich, Klettersteig,<br \/>\nSchiroute, Langlaufroute, Nordic-Walking-Strecke;<\/p>\n<p>Region: Gro\u00dfes Walsertal, Bregenzer Wald, Walgau, Montafon, Vorarlberg,<br \/>\nLiechtenstein;<\/p>\n<p>Besondere Wander-Themenwege:<br \/>\nNordalpenweg, Zentralalpenweg, Jakobsweg, Via Alpina, Lechweg, Appenzeller<br \/>\nWeg, Liechtensteiner Panoramaweg, Pr\u00e4ttigauer H\u00f6henweg, Rheintaler H\u00f6henweg,<br \/>\nRund um den L\u00fcnersee, Zwei-Tages-Tour auf die Schesaplana, Golmi\u2019s<br \/>\nForschungspfad, Familienwanderung auf den Diedamskopf;<\/p>\n<p>Spezielle Rad- und Mountainbiketouren:<br \/>\nKlostertalradweg, Ill-Rhein-Radroute, D\u00f6rfer-St\u00e4dte-Radroute, D\u00fcnser Alpele,<br \/>\nRund ums Breithorn, Auf die Hohe Kugel;<\/p>","protected":false},"excerpt":{"rendered":"<p>WK 375 , Wanderkarte 1:50.000 freytag &#038; berndt Wanderkarten sind dank der detaillierten digitalen Kartographie und der genauen Ma\u00dfst\u00e4be ideale Begleiter beim Wandern, Bergsteigen und auf Skitouren. Sie werden regelm\u00e4\u00dfig \u00fcberarbeitet und enthalten aktualisierte Informationen zu Wanderwegen, Rad- und Mountainbikestrecken, H\u00fctten, Naturdenkm\u00e4lern, kulturellen Sehensw\u00fcrdigkeiten und Freizeiteinrichtungen. Das beiliegende Informationsheft enth\u00e4lt eine Auswahl der besten Wanderwege, [&#8230;]\n","protected":false},"featured_media":26863,"template":"","meta":[],"product_brand":[],"product_cat":[21543],"product_tag":[],"class_list":{"0":"post-148462","1":"product","2":"type-product","3":"status-publish","4":"has-post-thumbnail","6":"product_cat-landkarten","7":"pa_autor-freytagberndt","8":"pa_erscheinungsjahr-21546","9":"pa_region-oesterreich","10":"pa_sprache-de","12":"first","13":"instock","14":"taxable","15":"shipping-taxable","16":"purchasable","17":"product-type-simple"},"_links":{"self":[{"href":"https:\/\/pizbube.ch\/en\/wp-json\/wp\/v2\/product\/148462","targetHints":{"allow":["GET"]}}],"collection":[{"href":"https:\/\/pizbube.ch\/en\/wp-json\/wp\/v2\/product"}],"about":[{"href":"https:\/\/pizbube.ch\/en\/wp-json\/wp\/v2\/types\/product"}],"wp:featuredmedia":[{"embeddable":true,"href":"https:\/\/pizbube.ch\/en\/wp-json\/wp\/v2\/media\/26863"}],"wp:attachment":[{"href":"https:\/\/pizbube.ch\/en\/wp-json\/wp\/v2\/media?parent=148462"}],"wp:term":[{"taxonomy":"product_brand","embeddable":true,"href":"https:\/\/pizbube.ch\/en\/wp-json\/wp\/v2\/product_brand?post=148462"},{"taxonomy":"product_cat","embeddable":true,"href":"https:\/\/pizbube.ch\/en\/wp-json\/wp\/v2\/product_cat?post=148462"},{"taxonomy":"product_tag","embeddable":true,"href":"https:\/\/pizbube.ch\/en\/wp-json\/wp\/v2\/product_tag?post=148462"}],"curies":[{"name":"wp","href":"https:\/\/api.w.org\/{rel}","templated":true}]}}