{"id":148463,"date":"2021-01-15T10:57:26","date_gmt":"2021-01-15T10:57:26","guid":{"rendered":"https:\/\/codengine3.ch\/?product=import-placeholder-for-207526"},"modified":"2025-11-21T09:48:23","modified_gmt":"2025-11-21T08:48:23","slug":"hinterer-bregenzerwald-kleines-walsertal-damuels-135000","status":"publish","type":"product","link":"https:\/\/pizbube.ch\/en\/shop\/hinterer-bregenzerwald-kleines-walsertal-damuels-135000\/","title":{"rendered":"Hinterer Bregenzerwald \u2013 Kleines Walsertal \u2013 Dam\u00fcls 1:35&#8217;000"},"content":{"rendered":"<p>WK 5364<\/p>\n<p><span class=\"value\">Die Wander-, Rad- und Freizeitkarte Kleinwalsertal bietet detaillierte Informationen \u00fcber die Wander- und Radwege im Kleinwalsertal und im Hinteren Bregenzerwald. Mit der Karte k\u00f6nnen Sie Ihre Wanderungen und Radtouren ideal planen und sich \u00fcber die Sehensw\u00fcrdigkeiten entlang der Route informieren.<\/span><\/p>\n<p>Informationen zur Wander- und Radkarte Kleinwalsertal 1:35.000<\/p>\n<ul>\n<li>Wander- und Weitwanderwege<\/li>\n<li>Mountainbike- und Radwege<\/li>\n<li>Schiroute, Langlaufloipen<\/li>\n<li>Rother App<\/li>\n<li>Wasserfest und rei\u00dffest<\/li>\n<li>82 x 69 cm, doppelseitig<\/li>\n<\/ul>\n<p>Rother App<br \/>\nDie verkn\u00fcpfte gratis Version der Rother App bietet eine digitale Karte mit den kompletten Wanderwegen sowie einige Beispieltouren in der Region (kostenlose Registrierung notwendig).<\/p>\n<p>Wasserfest und rei\u00dffest<br \/>\nDamit die Wanderkarte Kleinwalsertal auch an regnerischen Tagen zur Orientierung herangezogen werden kann, ist sie auf einem speziellen wasserfesten und widerstandsf\u00e4higen Papier gedruckt.<\/p>\n<p>&nbsp;<\/p>","protected":false},"excerpt":{"rendered":"<p>WK 5364 Die Wander-, Rad- und Freizeitkarte Kleinwalsertal bietet detaillierte Informationen \u00fcber die Wander- und Radwege im Kleinwalsertal und im Hinteren Bregenzerwald. Mit der Karte k\u00f6nnen Sie Ihre Wanderungen und Radtouren ideal planen und sich \u00fcber die Sehensw\u00fcrdigkeiten entlang der Route informieren. Informationen zur Wander- und Radkarte Kleinwalsertal 1:35.000 Wander- und Weitwanderwege Mountainbike- und Radwege [&#8230;]\n","protected":false},"featured_media":173413,"template":"","meta":[],"product_brand":[],"product_cat":[21543],"product_tag":[],"class_list":{"0":"post-148463","1":"product","2":"type-product","3":"status-publish","4":"has-post-thumbnail","6":"product_cat-landkarten","7":"pa_autor-freytag-berndt","8":"pa_erscheinungsjahr-27339","9":"pa_region-oesterreich","10":"pa_sprache-de","12":"first","13":"instock","14":"taxable","15":"shipping-taxable","16":"purchasable","17":"product-type-simple"},"_links":{"self":[{"href":"https:\/\/pizbube.ch\/en\/wp-json\/wp\/v2\/product\/148463","targetHints":{"allow":["GET"]}}],"collection":[{"href":"https:\/\/pizbube.ch\/en\/wp-json\/wp\/v2\/product"}],"about":[{"href":"https:\/\/pizbube.ch\/en\/wp-json\/wp\/v2\/types\/product"}],"wp:featuredmedia":[{"embeddable":true,"href":"https:\/\/pizbube.ch\/en\/wp-json\/wp\/v2\/media\/173413"}],"wp:attachment":[{"href":"https:\/\/pizbube.ch\/en\/wp-json\/wp\/v2\/media?parent=148463"}],"wp:term":[{"taxonomy":"product_brand","embeddable":true,"href":"https:\/\/pizbube.ch\/en\/wp-json\/wp\/v2\/product_brand?post=148463"},{"taxonomy":"product_cat","embeddable":true,"href":"https:\/\/pizbube.ch\/en\/wp-json\/wp\/v2\/product_cat?post=148463"},{"taxonomy":"product_tag","embeddable":true,"href":"https:\/\/pizbube.ch\/en\/wp-json\/wp\/v2\/product_tag?post=148463"}],"curies":[{"name":"wp","href":"https:\/\/api.w.org\/{rel}","templated":true}]}}