{"id":148465,"date":"2021-01-15T10:57:26","date_gmt":"2021-01-15T10:57:26","guid":{"rendered":"https:\/\/codengine3.ch\/?product=import-placeholder-for-205266"},"modified":"2021-01-15T14:39:56","modified_gmt":"2021-01-15T14:39:56","slug":"wanderkarte-fuerstentum-liechtenstein-125000","status":"publish","type":"product","link":"https:\/\/pizbube.ch\/en\/shop\/wanderkarte-fuerstentum-liechtenstein-125000\/","title":{"rendered":"Wanderkarte F\u00fcrstentum Liechtenstein 1:25&#8217;000"},"content":{"rendered":"<p>Ein ganzes Land auf einen Blick! Entdecken Sie Liechtenstein mit der neuen<br \/>\nWanderkarte (1:25&#8217;000).  <\/p>\n<p>Die Kartenseite beinhaltet das markierte Wanderwegnetz in Liechtenstein und im<br \/>\nangrenzenden Ausland, aber auch die Buslinien und Bushaltestellen der LBA. Im<br \/>\nWeiteren sind 14 erlebnisreiche Tourenvorschl\u00e4ge von leicht bis anspruchsvoll<br \/>\nsowohl im Tal als auch im Berggebiet aufgef\u00fchrt. Die R\u00fcckseite enth\u00e4lt viele<br \/>\nn\u00fctzliche Informationen rund ums Wandern.  <\/p>","protected":false},"excerpt":{"rendered":"<ul>\n<li><b>INFO: Vergriffen, keine Neuauflage\/Nachdruck<b><\/li>\n<\/ul>","protected":false},"featured_media":33925,"template":"","meta":[],"product_brand":[],"product_cat":[21543],"product_tag":[],"class_list":{"0":"post-148465","1":"product","2":"type-product","3":"status-publish","4":"has-post-thumbnail","6":"product_cat-landkarten","7":"pa_autor-swisstopo","8":"pa_erscheinungsjahr-21842","9":"pa_region-schweiz","10":"pa_sprache-de","12":"first","13":"outofstock","14":"taxable","15":"shipping-taxable","16":"purchasable","17":"product-type-simple"},"_links":{"self":[{"href":"https:\/\/pizbube.ch\/en\/wp-json\/wp\/v2\/product\/148465","targetHints":{"allow":["GET"]}}],"collection":[{"href":"https:\/\/pizbube.ch\/en\/wp-json\/wp\/v2\/product"}],"about":[{"href":"https:\/\/pizbube.ch\/en\/wp-json\/wp\/v2\/types\/product"}],"wp:featuredmedia":[{"embeddable":true,"href":"https:\/\/pizbube.ch\/en\/wp-json\/wp\/v2\/media\/33925"}],"wp:attachment":[{"href":"https:\/\/pizbube.ch\/en\/wp-json\/wp\/v2\/media?parent=148465"}],"wp:term":[{"taxonomy":"product_brand","embeddable":true,"href":"https:\/\/pizbube.ch\/en\/wp-json\/wp\/v2\/product_brand?post=148465"},{"taxonomy":"product_cat","embeddable":true,"href":"https:\/\/pizbube.ch\/en\/wp-json\/wp\/v2\/product_cat?post=148465"},{"taxonomy":"product_tag","embeddable":true,"href":"https:\/\/pizbube.ch\/en\/wp-json\/wp\/v2\/product_tag?post=148465"}],"curies":[{"name":"wp","href":"https:\/\/api.w.org\/{rel}","templated":true}]}}