{"id":148467,"date":"2021-01-15T10:57:26","date_gmt":"2021-01-15T10:57:26","guid":{"rendered":"https:\/\/codengine3.ch\/?product=import-placeholder-for-202993"},"modified":"2021-01-15T12:53:07","modified_gmt":"2021-01-15T12:53:07","slug":"grosses-walsertal","status":"publish","type":"product","link":"https:\/\/pizbube.ch\/en\/shop\/grosses-walsertal\/","title":{"rendered":"Grosses Walsertal"},"content":{"rendered":"<p>45 ausgew\u00e4hlte Wanderungen und Spazierg\u00e4nge im Herzen Vorarlbergs. Die<br \/>\nsch\u00f6nsten Tal- und H\u00f6henwanderungen. 59 Farbphot., 45 Freytag und Berndt-<br \/>\nWanderk\u00e4rtchen 1 : 50 000, je 1 Freytag und Berndt-\u00dcbersichtskte. 1 : 100 000<br \/>\nu. 1 : 250 000  <\/p>","protected":false},"excerpt":{"rendered":"<p>45 ausgew\u00e4hlte Wanderungen und Spazierg\u00e4nge im Herzen Vorarlbergs. Die sch\u00f6nsten Tal- und H\u00f6henwanderungen. 59 Farbphot., 45 Freytag und Berndt- Wanderk\u00e4rtchen 1 : 50 000, je 1 Freytag und Berndt-\u00dcbersichtskte. 1 : 100 000 u. 1 : 250 000<\/p>","protected":false},"featured_media":30498,"template":"","meta":[],"product_brand":[],"product_cat":[21605],"product_tag":[],"class_list":{"0":"post-148467","1":"product","2":"type-product","3":"status-publish","4":"has-post-thumbnail","6":"product_cat-wanderfuehrer-trekking","7":"pa_autor-heine","8":"pa_erscheinungsjahr-22137","9":"pa_region-oesterreich","10":"pa_sprache-de","12":"first","13":"instock","14":"taxable","15":"shipping-taxable","16":"purchasable","17":"product-type-simple"},"_links":{"self":[{"href":"https:\/\/pizbube.ch\/en\/wp-json\/wp\/v2\/product\/148467","targetHints":{"allow":["GET"]}}],"collection":[{"href":"https:\/\/pizbube.ch\/en\/wp-json\/wp\/v2\/product"}],"about":[{"href":"https:\/\/pizbube.ch\/en\/wp-json\/wp\/v2\/types\/product"}],"wp:featuredmedia":[{"embeddable":true,"href":"https:\/\/pizbube.ch\/en\/wp-json\/wp\/v2\/media\/30498"}],"wp:attachment":[{"href":"https:\/\/pizbube.ch\/en\/wp-json\/wp\/v2\/media?parent=148467"}],"wp:term":[{"taxonomy":"product_brand","embeddable":true,"href":"https:\/\/pizbube.ch\/en\/wp-json\/wp\/v2\/product_brand?post=148467"},{"taxonomy":"product_cat","embeddable":true,"href":"https:\/\/pizbube.ch\/en\/wp-json\/wp\/v2\/product_cat?post=148467"},{"taxonomy":"product_tag","embeddable":true,"href":"https:\/\/pizbube.ch\/en\/wp-json\/wp\/v2\/product_tag?post=148467"}],"curies":[{"name":"wp","href":"https:\/\/api.w.org\/{rel}","templated":true}]}}