{"id":148468,"date":"2021-01-15T10:57:26","date_gmt":"2021-01-15T10:57:26","guid":{"rendered":"https:\/\/codengine3.ch\/?product=import-placeholder-for-200426"},"modified":"2021-01-15T10:57:29","modified_gmt":"2021-01-15T10:57:29","slug":"wanderregion-ossola-und-simplon","status":"publish","type":"product","link":"https:\/\/pizbube.ch\/en\/shop\/wanderregion-ossola-und-simplon\/","title":{"rendered":"Wanderregion Ossola und Simplon"},"content":{"rendered":"<p>40 Touren zwischen Brig, Monte Rosa und Lago Maggiore  <\/p>\n<p>Die sieben Ossola-T\u00e4ler z\u00e4hlen zu den sch\u00f6nsten Landschaften der Alpen. Sie<br \/>\nliegen vor der Schweizer Haust\u00fcr und sind &#8211; bis auf wenige bekannte<br \/>\nAttraktionen wie die Alpe Devero &#8211; zu einem grossen Teil noch unentdeckt.<br \/>\nZahlreiche, teils nur selten begangene P\u00e4sse verbinden die Region mit der<br \/>\nSchweiz. Einsame Seen, Wildb\u00e4che, Felsen und L\u00e4rchenw\u00e4lder machen sie zu einem<br \/>\nwunderbaren Wandergebiet zwischen dem Simplon, dem Monte Rosa und dem Lago<br \/>\nMaggiore.  <\/p>\n<p>Der reich bebilderte Wanderf\u00fchrer pr\u00e4sentiert rund vierzig leichte bis<br \/>\nmittelschwere Touren ins n\u00f6rdlichste Piemont. Sie sind gut per Bus und Bahn<br \/>\nerreichbar, eignen sich als Tagestouren, lassen sich aber auch zu<br \/>\nWeitwanderungen zusammenschliessen. Hintergrundartikel informieren fundiert<br \/>\n\u00fcber Kultur und Geschichte der Region. So erfahren wir Wissenswertes \u00fcber die<br \/>\nSchmuggler und ihre Pfade, \u00fcber die Walser, den Weinbau oder wie der<br \/>\nSimplontunnel gerettet wurde.  <\/p>\n<p>Gebunden; 246 Seiten  <\/p>","protected":false},"excerpt":{"rendered":"<p>40 Touren zwischen Brig, Monte Rosa und Lago Maggiore Die sieben Ossola-T\u00e4ler z\u00e4hlen zu den sch\u00f6nsten Landschaften der Alpen. Sie liegen vor der Schweizer Haust\u00fcr und sind &#8211; bis auf wenige bekannte Attraktionen wie die Alpe Devero &#8211; zu einem grossen Teil noch unentdeckt. Zahlreiche, teils nur selten begangene P\u00e4sse verbinden die Region mit der [&#8230;]\n","protected":false},"featured_media":26864,"template":"","meta":[],"product_brand":[],"product_cat":[21605],"product_tag":[],"class_list":{"0":"post-148468","1":"product","2":"type-product","3":"status-publish","4":"has-post-thumbnail","6":"product_cat-wanderfuehrer-trekking","7":"pa_autor-krebs","8":"pa_erscheinungsjahr-21586","9":"pa_region-schweiz","10":"pa_sprache-de","12":"first","13":"instock","14":"taxable","15":"shipping-taxable","16":"purchasable","17":"product-type-simple"},"_links":{"self":[{"href":"https:\/\/pizbube.ch\/en\/wp-json\/wp\/v2\/product\/148468","targetHints":{"allow":["GET"]}}],"collection":[{"href":"https:\/\/pizbube.ch\/en\/wp-json\/wp\/v2\/product"}],"about":[{"href":"https:\/\/pizbube.ch\/en\/wp-json\/wp\/v2\/types\/product"}],"wp:featuredmedia":[{"embeddable":true,"href":"https:\/\/pizbube.ch\/en\/wp-json\/wp\/v2\/media\/26864"}],"wp:attachment":[{"href":"https:\/\/pizbube.ch\/en\/wp-json\/wp\/v2\/media?parent=148468"}],"wp:term":[{"taxonomy":"product_brand","embeddable":true,"href":"https:\/\/pizbube.ch\/en\/wp-json\/wp\/v2\/product_brand?post=148468"},{"taxonomy":"product_cat","embeddable":true,"href":"https:\/\/pizbube.ch\/en\/wp-json\/wp\/v2\/product_cat?post=148468"},{"taxonomy":"product_tag","embeddable":true,"href":"https:\/\/pizbube.ch\/en\/wp-json\/wp\/v2\/product_tag?post=148468"}],"curies":[{"name":"wp","href":"https:\/\/api.w.org\/{rel}","templated":true}]}}