{"id":148469,"date":"2021-01-15T10:57:26","date_gmt":"2021-01-15T10:57:26","guid":{"rendered":"https:\/\/codengine3.ch\/?product=import-placeholder-for-207532"},"modified":"2023-07-13T11:10:56","modified_gmt":"2023-07-13T09:10:56","slug":"schicksal-am-piz-orsalia","status":"publish","type":"product","link":"https:\/\/pizbube.ch\/en\/shop\/schicksal-am-piz-orsalia\/","title":{"rendered":"Schicksal am Piz Orsalia"},"content":{"rendered":"<p>Der Roman \u201eSchicksal am Piz Orsalia\u201c spielt gegen Ende des Zweiten Weltkriegs<br \/>\nim Tessin, dem s\u00fcdlichen, italienischsprachigen Kanton der Schweiz. Am oberen<br \/>\nEnde eines Seitentals zur Maggia liegt abgelegen der Ort Bosco Gurin, ein<br \/>\nWalserdorf, in dem die Leute einen altert\u00fcmlichen deutschen Dialekt sprechen.<\/p>\n<p>Dort tun zwei B\u00fcndner Grenzw\u00e4chter Dienst. Oswald Jenzer, der ein<br \/>\nArchitekturstudium abgebrochen hat, und Peider Capun. Sie haben mit<br \/>\nSchmugglerbanden vor allem aus dem italienischen Val d\u2019Ossola zu schaffen. Auf<br \/>\neinem einsamen Gang trifft Peider Capun zwei weitere Protagonisten: den<br \/>\nSchmuggler Silvio Casari und einen K\u00e4fersammler namens Paul Aebi. Als<br \/>\nKellnerin im \u201eEdelwei\u00df\u201c ist Enrica angestellt, die Schwester von Silvio<br \/>\nCasari, die mit ihrer greisen Tante, \u201eJungfer Anna Elzi\u201c, im \u201eN\u00e4schtschi\u201c<br \/>\nwohnt und dort ein Fremdenzimmer vermietet, unter anderem an die<br \/>\ngriechischst\u00e4mmige Medeia von Gunten, Frau von Bendicht von Gunten.<\/p>\n<p>Das ganze Dorf aber wartet auf die gro\u00dfe Lawine, die etwa alle siebzig Jahre<br \/>\neinmal das Tal versch\u00fcttet. Als die SS auf j\u00fcdische Fl\u00fcchtlinge schiesst,<br \/>\nm\u00fcssen die Menschen Stellung beziehen. Die Fragen nach Krieg, Flucht und dem<br \/>\nSchicksal des Einzelnen in schweren Zeiten werden f\u00fcr die Schweiz in<br \/>\ndringlicher Art gestellt. Sie sind heute wieder g\u00fcltig und geben diesem Roman<br \/>\nvon Gustav Renker eine bedr\u00fcckende Aktualit\u00e4t.<\/p>","protected":false},"excerpt":{"rendered":"<p>Der Roman \u201eSchicksal am Piz Orsalia\u201c spielt gegen Ende des Zweiten Weltkriegs im Tessin, dem s\u00fcdlichen, italienischsprachigen Kanton der Schweiz. Am oberen Ende eines Seitentals zur Maggia liegt abgelegen der Ort Bosco Gurin, ein Walserdorf, in dem die Leute einen altert\u00fcmlichen deutschen Dialekt sprechen. Dort tun zwei B\u00fcndner Grenzw\u00e4chter Dienst. Oswald Jenzer, der ein Architekturstudium [&#8230;]\n","protected":false},"featured_media":37737,"template":"","meta":[],"product_brand":[],"product_cat":[21629],"product_tag":[],"class_list":{"0":"post-148469","1":"product","2":"type-product","3":"status-publish","4":"has-post-thumbnail","6":"product_cat-belletristik","7":"pa_autor-renker","8":"pa_erscheinungsjahr-21571","9":"pa_region-schweiz","10":"pa_sprache-de","12":"first","13":"onbackorder","14":"taxable","15":"shipping-taxable","16":"purchasable","17":"product-type-simple"},"_links":{"self":[{"href":"https:\/\/pizbube.ch\/en\/wp-json\/wp\/v2\/product\/148469","targetHints":{"allow":["GET"]}}],"collection":[{"href":"https:\/\/pizbube.ch\/en\/wp-json\/wp\/v2\/product"}],"about":[{"href":"https:\/\/pizbube.ch\/en\/wp-json\/wp\/v2\/types\/product"}],"wp:featuredmedia":[{"embeddable":true,"href":"https:\/\/pizbube.ch\/en\/wp-json\/wp\/v2\/media\/37737"}],"wp:attachment":[{"href":"https:\/\/pizbube.ch\/en\/wp-json\/wp\/v2\/media?parent=148469"}],"wp:term":[{"taxonomy":"product_brand","embeddable":true,"href":"https:\/\/pizbube.ch\/en\/wp-json\/wp\/v2\/product_brand?post=148469"},{"taxonomy":"product_cat","embeddable":true,"href":"https:\/\/pizbube.ch\/en\/wp-json\/wp\/v2\/product_cat?post=148469"},{"taxonomy":"product_tag","embeddable":true,"href":"https:\/\/pizbube.ch\/en\/wp-json\/wp\/v2\/product_tag?post=148469"}],"curies":[{"name":"wp","href":"https:\/\/api.w.org\/{rel}","templated":true}]}}