{"id":148470,"date":"2021-01-15T10:57:26","date_gmt":"2021-01-15T10:57:26","guid":{"rendered":"https:\/\/codengine3.ch\/?product=import-placeholder-for-203425"},"modified":"2024-09-07T14:34:01","modified_gmt":"2024-09-07T12:34:01","slug":"ossola-zwischen-lago-maggiore-monte-rosa-und-nufenenpass","status":"publish","type":"product","link":"https:\/\/pizbube.ch\/en\/shop\/ossola-zwischen-lago-maggiore-monte-rosa-und-nufenenpass\/","title":{"rendered":"Ossola &#8211; Zwischen Lago Maggiore, Monte Rosa und Nufenenpass"},"content":{"rendered":"<p><span class=\"value\">Ein echter Geheimtipp: Im Ossola, der kleinsten Ecke Italiens zwischen Tessin und Wallis, finden sich unber\u00fchrte Natur und Wildnis, Stille und Einsamkeit, die in Mitteleuropa ihresgleichen suchen. Eine \u00fcberw\u00e4ltigende Berglandschaft verbindet die Region zwischen dem mediterranen Lago Maggiore und dem ewigen Eis des Monte Rosa. Der Rother Wanderf\u00fchrer \u00bbOssola\u00ab entf\u00fchrt mit 54 Touren in dieses abwechslungsreiche und gleichzeitig einsame Wandergebiet der Alpen.<\/span><\/p>\n<p>Von der Wanderung zum Bergdorf auf historischen Maultierpfaden bis zur wilden Gipfelbesteigung ist alles dabei. Paradiesisch sind die Wanderungen in die Naturparks von Alpe Veglia und Alpe Devero. Malerische Orte wie Cusio, Domodossola und Verbano lassen sich unterwegs besichtigen. Es geht vorbei an halb verfallenen Palazzi und Bauernh\u00f6fen, durch vom Wald eroberte Weinberge und alte Weidelandschaften. Die Wanderungen im Ossola f\u00fchren in italienische Berglandschaften von Piemont und Lombardei, wie sie sch\u00f6ner kaum sein k\u00f6nnten. Es sind wahre Entdeckungsreisen durch die fast in Vergessenheit geratene Region, die von Palmen am Lago Maggiore im S\u00fcden bis zu Gletschern des Monte Rosa im Norden reicht.<\/p>\n<p>Zuverl\u00e4ssige Wegbeschreibungen, detaillierte Informationen zu Anforderungen sowie aussagekr\u00e4ftige H\u00f6henprofile und detaillierte Kartenausschnitte machen alle Tourenvorschl\u00e4ge im Rother Wanderf\u00fchrer Ossola leicht und sicher nachvollziehbar. Gepr\u00fcfte GPS-Tracks, die zum Download von der Internetseite des Bergverlag Rother bereitstehen, sorgen f\u00fcr eine einfache Orientierung. Viele Tipps zur Anreise mit \u00f6ffentlichen Verkehrsmitteln, zu Einkehr und Unterkunft machen den Wanderurlaub im Ossolatal perfekt.<\/p>\n<p>5. neu bearbeitete und erweiterte Auflage 2024<br \/>\n272 Seiten<br \/>\n54 H\u00f6henprofile, 54 Wanderk\u00e4rtchen im Ma\u00dfstab 1:50.000\/1:75.000,<br \/>\nzwei \u00dcbersichtskarten im Ma\u00dfstab 1:500.000 und 1:700.000, GPS-Tracks zum Download<\/p>","protected":false},"excerpt":{"rendered":"<p>Ein echter Geheimtipp: Im Ossola, der kleinsten Ecke Italiens zwischen Tessin und Wallis, finden sich unber\u00fchrte Natur und Wildnis, Stille und Einsamkeit, die in Mitteleuropa ihresgleichen suchen. Eine \u00fcberw\u00e4ltigende Berglandschaft verbindet die Region zwischen dem mediterranen Lago Maggiore und dem ewigen Eis des Monte Rosa. Der Rother Wanderf\u00fchrer \u00bbOssola\u00ab entf\u00fchrt mit 54 Touren in dieses [&#8230;]\n","protected":false},"featured_media":173282,"template":"","meta":[],"product_brand":[],"product_cat":[21605],"product_tag":[27056],"class_list":{"0":"post-148470","1":"product","2":"type-product","3":"status-publish","4":"has-post-thumbnail","6":"product_cat-wanderfuehrer-trekking","7":"product_tag-domodossola","8":"pa_autor-shaw","9":"pa_erscheinungsjahr-27339","10":"pa_region-italien","11":"pa_sprache-de","13":"first","14":"instock","15":"taxable","16":"shipping-taxable","17":"purchasable","18":"product-type-simple"},"_links":{"self":[{"href":"https:\/\/pizbube.ch\/en\/wp-json\/wp\/v2\/product\/148470","targetHints":{"allow":["GET"]}}],"collection":[{"href":"https:\/\/pizbube.ch\/en\/wp-json\/wp\/v2\/product"}],"about":[{"href":"https:\/\/pizbube.ch\/en\/wp-json\/wp\/v2\/types\/product"}],"wp:featuredmedia":[{"embeddable":true,"href":"https:\/\/pizbube.ch\/en\/wp-json\/wp\/v2\/media\/173282"}],"wp:attachment":[{"href":"https:\/\/pizbube.ch\/en\/wp-json\/wp\/v2\/media?parent=148470"}],"wp:term":[{"taxonomy":"product_brand","embeddable":true,"href":"https:\/\/pizbube.ch\/en\/wp-json\/wp\/v2\/product_brand?post=148470"},{"taxonomy":"product_cat","embeddable":true,"href":"https:\/\/pizbube.ch\/en\/wp-json\/wp\/v2\/product_cat?post=148470"},{"taxonomy":"product_tag","embeddable":true,"href":"https:\/\/pizbube.ch\/en\/wp-json\/wp\/v2\/product_tag?post=148470"}],"curies":[{"name":"wp","href":"https:\/\/api.w.org\/{rel}","templated":true}]}}