{"id":148471,"date":"2021-01-15T10:57:26","date_gmt":"2021-01-15T10:57:26","guid":{"rendered":"https:\/\/codengine3.ch\/?product=import-placeholder-for-206535"},"modified":"2023-12-15T12:00:03","modified_gmt":"2023-12-15T11:00:03","slug":"alp-himmelhoch-erdenschoen","status":"publish","type":"product","link":"https:\/\/pizbube.ch\/en\/shop\/alp-himmelhoch-erdenschoen\/","title":{"rendered":"Alp himmelhoch &#8211; erdensch\u00f6n"},"content":{"rendered":"<p>Martin Bienerth hat w\u00e4hrend seiner zwanzig Alpsommer und zehn Sennereijahren<br \/>\nviele stimmungsvolle Fotos gemacht, die er in seinem eigenen Postkartenverlag<br \/>\nerfolgreich verlegt. Sie spiegeln das Leben auf der Alp, wo man dem Himmel<br \/>\nviel n\u00e4her und mit der Erde und den Tieren, den Pflanzen und den Menschen<br \/>\nst\u00e4rker verbunden ist. Die kurzen Texte zu den Bildern, geschrieben in<br \/>\nemotional ber\u00fchrenden Momenten, wie es sie auf der Alp zuhauf gibt, sind<br \/>\npers\u00f6nliche Wortspuren, die dem Betrachter gen\u00fcgend Freiraum f\u00fcr eigene<br \/>\nGedankenwege und Tr\u00e4ume lassen. Der Autor &#8211; Martin Bienerth, dipl. Ingenieur-<br \/>\nAgronom, ist Autor, freier Journalist und Bildjournalist zu den Themen<br \/>\nAlpwirtschaft, Milchwirtschaft und Berglandwirtschaft. Zwanzig Alpsommer<br \/>\nverbrachte er auf verschiedenen Schweizer Alpen. Seit 2001 ist er zusammen mit<br \/>\nseiner Frau Maria Meyer P\u00e4chter der Sennerei in Andeer, in welcher die beiden<br \/>\nweltmeisterliche K\u00e4se herstellen.<\/p>\n<p>Aus dem Inhalt: Alpalltag &#8211; eine Einf\u00fchrung in die besonderen Bedingungen des<br \/>\nLebens auf der Alp &#8211; 60 grossformatige Alpbilder mit kurzen Texten<\/p>","protected":false},"excerpt":{"rendered":"<p>Martin Bienerth hat w\u00e4hrend seiner zwanzig Alpsommer und zehn Sennereijahren viele stimmungsvolle Fotos gemacht, die er in seinem eigenen Postkartenverlag erfolgreich verlegt. Sie spiegeln das Leben auf der Alp, wo man dem Himmel viel n\u00e4her und mit der Erde und den Tieren, den Pflanzen und den Menschen st\u00e4rker verbunden ist. Die kurzen Texte zu den [&#8230;]\n","protected":false},"featured_media":35592,"template":"","meta":[],"product_brand":[],"product_cat":[21542],"product_tag":[],"class_list":{"0":"post-148471","1":"product","2":"type-product","3":"status-publish","4":"has-post-thumbnail","6":"product_cat-sachbuecher-dokumentationen","7":"pa_autor-bienerth","8":"pa_erscheinungsjahr-21610","9":"pa_region-schweiz","10":"pa_sprache-de","12":"first","13":"outofstock","14":"taxable","15":"shipping-taxable","16":"purchasable","17":"product-type-simple"},"_links":{"self":[{"href":"https:\/\/pizbube.ch\/en\/wp-json\/wp\/v2\/product\/148471","targetHints":{"allow":["GET"]}}],"collection":[{"href":"https:\/\/pizbube.ch\/en\/wp-json\/wp\/v2\/product"}],"about":[{"href":"https:\/\/pizbube.ch\/en\/wp-json\/wp\/v2\/types\/product"}],"wp:featuredmedia":[{"embeddable":true,"href":"https:\/\/pizbube.ch\/en\/wp-json\/wp\/v2\/media\/35592"}],"wp:attachment":[{"href":"https:\/\/pizbube.ch\/en\/wp-json\/wp\/v2\/media?parent=148471"}],"wp:term":[{"taxonomy":"product_brand","embeddable":true,"href":"https:\/\/pizbube.ch\/en\/wp-json\/wp\/v2\/product_brand?post=148471"},{"taxonomy":"product_cat","embeddable":true,"href":"https:\/\/pizbube.ch\/en\/wp-json\/wp\/v2\/product_cat?post=148471"},{"taxonomy":"product_tag","embeddable":true,"href":"https:\/\/pizbube.ch\/en\/wp-json\/wp\/v2\/product_tag?post=148471"}],"curies":[{"name":"wp","href":"https:\/\/api.w.org\/{rel}","templated":true}]}}