{"id":148472,"date":"2021-01-15T10:57:26","date_gmt":"2021-01-15T10:57:26","guid":{"rendered":"https:\/\/codengine3.ch\/?product=import-placeholder-for-201394"},"modified":"2025-08-14T12:27:26","modified_gmt":"2025-08-14T10:27:26","slug":"neues-handbuch-alp","status":"publish","type":"product","link":"https:\/\/pizbube.ch\/en\/shop\/neues-handbuch-alp\/","title":{"rendered":"Neues Handbuch Alp"},"content":{"rendered":"<p>Die legend\u00e4re \u00c4lplerbibel.<\/p>\n<p>Handfestes f\u00fcr Alpleute, Erstaunliches f\u00fcr Zaung\u00e4ste- spannendes Handbuch!<br \/>\nGute Fachb\u00fccher f\u00fcr die Praktiker sind aber Mangelware. Das Handbuch Alp ist<br \/>\nein wertvolles Buch f\u00fcr Einsteiger und Routiniers in alpwirtschaftlichen<br \/>\nFunktionen (Sennen, Hirten, Gehilfen). Ausserdem ist es aber ein literarischer<br \/>\nGenuss f\u00fcr Berg- und Alpenbegeisterte sowie f\u00fcr all jene, die ihren Bedarf an<br \/>\nHeimatgef\u00fchl nicht mit dem Kauf eines Chueli-beschlagenen Hosengurtes<br \/>\nabdecken.<\/p>\n<p>\u00dcber 50 AutorInnen und FotografInnen bringen im Neuen Handbuch Alp ihr Wissen<br \/>\nein, vermitteln praktische Tipps und sinnieren \u00fcber das Leben oberhalb der<br \/>\nWaldgrenze. Oft mit einem Augenzwinkern, immer aus der eigenen Erfahrung<br \/>\nheraus, griffig, kompetent, \u00fcberraschend. Ein Buch, das quietscht wie ein Mund<br \/>\nvoll trockener K\u00e4sek\u00f6rner und dampft wie ein Kuhfladen in der Morgenfrische.<br \/>\nEin Buch f\u00fcr 100 Tage Alp oder eine durchwachte Nacht.<\/p>\n<p>512 Seiten, viele Bilder und Illustrationen; 3. neue, \u00fcberarbeitete und<br \/>\nerweiterte Auflg. 2012<\/p>","protected":false},"excerpt":{"rendered":"<ul>\n<li><strong><a href=\"https:\/\/pizbube.ch\/wp-content\/uploads\/attachments\/a_028\/C65D67C6F6130D51E463FE6754332996.pdf\" target=\"_blank\" rel=\"noopener\">PDF: Handbuch Alp_Inhalt.pdf<\/a><\/strong><\/li>\n<\/ul>","protected":false},"featured_media":171807,"template":"","meta":[],"product_brand":[],"product_cat":[21542],"product_tag":[],"class_list":{"0":"post-148472","1":"product","2":"type-product","3":"status-publish","4":"has-post-thumbnail","6":"product_cat-sachbuecher-dokumentationen","7":"pa_autor-hoesli-schuler","8":"pa_erscheinungsjahr-21621","9":"pa_region-schweiz","10":"pa_sprache-de","12":"first","13":"instock","14":"taxable","15":"shipping-taxable","16":"purchasable","17":"product-type-simple"},"_links":{"self":[{"href":"https:\/\/pizbube.ch\/en\/wp-json\/wp\/v2\/product\/148472","targetHints":{"allow":["GET"]}}],"collection":[{"href":"https:\/\/pizbube.ch\/en\/wp-json\/wp\/v2\/product"}],"about":[{"href":"https:\/\/pizbube.ch\/en\/wp-json\/wp\/v2\/types\/product"}],"wp:featuredmedia":[{"embeddable":true,"href":"https:\/\/pizbube.ch\/en\/wp-json\/wp\/v2\/media\/171807"}],"wp:attachment":[{"href":"https:\/\/pizbube.ch\/en\/wp-json\/wp\/v2\/media?parent=148472"}],"wp:term":[{"taxonomy":"product_brand","embeddable":true,"href":"https:\/\/pizbube.ch\/en\/wp-json\/wp\/v2\/product_brand?post=148472"},{"taxonomy":"product_cat","embeddable":true,"href":"https:\/\/pizbube.ch\/en\/wp-json\/wp\/v2\/product_cat?post=148472"},{"taxonomy":"product_tag","embeddable":true,"href":"https:\/\/pizbube.ch\/en\/wp-json\/wp\/v2\/product_tag?post=148472"}],"curies":[{"name":"wp","href":"https:\/\/api.w.org\/{rel}","templated":true}]}}