{"id":148474,"date":"2021-01-15T10:57:26","date_gmt":"2021-01-15T10:57:26","guid":{"rendered":"https:\/\/codengine3.ch\/?product=import-placeholder-for-206899"},"modified":"2021-01-15T14:53:08","modified_gmt":"2021-01-15T14:53:08","slug":"urnerboden","status":"publish","type":"product","link":"https:\/\/pizbube.ch\/en\/shop\/urnerboden\/","title":{"rendered":"Urnerboden"},"content":{"rendered":"<p>Der Schweizer Fotograf Christof Hirtler, der sich vor allem durch Reportagen<br \/>\neinen Namen gemacht hat, hat seiner Liebe zum Urnerboden (das sind die im<br \/>\nBesitz der Korporation Uri im gleichnamigen Kanton befindlichen Fl\u00e4chen, die<br \/>\nvor allem aus gemeinsam bewirtschafteten Almen bestehen) ein Buch gewidmet. Er<br \/>\nhat Gespr\u00e4che mit 33 \u00c4lplern und \u00c4lplerinnen gef\u00fchrt, er hat den Lebensalltag<br \/>\nvon Menschen und Tieren rund ums Jahr fotografiert, er hat ihre Namen und<br \/>\nBegriffe ausgezeichnet und aus all dem ein grafisch buntes Gesamtkunstwerk<br \/>\nkomponiert.  <\/p>\n<p>Leben auf der Alp! Auf dem Urnerboden und im Sch\u00e4chental. Wie ist das heute?<br \/>\nUnd wie war das gestern? Mit einem Nebenjob in der Munitionsfabrik Altdorf.<br \/>\nMit Milchpreisen von 17 Rappen pro Liter. Mit einem Kassenb\u00fcchlein, auf dem<br \/>\nbei der Heirat gerade mal 32 Franken lagen! Von derlei ist im neuen Buch<br \/>\n&#8218;Urnerboden&#8216; von Christof Hirtler die Rede. Zu Wort kommen \u00c4lplerinnen und<br \/>\n\u00c4lpler, sie erz\u00e4hlen aus ihrem Leben auf der Alp. &#8218;Urnerboden&#8216; ist kein<br \/>\nnostalgisch verkl\u00e4rtes Buch, und es ist kein touristischer Werbeprospekt. Es<br \/>\nist vielmehr eine ber\u00fchrende Dokumentation \u00fcber das &#8218;ganz normale&#8216; Leben auf<br \/>\nder Alp.<\/p>\n<p>\u00abAcht Kinder schliefen oben in der Kammer, in vier Betten. Das Kleinste war<br \/>\nnachts bei den Eltern im Stubli ? im w\u00e4rmsten Raum. Mutter heizte den ganzen<br \/>\nTag, Vater hatte Schnee an die Hausw\u00e4nde gepflastert. Das isolierte.\u00bb Von<br \/>\ndiesen kargen Lebensbedingungen auf der Heimkuhweide \u00c4sch in Untersch\u00e4chen<br \/>\nerz\u00e4hlt der Bauer und \u00c4lpler Ambros Arnold Bis kurz vor Weihnachten wurde<br \/>\njeweils das Heu den Tieren verf\u00fcttert, bevor die Familie ins H\u00e4im\u00e4<br \/>\nBielenhofstatt nach Untersch\u00e4chen zog. Damit z\u00fcgelte die Familie das letzte<br \/>\nMal im Jahr, bevor es im Fr\u00fchling wieder bergw\u00e4rts ging nach \u00c4sch, auf den<br \/>\nUrnerboden und nach Wannelen.<\/p>","protected":false},"excerpt":{"rendered":"<p>Der Schweizer Fotograf Christof Hirtler, der sich vor allem durch Reportagen einen Namen gemacht hat, hat seiner Liebe zum Urnerboden (das sind die im Besitz der Korporation Uri im gleichnamigen Kanton befindlichen Fl\u00e4chen, die vor allem aus gemeinsam bewirtschafteten Almen bestehen) ein Buch gewidmet. Er hat Gespr\u00e4che mit 33 \u00c4lplern und \u00c4lplerinnen gef\u00fchrt, er hat [&#8230;]\n","protected":false},"featured_media":36372,"template":"","meta":[],"product_brand":[],"product_cat":[21542],"product_tag":[],"class_list":{"0":"post-148474","1":"product","2":"type-product","3":"status-publish","4":"has-post-thumbnail","6":"product_cat-sachbuecher-dokumentationen","7":"pa_autor-hirtler","8":"pa_erscheinungsjahr-21621","9":"pa_region-schweiz","10":"pa_sprache-de","12":"first","13":"instock","14":"taxable","15":"shipping-taxable","16":"purchasable","17":"product-type-simple"},"_links":{"self":[{"href":"https:\/\/pizbube.ch\/en\/wp-json\/wp\/v2\/product\/148474","targetHints":{"allow":["GET"]}}],"collection":[{"href":"https:\/\/pizbube.ch\/en\/wp-json\/wp\/v2\/product"}],"about":[{"href":"https:\/\/pizbube.ch\/en\/wp-json\/wp\/v2\/types\/product"}],"wp:featuredmedia":[{"embeddable":true,"href":"https:\/\/pizbube.ch\/en\/wp-json\/wp\/v2\/media\/36372"}],"wp:attachment":[{"href":"https:\/\/pizbube.ch\/en\/wp-json\/wp\/v2\/media?parent=148474"}],"wp:term":[{"taxonomy":"product_brand","embeddable":true,"href":"https:\/\/pizbube.ch\/en\/wp-json\/wp\/v2\/product_brand?post=148474"},{"taxonomy":"product_cat","embeddable":true,"href":"https:\/\/pizbube.ch\/en\/wp-json\/wp\/v2\/product_cat?post=148474"},{"taxonomy":"product_tag","embeddable":true,"href":"https:\/\/pizbube.ch\/en\/wp-json\/wp\/v2\/product_tag?post=148474"}],"curies":[{"name":"wp","href":"https:\/\/api.w.org\/{rel}","templated":true}]}}