{"id":148484,"date":"2021-01-15T10:57:27","date_gmt":"2021-01-15T10:57:27","guid":{"rendered":"https:\/\/codengine3.ch\/?product=import-placeholder-for-208417"},"modified":"2021-06-08T10:47:46","modified_gmt":"2021-06-08T08:47:46","slug":"armenien-1250000","status":"publish","type":"product","link":"https:\/\/pizbube.ch\/en\/shop\/armenien-1250000\/","title":{"rendered":"Armenien 1:250&#8217;000"},"content":{"rendered":"<p>Armenien (1:250.000) &#8211; Umfasst Armenien, Aserbaidschan und Georgien.<\/p>\n<p>Ma\u00dfstab: 1:250000<br \/>\nH\u00f6he ungefalzt: 70cm<br \/>\nBreite ungefalzt: 100cm<br \/>\nAusstattung: Format: ca. 70&#215;100 cm, 2-seitig, Material: PolyArt (rei\u00df- und<br \/>\nwasserfest, beschreibbar), Umschlag aus Pappe (Karte kann herausgenommen und<br \/>\nohne Umschlag benutzt werden) 1. Auflage 2015<\/p>","protected":false},"excerpt":{"rendered":"<p>Armenien (1:250.000) &#8211; Umfasst Armenien, Aserbaidschan und Georgien. Ma\u00dfstab: 1:250000 H\u00f6he ungefalzt: 70cm Breite ungefalzt: 100cm Ausstattung: Format: ca. 70&#215;100 cm, 2-seitig, Material: PolyArt (rei\u00df- und wasserfest, beschreibbar), Umschlag aus Pappe (Karte kann herausgenommen und ohne Umschlag benutzt werden) 1. Auflage 2015<\/p>","protected":false},"featured_media":157498,"template":"","meta":[],"product_brand":[],"product_cat":[21543],"product_tag":[],"class_list":{"0":"post-148484","1":"product","2":"type-product","3":"status-publish","4":"has-post-thumbnail","6":"product_cat-landkarten","7":"pa_autor-rump","8":"pa_erscheinungsjahr-21597","9":"pa_region-osteuropa","10":"pa_sprache-de","12":"first","13":"instock","14":"taxable","15":"shipping-taxable","16":"purchasable","17":"product-type-simple"},"_links":{"self":[{"href":"https:\/\/pizbube.ch\/en\/wp-json\/wp\/v2\/product\/148484","targetHints":{"allow":["GET"]}}],"collection":[{"href":"https:\/\/pizbube.ch\/en\/wp-json\/wp\/v2\/product"}],"about":[{"href":"https:\/\/pizbube.ch\/en\/wp-json\/wp\/v2\/types\/product"}],"wp:featuredmedia":[{"embeddable":true,"href":"https:\/\/pizbube.ch\/en\/wp-json\/wp\/v2\/media\/157498"}],"wp:attachment":[{"href":"https:\/\/pizbube.ch\/en\/wp-json\/wp\/v2\/media?parent=148484"}],"wp:term":[{"taxonomy":"product_brand","embeddable":true,"href":"https:\/\/pizbube.ch\/en\/wp-json\/wp\/v2\/product_brand?post=148484"},{"taxonomy":"product_cat","embeddable":true,"href":"https:\/\/pizbube.ch\/en\/wp-json\/wp\/v2\/product_cat?post=148484"},{"taxonomy":"product_tag","embeddable":true,"href":"https:\/\/pizbube.ch\/en\/wp-json\/wp\/v2\/product_tag?post=148484"}],"curies":[{"name":"wp","href":"https:\/\/api.w.org\/{rel}","templated":true}]}}