{"id":148490,"date":"2021-01-15T10:57:27","date_gmt":"2021-01-15T10:57:27","guid":{"rendered":"https:\/\/codengine3.ch\/?product=import-placeholder-for-204288"},"modified":"2021-01-15T14:31:40","modified_gmt":"2021-01-15T14:31:40","slug":"ganesh-himal-1100000-ns502","status":"publish","type":"product","link":"https:\/\/pizbube.ch\/en\/shop\/ganesh-himal-1100000-ns502\/","title":{"rendered":"Ganesh Himal 1:100&#8217;000 (NS502)"},"content":{"rendered":"<p>NepaMaps sind besonders detailreiche Karten, auf denen die Trekkingrouten<br \/>\nfarblich gekennzeichnet sind. Sie enthalten H\u00f6henlinien, Pass\u00fcberg\u00e4nge und<br \/>\nzahlreiche Bildsymbole, aus denen die \u00f6rtlichen Besonderheiten hervorgehen.  <\/p>\n<p>Paldor Base Camp &#8211; Kalo Tal &#8211; Pansang Bhanjyang<\/p>\n<p>Ganesh Himal region of Nepal at 1:100,000 on a map from Nepa Maps highlighting<br \/>\nnumerous trekking routes, including treks to the Ganesh Himal (Yangra) and the<br \/>\nPaldor (Bhrange) Base Camps. Coverage extends from south of Trisuli Bazar and<br \/>\nNuwakot northwards to the Siyar Khola Valley, and east to the Rasuwagadhi<br \/>\ncrossing to Tibet. Contour lines are at 40m intervals. Latitude and longitude<br \/>\nare shown by margin ticks at 2\u201930\u201d intervals. The index list places, peaks,<br \/>\npasses and lakes. On the inside cover are stage-by-stage distances and timings<br \/>\nfor the main route to the Ganesh Himal BC.<\/p>\n<p>PLEASE NOTE: the same area is also covered by the Ruby Valley Trek map which<br \/>\nhas more prominent highlighting for numerous routes in its central part,<br \/>\nincluding the Ganesh Himal Cultural Trek, Ganesh Himal Hot Springs Trek, Kunda<br \/>\nTrek, etc,<\/p>\n<p>Titles in this Nepa Maps series have cartography is based on the country\u2019s<br \/>\ntopographic survey, with contours usually at 40m or 50m intervals, enhanced by<br \/>\nrelief shading, colouring and graphics to show various features of the<br \/>\nterrain, including glaciers, forested or cultivated areas, etc. Numerous<br \/>\npeaks, with additional spot heights, plus names of glaciers and mountain<br \/>\nranges are prominently shown. The network of rivers, streams and lakes is<br \/>\nshown in great detail, with many smaller rivers and lakes named. Overprint<br \/>\nhighlights main trekking routes and numerous local trails, with symbols<br \/>\nindicating various places of interest and tourist facilities. Most maps are<br \/>\nindexed and include additional information such as route profiles, glossaries,<br \/>\netc. All the information is in English and heights are given in metres.<\/p>","protected":false},"excerpt":{"rendered":"<p>NepaMaps sind besonders detailreiche Karten, auf denen die Trekkingrouten farblich gekennzeichnet sind. Sie enthalten H\u00f6henlinien, Pass\u00fcberg\u00e4nge und zahlreiche Bildsymbole, aus denen die \u00f6rtlichen Besonderheiten hervorgehen. Paldor Base Camp &#8211; Kalo Tal &#8211; Pansang Bhanjyang Ganesh Himal region of Nepal at 1:100,000 on a map from Nepa Maps highlighting numerous trekking routes, including treks to the [&#8230;]\n","protected":false},"featured_media":37957,"template":"","meta":[],"product_brand":[],"product_cat":[21543],"product_tag":[],"class_list":{"0":"post-148490","1":"product","2":"type-product","3":"status-publish","4":"has-post-thumbnail","6":"product_cat-landkarten","7":"pa_autor-nepa","8":"pa_erscheinungsjahr-21830","9":"pa_region-asien","10":"pa_sprache-en-fr-de","12":"first","13":"instock","14":"taxable","15":"shipping-taxable","16":"purchasable","17":"product-type-simple"},"_links":{"self":[{"href":"https:\/\/pizbube.ch\/en\/wp-json\/wp\/v2\/product\/148490","targetHints":{"allow":["GET"]}}],"collection":[{"href":"https:\/\/pizbube.ch\/en\/wp-json\/wp\/v2\/product"}],"about":[{"href":"https:\/\/pizbube.ch\/en\/wp-json\/wp\/v2\/types\/product"}],"wp:featuredmedia":[{"embeddable":true,"href":"https:\/\/pizbube.ch\/en\/wp-json\/wp\/v2\/media\/37957"}],"wp:attachment":[{"href":"https:\/\/pizbube.ch\/en\/wp-json\/wp\/v2\/media?parent=148490"}],"wp:term":[{"taxonomy":"product_brand","embeddable":true,"href":"https:\/\/pizbube.ch\/en\/wp-json\/wp\/v2\/product_brand?post=148490"},{"taxonomy":"product_cat","embeddable":true,"href":"https:\/\/pizbube.ch\/en\/wp-json\/wp\/v2\/product_cat?post=148490"},{"taxonomy":"product_tag","embeddable":true,"href":"https:\/\/pizbube.ch\/en\/wp-json\/wp\/v2\/product_tag?post=148490"}],"curies":[{"name":"wp","href":"https:\/\/api.w.org\/{rel}","templated":true}]}}