{"id":148496,"date":"2021-01-15T10:57:27","date_gmt":"2021-01-15T10:57:27","guid":{"rendered":"https:\/\/codengine3.ch\/?product=import-placeholder-for-200435"},"modified":"2021-01-15T10:57:32","modified_gmt":"2021-01-15T10:57:32","slug":"vergessene-pfade-gardasee-und-trentino","status":"publish","type":"product","link":"https:\/\/pizbube.ch\/en\/shop\/vergessene-pfade-gardasee-und-trentino\/","title":{"rendered":"Vergessene Pfade Gardasee und Trentino"},"content":{"rendered":"<p>33 au\u00dfergew\u00f6hnliche Touren abseits des Trubels<\/p>\n<p>Auf frischen Spuren unterwegs<br \/>\nDieser Wanderf\u00fchrer Gardasee leitet auch langj\u00e4hrige Gardasee-Kenner auf<br \/>\nschmalen J\u00e4gerpfaden zu unentdeckten Aussichtskanzeln, in einsame Hirtent\u00e4ler<br \/>\nund abgelegenen Bivaccos. Autor Rainer Kr\u00f6ll hat Wandertouren in allen<br \/>\nSchwierigkeitsgraden aufgesp\u00fcrt, die eines gemeinsam haben: sie f\u00fchren auf<br \/>\nvergessenen Pfaden mitten hinein ins Trentino und die Berge am Gardasee.<br \/>\nEin Buch zum Wandern und Entdecken!<br \/>\n160 Seiten, ca. 140 Abbildungen, Format 16,5 x 23,5 cm, Klappenbroschur mit<br \/>\nFadenheftung<\/p>","protected":false},"excerpt":{"rendered":"<p>33 au\u00dfergew\u00f6hnliche Touren abseits des Trubels Auf frischen Spuren unterwegs Dieser Wanderf\u00fchrer Gardasee leitet auch langj\u00e4hrige Gardasee-Kenner auf schmalen J\u00e4gerpfaden zu unentdeckten Aussichtskanzeln, in einsame Hirtent\u00e4ler und abgelegenen Bivaccos. Autor Rainer Kr\u00f6ll hat Wandertouren in allen Schwierigkeitsgraden aufgesp\u00fcrt, die eines gemeinsam haben: sie f\u00fchren auf vergessenen Pfaden mitten hinein ins Trentino und die Berge am [&#8230;]\n","protected":false},"featured_media":26886,"template":"","meta":[],"product_brand":[],"product_cat":[21605],"product_tag":[],"class_list":{"0":"post-148496","1":"product","2":"type-product","3":"status-publish","4":"has-post-thumbnail","6":"product_cat-wanderfuehrer-trekking","7":"pa_autor-kroell","8":"pa_erscheinungsjahr-21571","9":"pa_region-italien","10":"pa_sprache-de","12":"first","13":"outofstock","14":"taxable","15":"shipping-taxable","16":"purchasable","17":"product-type-simple"},"_links":{"self":[{"href":"https:\/\/pizbube.ch\/en\/wp-json\/wp\/v2\/product\/148496","targetHints":{"allow":["GET"]}}],"collection":[{"href":"https:\/\/pizbube.ch\/en\/wp-json\/wp\/v2\/product"}],"about":[{"href":"https:\/\/pizbube.ch\/en\/wp-json\/wp\/v2\/types\/product"}],"wp:featuredmedia":[{"embeddable":true,"href":"https:\/\/pizbube.ch\/en\/wp-json\/wp\/v2\/media\/26886"}],"wp:attachment":[{"href":"https:\/\/pizbube.ch\/en\/wp-json\/wp\/v2\/media?parent=148496"}],"wp:term":[{"taxonomy":"product_brand","embeddable":true,"href":"https:\/\/pizbube.ch\/en\/wp-json\/wp\/v2\/product_brand?post=148496"},{"taxonomy":"product_cat","embeddable":true,"href":"https:\/\/pizbube.ch\/en\/wp-json\/wp\/v2\/product_cat?post=148496"},{"taxonomy":"product_tag","embeddable":true,"href":"https:\/\/pizbube.ch\/en\/wp-json\/wp\/v2\/product_tag?post=148496"}],"curies":[{"name":"wp","href":"https:\/\/api.w.org\/{rel}","templated":true}]}}