{"id":148498,"date":"2021-01-15T10:57:27","date_gmt":"2021-01-15T10:57:27","guid":{"rendered":"https:\/\/codengine3.ch\/?product=import-placeholder-for-205617"},"modified":"2025-08-07T09:00:57","modified_gmt":"2025-08-07T07:00:57","slug":"trentino-gardasee","status":"publish","type":"product","link":"https:\/\/pizbube.ch\/en\/shop\/trentino-gardasee\/","title":{"rendered":"Trentino &#8211; Gardasee Adamello &#8211; Brenta &#8211; Dolomiten"},"content":{"rendered":"<p>50 Touren. Adamello &#8211; Brenta &#8211; Pala Dolomiten.<\/p>\n<p>Das Trentino geh\u00f6rt aufgrund seiner enormen landschaftlichen Vielfalt zu den<br \/>\nattraktivsten Alpenregionen und ist f\u00fcr Wanderaktivit\u00e4ten wie geschaffen.<br \/>\nStattliche Gipfel bis ins hohe Dreitausenderniveau sind hier ebenso zu finden<br \/>\nwie die bereits von einem typisch s\u00fcdl\u00e4ndischen Charme gepr\u00e4gten Gefilde von<br \/>\n&#8218;Bella Italia&#8216;. Wer am Gardasee vom mediterranen Flair umschmeichelt wird,<br \/>\nahnt oft nicht, dass man sich wenige Kilometer entfernt an den Gletschern des<br \/>\nAdamello schon fast wie in die Arktis versetzt f\u00fchlen kann. Die bizarren<br \/>\nFelsenreiche der Brenta und der Dolomiten ziehen Wanderer und Bergsteiger seit<br \/>\njeher in ihren Bann. Daneben bietet das Trentino viele unbekannte Winkel, die<br \/>\nzu entdecken tiefe Zufriedenheit schenkt: hier ein vertr\u00e4umter Karsee, dort<br \/>\neine gem\u00fctliche H\u00fctte, und von den Gipfeln immer wieder wunderbare<br \/>\nPerspektiven auf eine gro\u00dfartige Berglandschaft.<\/p>\n<p>Anhand einer Auswahl von 50 Touren, die in s\u00e4mtliche Gebirgsgruppen f\u00fchren,<br \/>\nhier und da sogar etwas \u00fcber die eigentlichen Grenzen hinaus, wird dem Leser<br \/>\ndas Trentino als Bergwanderdorado schmackhaft gemacht. Das Spektrum reicht von<br \/>\nleichten Wanderungen f\u00fcr Genie\u00dfer bis zu hochalpinen Unternehmungen und<br \/>\neinigen Mehrtagestouren. Ausf\u00fchrliche Routenbeschreibungen in Kombination mit<br \/>\nkenntnisreichen Hintergrundtexten, farbigen Kartenausschnitten, H\u00f6henprofilen<br \/>\nsowie einer anregenden Bebilderung bieten eine hervorragende Basis, um auf der<br \/>\nSonnenseite der Alpen so richtig &#8218;auf Touren&#8216; zu kommen.<\/p>","protected":false},"excerpt":{"rendered":"<p>50 Touren. Adamello &#8211; Brenta &#8211; Pala Dolomiten. Das Trentino geh\u00f6rt aufgrund seiner enormen landschaftlichen Vielfalt zu den attraktivsten Alpenregionen und ist f\u00fcr Wanderaktivit\u00e4ten wie geschaffen. Stattliche Gipfel bis ins hohe Dreitausenderniveau sind hier ebenso zu finden wie die bereits von einem typisch s\u00fcdl\u00e4ndischen Charme gepr\u00e4gten Gefilde von &#8218;Bella Italia&#8216;. Wer am Gardasee vom mediterranen [&#8230;]\n","protected":false},"featured_media":172143,"template":"","meta":[],"product_brand":[],"product_cat":[21605],"product_tag":[],"class_list":{"0":"post-148498","1":"product","2":"type-product","3":"status-publish","4":"has-post-thumbnail","6":"product_cat-wanderfuehrer-trekking","7":"pa_autor-zahel","8":"pa_erscheinungsjahr-27129","9":"pa_region-italien","10":"pa_sprache-de","12":"first","13":"instock","14":"taxable","15":"shipping-taxable","16":"purchasable","17":"product-type-simple"},"_links":{"self":[{"href":"https:\/\/pizbube.ch\/en\/wp-json\/wp\/v2\/product\/148498","targetHints":{"allow":["GET"]}}],"collection":[{"href":"https:\/\/pizbube.ch\/en\/wp-json\/wp\/v2\/product"}],"about":[{"href":"https:\/\/pizbube.ch\/en\/wp-json\/wp\/v2\/types\/product"}],"wp:featuredmedia":[{"embeddable":true,"href":"https:\/\/pizbube.ch\/en\/wp-json\/wp\/v2\/media\/172143"}],"wp:attachment":[{"href":"https:\/\/pizbube.ch\/en\/wp-json\/wp\/v2\/media?parent=148498"}],"wp:term":[{"taxonomy":"product_brand","embeddable":true,"href":"https:\/\/pizbube.ch\/en\/wp-json\/wp\/v2\/product_brand?post=148498"},{"taxonomy":"product_cat","embeddable":true,"href":"https:\/\/pizbube.ch\/en\/wp-json\/wp\/v2\/product_cat?post=148498"},{"taxonomy":"product_tag","embeddable":true,"href":"https:\/\/pizbube.ch\/en\/wp-json\/wp\/v2\/product_tag?post=148498"}],"curies":[{"name":"wp","href":"https:\/\/api.w.org\/{rel}","templated":true}]}}