{"id":148499,"date":"2021-01-15T10:57:27","date_gmt":"2021-01-15T10:57:27","guid":{"rendered":"https:\/\/codengine3.ch\/?product=import-placeholder-for-201265"},"modified":"2025-10-02T08:49:35","modified_gmt":"2025-10-02T06:49:35","slug":"gardaseeberge","status":"publish","type":"product","link":"https:\/\/pizbube.ch\/en\/shop\/gardaseeberge\/","title":{"rendered":"Gardaseeberge &#8211; 57 Touren rund um Gardasee und Ledrosee \u2013 die sch\u00f6nsten Tal- und H\u00f6henwanderungen"},"content":{"rendered":"<p><span class=\"value\">Wandern am Gardasee \u2013 zwischen legend\u00e4rem See, italienischem Flair und beeindruckenden Berggipfeln<\/span><\/p>\n<p>Der Gardasee ist eines der beliebtesten Reiseziele in bella Italia \u2013 und das aus gutem Grund: Mediterranes Lebensgef\u00fchl, traumhafte Aussichten und das azurblaue Wasser machen diese Region einzigartig. Doch wer den Gardasee wirklich erleben will, entdeckt die beeindruckenden Gardaseeberge, die mit majest\u00e4tischen Gipfeln und idyllischen Hocht\u00e4lern ein wahres Paradies f\u00fcr Wanderer sind.<\/p>\n<p>Der Rother Wanderf\u00fchrer Gardaseeberge pr\u00e4sentiert 57 abwechslungsreiche Wanderungen, die von entspannten Spazierg\u00e4ngen entlang des Sees bis zu anspruchsvollen Touren auf den Monte Baldo und andere Gipfel reichen. Ob Familien, Genusswanderer oder erfahrene Bergsteiger \u2013 hier findet jeder seine perfekte Wanderung.<\/p>\n<p>Jede Wanderung ist \u00fcbersichtlich aufbereitet mit detaillierter Wegbeschreibung, Kurzinfos, Wanderkarte mit eingezeichneter Route und aussagekr\u00e4ftigem H\u00f6henprofil. Gepr\u00fcfte GPS-Tracks gibt es f\u00fcr den bequemen Download. Zudem liefert Autor Heinrich Bauregger wertvolle Tipps zu Sehensw\u00fcrdigkeiten, Einkehrm\u00f6glichkeiten und lohnenden Ausfl\u00fcgen \u2013 damit der Urlaub am Lago di Garda unvergesslich wird.<\/p>\n<p>60 H\u00f6henprofile, 60 Wanderk\u00e4rtchen im Ma\u00dfstab 1:50.000 und 1:100.000, zwei \u00dcbersichtskarten im Ma\u00dfstab 1:350.000 und 1:600.000<br \/>\n216 Seiten,<br \/>\n12. Auflage 2025<\/p>","protected":false},"excerpt":{"rendered":"<p>Wandern am Gardasee \u2013 zwischen legend\u00e4rem See, italienischem Flair und beeindruckenden Berggipfeln Der Gardasee ist eines der beliebtesten Reiseziele in bella Italia \u2013 und das aus gutem Grund: Mediterranes Lebensgef\u00fchl, traumhafte Aussichten und das azurblaue Wasser machen diese Region einzigartig. Doch wer den Gardasee wirklich erleben will, entdeckt die beeindruckenden Gardaseeberge, die mit majest\u00e4tischen Gipfeln [&#8230;]\n","protected":false},"featured_media":181541,"template":"","meta":[],"product_brand":[],"product_cat":[21605],"product_tag":[],"class_list":{"0":"post-148499","1":"product","2":"type-product","3":"status-publish","4":"has-post-thumbnail","6":"product_cat-wanderfuehrer-trekking","7":"pa_autor-bauregger","8":"pa_erscheinungsjahr-27415","9":"pa_region-italien","10":"pa_sprache-de","12":"first","13":"instock","14":"taxable","15":"shipping-taxable","16":"purchasable","17":"product-type-simple"},"_links":{"self":[{"href":"https:\/\/pizbube.ch\/en\/wp-json\/wp\/v2\/product\/148499","targetHints":{"allow":["GET"]}}],"collection":[{"href":"https:\/\/pizbube.ch\/en\/wp-json\/wp\/v2\/product"}],"about":[{"href":"https:\/\/pizbube.ch\/en\/wp-json\/wp\/v2\/types\/product"}],"wp:featuredmedia":[{"embeddable":true,"href":"https:\/\/pizbube.ch\/en\/wp-json\/wp\/v2\/media\/181541"}],"wp:attachment":[{"href":"https:\/\/pizbube.ch\/en\/wp-json\/wp\/v2\/media?parent=148499"}],"wp:term":[{"taxonomy":"product_brand","embeddable":true,"href":"https:\/\/pizbube.ch\/en\/wp-json\/wp\/v2\/product_brand?post=148499"},{"taxonomy":"product_cat","embeddable":true,"href":"https:\/\/pizbube.ch\/en\/wp-json\/wp\/v2\/product_cat?post=148499"},{"taxonomy":"product_tag","embeddable":true,"href":"https:\/\/pizbube.ch\/en\/wp-json\/wp\/v2\/product_tag?post=148499"}],"curies":[{"name":"wp","href":"https:\/\/api.w.org\/{rel}","templated":true}]}}