{"id":148503,"date":"2021-01-15T10:57:28","date_gmt":"2021-01-15T10:57:28","guid":{"rendered":"https:\/\/codengine3.ch\/?product=import-placeholder-for-200437"},"modified":"2025-11-05T09:50:46","modified_gmt":"2025-11-05T08:50:46","slug":"winzig-alpin-innovative-architektur-im-mini-format","status":"publish","type":"product","link":"https:\/\/pizbube.ch\/en\/shop\/winzig-alpin-innovative-architektur-im-mini-format\/","title":{"rendered":"Winzig alpin &#8211; Innovative Architektur im Mini-Format"},"content":{"rendered":"<p>Raumwunder in den Alpen<\/p>\n<p>In handlichem Quadratformat stellt das Buch 35 besondere neue Mini-Bauten in<br \/>\nden Alpen vor. Sie stammen von Star-Alpenarchitekten wie Matteo Thun oder<br \/>\nArmando Ruinelli oder Newcomern wie OFIS. Faszinierende Wohndomizile oder Tiny<br \/>\nHouses sind ebenso dabei wie andere, in eleganter Reduzierung ausgef\u00fchrte<br \/>\n&#171;kleine&#187; Bauaufgaben:<br \/>\nAlmh\u00fctten, Baumh\u00e4user, Badepavillons, kleine Schutzh\u00fctten, Gipfel-Bars und<br \/>\neine Skifahrer-Kapelle. Aber auch ein Museum und ein Konzerthaus im xs-Format<br \/>\nzeigen, wie innovativ die Architektur der Alpenregion ist. Neben zum Gro\u00dfteil<br \/>\nneu fotografierten Projekten aus CH, D, A und I pr\u00e4sentiert das Buch auch<br \/>\ngelungene Architekturen aus Frankreich und Slowenien.<\/p>\n<p>Allen Projekten gemeinsam ist eine au\u00dfergew\u00f6hnliche Qualit\u00e4t der Architektur<br \/>\nsowie ihre Angemessenheit in Bauweise und Ausstattung im Hinblick auf<br \/>\nKlimaschutz und \u00d6kologie.<\/p>\n<p>Hardcover, Pappband, 224 Seiten, 17,0 x 17,0 cm; Mit 230 Farbfotos und 40<br \/>\nGrundrissen<\/p>","protected":false},"excerpt":{"rendered":"<ul>\n<li><strong><a href=\"https:\/\/pizbube.ch\/wp-content\/uploads\/attachments\/a_003\/2B39F7C9EB78CA90FC5511735CF16FFC.pdf\" target=\"_blank\" rel=\"noopener\">PDF: Leseprobe_Winzig_Alpin.pdf<\/a><\/strong><\/li>\n<\/ul>","protected":false},"featured_media":182045,"template":"","meta":[],"product_brand":[],"product_cat":[21542],"product_tag":[],"class_list":{"0":"post-148503","1":"product","2":"type-product","3":"status-publish","4":"has-post-thumbnail","6":"product_cat-sachbuecher-dokumentationen","7":"pa_autor-hosch","8":"pa_erscheinungsjahr-21546","9":"pa_region-schweiz","10":"pa_sprache-de","12":"first","13":"instock","14":"taxable","15":"shipping-taxable","16":"purchasable","17":"product-type-simple"},"_links":{"self":[{"href":"https:\/\/pizbube.ch\/en\/wp-json\/wp\/v2\/product\/148503","targetHints":{"allow":["GET"]}}],"collection":[{"href":"https:\/\/pizbube.ch\/en\/wp-json\/wp\/v2\/product"}],"about":[{"href":"https:\/\/pizbube.ch\/en\/wp-json\/wp\/v2\/types\/product"}],"wp:featuredmedia":[{"embeddable":true,"href":"https:\/\/pizbube.ch\/en\/wp-json\/wp\/v2\/media\/182045"}],"wp:attachment":[{"href":"https:\/\/pizbube.ch\/en\/wp-json\/wp\/v2\/media?parent=148503"}],"wp:term":[{"taxonomy":"product_brand","embeddable":true,"href":"https:\/\/pizbube.ch\/en\/wp-json\/wp\/v2\/product_brand?post=148503"},{"taxonomy":"product_cat","embeddable":true,"href":"https:\/\/pizbube.ch\/en\/wp-json\/wp\/v2\/product_cat?post=148503"},{"taxonomy":"product_tag","embeddable":true,"href":"https:\/\/pizbube.ch\/en\/wp-json\/wp\/v2\/product_tag?post=148503"}],"curies":[{"name":"wp","href":"https:\/\/api.w.org\/{rel}","templated":true}]}}