{"id":148505,"date":"2021-01-15T10:57:28","date_gmt":"2021-01-15T10:57:28","guid":{"rendered":"https:\/\/codengine3.ch\/?product=import-placeholder-for-207466"},"modified":"2021-07-16T12:21:35","modified_gmt":"2021-07-16T10:21:35","slug":"huetten-obdach-und-sehnsucht","status":"publish","type":"product","link":"https:\/\/pizbube.ch\/en\/shop\/huetten-obdach-und-sehnsucht\/","title":{"rendered":"H\u00fctten &#8211; Obdach und Sehnsucht"},"content":{"rendered":"<p>Eine H\u00fctte, kein Haus sollte es sein, als Petra Ahne und ihre Familie ein<br \/>\nDomizil auf dem Land suchten: klein, mit Platz nur f\u00fcr das N\u00f6tigste, durch<br \/>\nnichts als eine Wand von der umgebenden Natur getrennt. Genug, um sich zu<br \/>\nsch\u00fctzen, zu tr\u00e4umen, zu denken, sich zu verstecken und sich selbst zu<br \/>\nbeweisen. Hinter den W\u00e4nden einer H\u00fctte nahm die Zivilisation ihren Lauf,<br \/>\nwurde der Mensch zu dem, was er ist.<\/p>\n<p>Der Bau ihrer eigenen H\u00fctte wirft Fragen nach dem Wesen dieses kleinsten<br \/>\nHauses auf, und so hat sich Petra Ahne auf die Spur der H\u00fctte gemacht und der<br \/>\nFantasien, die sie umgeben. Sie ist mit Alexis de Tocqueville zu den<br \/>\nBlockh\u00fctten der amerikanischen Siedler gereist und mit den \u00dcberlebenden einer<br \/>\ngescheiterten Antarktis-Expedition zu dem windumtosten Obdach auf Elephant<br \/>\nIsland.<\/p>\n<p>Sie hat einen Mann getroffen, der seit 55 Jahren allein in einer H\u00fctte lebt,<br \/>\nund den FBI-Beamten, der als einer der Ersten das Holzhaus des Unabombers in<br \/>\nMontana betrat. Sie hat die H\u00fcttentr\u00e4ume von fr\u00fcher mit denen von heute<br \/>\nverglichen. Die Sehnsucht der St\u00e4dter nach dem H\u00e4uschen im Gr\u00fcnen ist gro\u00df.<br \/>\nHeute mehr denn je hinterfragt die H\u00fctte, was wichtig ist und wie wir leben<br \/>\nwollen.<\/p>","protected":false},"excerpt":{"rendered":"<p>Eine H\u00fctte, kein Haus sollte es sein, als Petra Ahne und ihre Familie ein Domizil auf dem Land suchten: klein, mit Platz nur f\u00fcr das N\u00f6tigste, durch nichts als eine Wand von der umgebenden Natur getrennt. Genug, um sich zu sch\u00fctzen, zu tr\u00e4umen, zu denken, sich zu verstecken und sich selbst zu beweisen. Hinter den [&#8230;]\n","protected":false},"featured_media":37540,"template":"","meta":[],"product_brand":[],"product_cat":[21542],"product_tag":[],"class_list":{"0":"post-148505","1":"product","2":"type-product","3":"status-publish","4":"has-post-thumbnail","6":"product_cat-sachbuecher-dokumentationen","7":"pa_autor-ahne","8":"pa_erscheinungsjahr-21558","9":"pa_region-deutschland","10":"pa_sprache-de","12":"first","13":"instock","14":"taxable","15":"shipping-taxable","16":"purchasable","17":"product-type-simple"},"_links":{"self":[{"href":"https:\/\/pizbube.ch\/en\/wp-json\/wp\/v2\/product\/148505","targetHints":{"allow":["GET"]}}],"collection":[{"href":"https:\/\/pizbube.ch\/en\/wp-json\/wp\/v2\/product"}],"about":[{"href":"https:\/\/pizbube.ch\/en\/wp-json\/wp\/v2\/types\/product"}],"wp:featuredmedia":[{"embeddable":true,"href":"https:\/\/pizbube.ch\/en\/wp-json\/wp\/v2\/media\/37540"}],"wp:attachment":[{"href":"https:\/\/pizbube.ch\/en\/wp-json\/wp\/v2\/media?parent=148505"}],"wp:term":[{"taxonomy":"product_brand","embeddable":true,"href":"https:\/\/pizbube.ch\/en\/wp-json\/wp\/v2\/product_brand?post=148505"},{"taxonomy":"product_cat","embeddable":true,"href":"https:\/\/pizbube.ch\/en\/wp-json\/wp\/v2\/product_cat?post=148505"},{"taxonomy":"product_tag","embeddable":true,"href":"https:\/\/pizbube.ch\/en\/wp-json\/wp\/v2\/product_tag?post=148505"}],"curies":[{"name":"wp","href":"https:\/\/api.w.org\/{rel}","templated":true}]}}