{"id":148506,"date":"2021-01-15T10:57:28","date_gmt":"2021-01-15T10:57:28","guid":{"rendered":"https:\/\/codengine3.ch\/?product=import-placeholder-for-208345"},"modified":"2021-01-15T17:52:56","modified_gmt":"2021-01-15T17:52:56","slug":"lalpe-88-refuges-refuges-de-labri-de-fortune-au-tourisme-daltitude","status":"publish","type":"product","link":"https:\/\/pizbube.ch\/en\/shop\/lalpe-88-refuges-refuges-de-labri-de-fortune-au-tourisme-daltitude\/","title":{"rendered":"L&#8217;Alpe 88 &#8211; Refuges Refuges &#8211; De l&#8217;abri de fortune au tourisme d&#8217;altitude"},"content":{"rendered":"<p>\nAbri pour la nuit, havre de r\u00e9confort et de convivialit\u00e9, les refuges alpins<br \/>\nsont des lieux embl\u00e9matiques de la moyenne et haute montagne. Des rep\u00e8res pour<br \/>\nles alpinistes chevronn\u00e9s comme pour les randonneurs d\u2019un jour. Ce num\u00e9ro du<br \/>\nprintemps accompagne l&#8217;exposition du Mus\u00e9e dauphinois sur ce th\u00e8me qui d\u00e9bute<br \/>\nle 24 mars prochain.<\/p>\n<p>Trouver un lieu o\u00f9 passer la nuit en s\u00e9curit\u00e9, telle est la premi\u00e8re fonction<br \/>\ndu refuge, celle-l\u00e0 m\u00eame des hospices implant\u00e9s sur les grands cols qui<br \/>\naccueillaient les voyageurs au Moyen \u00c2ge et les d\u00e9robaient au froid, \u00e0 la<br \/>\nneige et \u00e0 la peur de la mort. Avec la naissance de l\u2019alpinisme et la cr\u00e9ation<br \/>\ndes clubs alpins, l\u2019arc alpin se couvre peu \u00e0 peu de refuges de toutes tailles<br \/>\net de toutes sortes (cabanes non gard\u00e9es, refuges \u00ab gardienn\u00e9s \u00bb, \u00ab h\u00f4tels \u00bb<br \/>\nd\u2019altitude, etc.). Ces derni\u00e8res ann\u00e9es, nouveau bouleversement, les refuges<br \/>\nse m\u00e9tamorphosent ici en ateliers culturels, l\u00e0 en observatoires du changement<br \/>\nclimatique, ailleurs en lieux touristiques, devenant m\u00eame le but de certaines<br \/>\nrandonn\u00e9es (et non plus seulement une \u00e9tape). Ce sont toutes ces mutations que<br \/>\nce num\u00e9ro de L\u2019Alpe va examiner \u00e0 la loupe.<\/p>\n<p>AU SOMMAIRE DE CE NUM\u00c9RO DE PRINTEMPS :  <\/p>\n<p>\u2022 De l\u2019abri au tourisme<\/p>\n<p>Dans son exposition, le Mus\u00e9e dauphinois se penche sur l\u2019histoire des refuges,<br \/>\nr\u00e9fl\u00e9chit \u00e0 leurs usages et \u00e0 l\u2019imaginaire qu\u2019ils v\u00e9hiculent.  <\/p>\n<p>\u2022 Syst\u00e8me d\u00e9brouille<\/p>\n<p>Les cabanes de bergers, pris\u00e9es aujourd\u2019hui, n\u2019ont longtemps \u00e9t\u00e9 qu\u2019un abri<br \/>\nspartiate.  <\/p>\n<p>\u2022 Un laboratoire architectural<\/p>\n<p>Depuis la fin du XVIIIe si\u00e8cle, combien de structures ont \u00e9t\u00e9 exp\u00e9riment\u00e9es<br \/>\npour abriter alpinistes et randonneurs ?  <\/p>\n<p>\u2022 Des mod\u00e8les de durabilit\u00e9 ?<\/p>\n<p>Comment construire un abri dans les conditions extr\u00eames de la haute montagne<br \/>\navec le moins d\u2019impact sur l\u2019environnement ?  <\/p>\n<p>\u2022 (R\u00e9)inventer l\u2019inventaire ?<\/p>\n<p>L\u2019Inventaire du patrimoine a lanc\u00e9 une campagne photographique atypique sur<br \/>\nles refuges des Alpes fran\u00e7aises.  <\/p>\n<p>\u2022 Un p\u2019tit coin d\u2019paradis<\/p>\n<p>Formidable, cet (autre) inventaire sur les\u2026 toilettes en montagne (!)<br \/>\nentrepris par le photographe suisse Marco Volken.<\/p>\n<p>\u2022 Chroniques des hauteurs<\/p>\n<p>Les livres d\u2019or des refuges sont une source pr\u00e9cieuse pour suivre l\u2019\u00e9volution<br \/>\ndes pratiques.<\/p>\n<p>\u2022 Le casse-t\u00eate du casse-cro\u00fbte<\/p>\n<p>Le refuge du col de la Vanoise accueille une centaine de visiteurs par jour.<br \/>\nUne foule incertaine qu\u2019il faut nourrir.<\/p>\n<p>\u2022 Gardienne du Temple (\u00c9crins)<\/p>\n<p>Marie Gardent est gardienne. Elle \u00e9voque son quotidien l\u00e0-haut\u2026  <\/p>\n<p>\u2022 Portfolio : Uli Wiesmeier<\/p>\n<p>Quarante ans de photographie. Un regard respectueux et corrosif, lumineux et<br \/>\nsombre.  <\/p>\n<p>\u2022 La nouvelle vie des refuges<\/p>\n<p>Buts de randonn\u00e9es, p\u00f4les culturels, \u00e9chappatoires pour urbains en mal<br \/>\nd\u2019authenticit\u00e9 ou \u00e9coles de la montagne: quelles seront les fonctions des<br \/>\nrefuges demain ?<\/p>\n<p>\u2022 Br\u00e8ves de refuges<\/p>\n<p>Guide, Claude Gardien a fr\u00e9quent\u00e9 les bat-flanc de centaines de refuges et y a<br \/>\nglan\u00e9 des petites tranches de vie.  <\/p>","protected":false},"excerpt":{"rendered":"<p>Abri pour la nuit, havre de r\u00e9confort et de convivialit\u00e9, les refuges alpins sont des lieux embl\u00e9matiques de la moyenne et haute montagne. Des rep\u00e8res pour les alpinistes chevronn\u00e9s comme pour les randonneurs d\u2019un jour. Ce num\u00e9ro du printemps accompagne l&#8217;exposition du Mus\u00e9e dauphinois sur ce th\u00e8me qui d\u00e9bute le 24 mars prochain. Trouver un [&#8230;]\n","protected":false},"featured_media":41092,"template":"","meta":[],"product_brand":[],"product_cat":[21541],"product_tag":[],"class_list":{"0":"post-148506","1":"product","2":"type-product","3":"status-publish","4":"has-post-thumbnail","6":"product_cat-zeitschriften","7":"pa_autor-glenat","8":"pa_erscheinungsjahr-21558","9":"pa_region-frankreich","10":"pa_sprache-fr","12":"first","13":"instock","14":"taxable","15":"shipping-taxable","16":"purchasable","17":"product-type-simple"},"_links":{"self":[{"href":"https:\/\/pizbube.ch\/en\/wp-json\/wp\/v2\/product\/148506","targetHints":{"allow":["GET"]}}],"collection":[{"href":"https:\/\/pizbube.ch\/en\/wp-json\/wp\/v2\/product"}],"about":[{"href":"https:\/\/pizbube.ch\/en\/wp-json\/wp\/v2\/types\/product"}],"wp:featuredmedia":[{"embeddable":true,"href":"https:\/\/pizbube.ch\/en\/wp-json\/wp\/v2\/media\/41092"}],"wp:attachment":[{"href":"https:\/\/pizbube.ch\/en\/wp-json\/wp\/v2\/media?parent=148506"}],"wp:term":[{"taxonomy":"product_brand","embeddable":true,"href":"https:\/\/pizbube.ch\/en\/wp-json\/wp\/v2\/product_brand?post=148506"},{"taxonomy":"product_cat","embeddable":true,"href":"https:\/\/pizbube.ch\/en\/wp-json\/wp\/v2\/product_cat?post=148506"},{"taxonomy":"product_tag","embeddable":true,"href":"https:\/\/pizbube.ch\/en\/wp-json\/wp\/v2\/product_tag?post=148506"}],"curies":[{"name":"wp","href":"https:\/\/api.w.org\/{rel}","templated":true}]}}