{"id":148507,"date":"2021-01-15T10:57:28","date_gmt":"2021-01-15T10:57:28","guid":{"rendered":"https:\/\/codengine3.ch\/?product=import-placeholder-for-208505"},"modified":"2021-03-31T10:11:06","modified_gmt":"2021-03-31T08:11:06","slug":"architektur-erwandern-touren-zu-zeitgenoessischer-architektur-in-den-bergen","status":"publish","type":"product","link":"https:\/\/pizbube.ch\/en\/shop\/architektur-erwandern-touren-zu-zeitgenoessischer-architektur-in-den-bergen\/","title":{"rendered":"ARCHITEKTUR ERWANDERN &#8211; Touren zu zeitgen\u00f6ssischer Architektur in den Bergen"},"content":{"rendered":"<p>Architektonische Trouvaillen inmitten sch\u00f6ner Landschaften k\u00f6nnen einen<br \/>\ninteressanten Spannungsbogen zwischen Natur und Siedlungsraum schlagen. Das<br \/>\nzeigen verschiedene in den letzten Jahren realisierte Projekte in der Schweiz<br \/>\nund im angrenzenden Ausland. Dieses Buch f\u00fchrt Sie zu Fuss an diese Objekte<br \/>\nheran.<\/p>\n<p>Es sind eigenst\u00e4ndige Bauten \u2013 zum Teil aus der Feder bekannter Architekten \u2013<br \/>\nmit einer modernen Architektursprache, die regionale Traditionen neu<br \/>\ninterpretiert. Dieses Buch vereinigt die beiden B\u00e4nde des F\u00fchrers Architektur<br \/>\nerwandern und bildet die passende Grundlage f\u00fcr alle wanderbegeisterten<br \/>\nLiebhaber und Liebhaberinnen zeitgen\u00f6ssischer Architektur!<\/p>\n<p>3., komplett \u00fcberarbeitete Auflage 2021<br \/>\n268 Seiten, 21,5\u2009\u00d7\u200925,5 cm, gebunden, Softcover<br \/>\nMit 387 Karten und Abbildungen<\/p>","protected":false},"excerpt":{"rendered":"<p>Architektonische Trouvaillen inmitten sch\u00f6ner Landschaften k\u00f6nnen einen interessanten Spannungsbogen zwischen Natur und Siedlungsraum schlagen. Das zeigen verschiedene in den letzten Jahren realisierte Projekte in der Schweiz und im angrenzenden Ausland. Dieses Buch f\u00fchrt Sie zu Fuss an diese Objekte heran. Es sind eigenst\u00e4ndige Bauten \u2013 zum Teil aus der Feder bekannter Architekten \u2013 mit einer [&#8230;]\n","protected":false},"featured_media":156681,"template":"","meta":[],"product_brand":[],"product_cat":[21605],"product_tag":[],"class_list":{"0":"post-148507","1":"product","2":"type-product","3":"status-publish","4":"has-post-thumbnail","6":"product_cat-wanderfuehrer-trekking","7":"pa_autor-westermann-meyer-schettler","8":"pa_erscheinungsjahr-25440","9":"pa_region-schweiz","10":"pa_sprache-de","12":"first","13":"instock","14":"taxable","15":"shipping-taxable","16":"purchasable","17":"product-type-simple"},"_links":{"self":[{"href":"https:\/\/pizbube.ch\/en\/wp-json\/wp\/v2\/product\/148507","targetHints":{"allow":["GET"]}}],"collection":[{"href":"https:\/\/pizbube.ch\/en\/wp-json\/wp\/v2\/product"}],"about":[{"href":"https:\/\/pizbube.ch\/en\/wp-json\/wp\/v2\/types\/product"}],"wp:featuredmedia":[{"embeddable":true,"href":"https:\/\/pizbube.ch\/en\/wp-json\/wp\/v2\/media\/156681"}],"wp:attachment":[{"href":"https:\/\/pizbube.ch\/en\/wp-json\/wp\/v2\/media?parent=148507"}],"wp:term":[{"taxonomy":"product_brand","embeddable":true,"href":"https:\/\/pizbube.ch\/en\/wp-json\/wp\/v2\/product_brand?post=148507"},{"taxonomy":"product_cat","embeddable":true,"href":"https:\/\/pizbube.ch\/en\/wp-json\/wp\/v2\/product_cat?post=148507"},{"taxonomy":"product_tag","embeddable":true,"href":"https:\/\/pizbube.ch\/en\/wp-json\/wp\/v2\/product_tag?post=148507"}],"curies":[{"name":"wp","href":"https:\/\/api.w.org\/{rel}","templated":true}]}}