{"id":148508,"date":"2021-01-15T10:57:33","date_gmt":"2021-01-15T10:57:33","guid":{"rendered":"https:\/\/codengine3.ch\/?product=import-placeholder-for-200438"},"modified":"2025-04-11T11:18:15","modified_gmt":"2025-04-11T09:18:15","slug":"kletterfuehrer-elbtal-climbing-guide-labske-udoli","status":"publish","type":"product","link":"https:\/\/pizbube.ch\/en\/shop\/kletterfuehrer-elbtal-climbing-guide-labske-udoli\/","title":{"rendered":"Kletterf\u00fchrer Elbtal &#8211; Climbing Guide Labske Udoli"},"content":{"rendered":"<p>Das beste Klettergebiet des Elbsandsteingebirges hat nun einen Topof\u00fchrer (Tschechien):<\/p>\n<p>Insider wissen es schon seit vielen Jahren: die Elbw\u00e4nde besitzen den<br \/>\nfestesten Sandstein des Gebirges und \u00fcbertreffen auch denjenigen des<br \/>\nBielatals. Durch die bis zu 80 Meter hohen Steilw\u00e4nde des Elbcanons ziehen<br \/>\nsich Linien, die man auf der deutschen Seite vergeblich suchen w\u00fcrde.<\/p>\n<p>Auch wenn die unteren 25 Meter meist durch B\u00e4ume verdeckt sind, entdeckt man<br \/>\nselbst von den beiden b\u00f6hmischen Kneipen im Ausgangsort Dolni Zleb<br \/>\n(Niedergrund) auf der linken Seite bzw. dem Belveder auf der rechten Seite<br \/>\nschon die sch\u00f6nen gelben, braunen und schwarzen Farben sowie die fantastischen<br \/>\nEisenb\u00e4nder in den Felsen.<\/p>\n<p>Das ehemals als Hardcoreschmiede bekannte Gebiet wurde inzwischen um einige<br \/>\nleichtere Wege bereichert. Trotz der deutlich besseren Absicherung im<br \/>\nVergleich zur deutschen Seite ist das Elbtal kein Sportklettergebiet a la<br \/>\nS\u00fcdfrankreich sondern auch hier kann es mal acht Meter dauern, bis der erste<br \/>\nB\u00fchlerhaken (oder Ring) auftaucht. Dann sind aber viele Wege recht regelm\u00e4\u00dfig<br \/>\ngesichert, so dass hohen und h\u00f6chsten Leistungen nichts mehr im Weg steht.<\/p>\n<p>Im Elbtal ist es aber nicht nur das feste Gestein, der Blick auf die Elbe und<br \/>\ndie sch\u00f6nen Wege, die das Klettern hier ausmachen. Es ist auch der<br \/>\nabschlie\u00dfende Besuch in der b\u00f6hmischen Kneipe mit dem ausgezeichneten Bier und<br \/>\ndem leckeren Gulasch, der uns tschechische Gastfreundschaft n\u00e4her bringt. Na<br \/>\ndann: Ahoj! Na shledanou im Elbtal.<\/p>\n<p>1. Auflage 2018\/19<br \/>\n528 Seiten, durchgehend farbig;<br \/>\nFormat 19 x 19 cm (Quadratisch), viele Karten, GPS-Daten, durchgehend Topos,<br \/>\nviele Fotos<\/p>\n<p>Climbing guidebook Elbe Canyon (Labske Udoli) Czech Republik<br \/>\nThe best area of the Elbsandstein is in the Czech Republik and has a guide in<br \/>\nboth!<\/p>\n<p>Even though the routes are well protected compared to other areas nearby you<br \/>\ncan not expect as many bolts like in spain. One should still be able to handle<br \/>\nwith slings.<\/p>\n<p>This is the first guide based on topos! The routes have detailed informations<br \/>\nabout specifica and protection.<\/p>\n<p>1st edition 2019<br \/>\n528 pages, topos, photos, maps and insider tips;<br \/>\nformat 19 x 19 cm (quadratic), maps, GPS-data, many Pictures<\/p>","protected":false},"excerpt":{"rendered":"<p>Das beste Klettergebiet des Elbsandsteingebirges hat nun einen Topof\u00fchrer (Tschechien): Insider wissen es schon seit vielen Jahren: die Elbw\u00e4nde besitzen den festesten Sandstein des Gebirges und \u00fcbertreffen auch denjenigen des Bielatals. Durch die bis zu 80 Meter hohen Steilw\u00e4nde des Elbcanons ziehen sich Linien, die man auf der deutschen Seite vergeblich suchen w\u00fcrde. Auch wenn [&#8230;]\n","protected":false},"featured_media":157897,"template":"","meta":[],"product_brand":[],"product_cat":[21539],"product_tag":[],"class_list":{"0":"post-148508","1":"product","2":"type-product","3":"status-publish","4":"has-post-thumbnail","6":"product_cat-fuehrerliteratur-sportklettern-bouldern","7":"pa_autor-krug-andreas","8":"pa_erscheinungsjahr-21586","9":"pa_region-deutschland","10":"pa_sprache-de-en","12":"first","13":"instock","14":"taxable","15":"shipping-taxable","16":"purchasable","17":"product-type-simple"},"_links":{"self":[{"href":"https:\/\/pizbube.ch\/en\/wp-json\/wp\/v2\/product\/148508","targetHints":{"allow":["GET"]}}],"collection":[{"href":"https:\/\/pizbube.ch\/en\/wp-json\/wp\/v2\/product"}],"about":[{"href":"https:\/\/pizbube.ch\/en\/wp-json\/wp\/v2\/types\/product"}],"wp:featuredmedia":[{"embeddable":true,"href":"https:\/\/pizbube.ch\/en\/wp-json\/wp\/v2\/media\/157897"}],"wp:attachment":[{"href":"https:\/\/pizbube.ch\/en\/wp-json\/wp\/v2\/media?parent=148508"}],"wp:term":[{"taxonomy":"product_brand","embeddable":true,"href":"https:\/\/pizbube.ch\/en\/wp-json\/wp\/v2\/product_brand?post=148508"},{"taxonomy":"product_cat","embeddable":true,"href":"https:\/\/pizbube.ch\/en\/wp-json\/wp\/v2\/product_cat?post=148508"},{"taxonomy":"product_tag","embeddable":true,"href":"https:\/\/pizbube.ch\/en\/wp-json\/wp\/v2\/product_tag?post=148508"}],"curies":[{"name":"wp","href":"https:\/\/api.w.org\/{rel}","templated":true}]}}