{"id":148509,"date":"2021-01-15T10:57:33","date_gmt":"2021-01-15T10:57:33","guid":{"rendered":"https:\/\/codengine3.ch\/?product=import-placeholder-for-206129"},"modified":"2021-01-15T14:46:38","modified_gmt":"2021-01-15T14:46:38","slug":"kletterfuehrer-elbtal-boehmische-schweiz","status":"publish","type":"product","link":"https:\/\/pizbube.ch\/en\/shop\/kletterfuehrer-elbtal-boehmische-schweiz\/","title":{"rendered":"Kletterf\u00fchrer Elbtal B\u00f6hmische Schweiz"},"content":{"rendered":"<p>\nDas beste Klettergebiet des Elbsandsteingebirges hat einen neuen F\u00fchrer!  <\/p>\n<p>377 Gipfel und Massive; 2400 Wege in Tschechien \/ Tschechische Republik<br \/>\nDer Kletterf\u00fchrer ist zwar noch im klassischen Stil mit textlicher<br \/>\nBeschreibung gemacht, doch gibt es neben \u00fcberaus detailreichen Karten Topos<br \/>\nf\u00fcr die wichtigsten W\u00e4nde, so dass man alle Felsen finden kann. Historische<br \/>\nAufnahmen und Zusatzinformationen runden das 288-seitige Werk ab.<br \/>\nInsider wissen es schon seit vielen Jahren: die Elbw\u00e4nde besitzen den<br \/>\nfestesten Sandstein des Gebirges und \u00fcbertreffen auch denjenigen des<br \/>\nBielatals. Durch die bis zu 80 Meter hohen Steilw\u00e4nde des Elbcanons ziehen<br \/>\nsich Linien, die man auf der deutschen Seite vergeblich suchen w\u00fcrde.  <\/p>\n<p>Das ehemals als Hardcoreschmiede bekannte Gebiet wurde inzwischen um einige<br \/>\nleichtere Wege bereichert. au\u00dferdem hat der tschechische Kletterverband die<br \/>\nMagnesiaverwendung f\u00fcr die schweren Wege nun zugelassen (Wege, die ab den 90er<br \/>\nJahren erstbegangen wurden und schwerer als IXa sind).  <\/p>\n<p>Trotz der deutlich besseren Absicherung im Vergleich zur deutschen Seite ist<br \/>\ndas Elbtal kein Sportklettergebiet a la S\u00fcdfrankreich sondern auch hier kann<br \/>\nes mal acht Meter dauern, bis der erste B\u00fchlerhaken (oder Ring) auftaucht.<br \/>\nDann sind aber viele Wege recht regelm\u00e4\u00dfig gesichert, so dass hohen und<br \/>\nh\u00f6chsten Leistungen nichts mehr im Weg steht&#8230;<\/p>","protected":false},"excerpt":{"rendered":"<p>Das beste Klettergebiet des Elbsandsteingebirges hat einen neuen F\u00fchrer! 377 Gipfel und Massive; 2400 Wege in Tschechien \/ Tschechische Republik Der Kletterf\u00fchrer ist zwar noch im klassischen Stil mit textlicher Beschreibung gemacht, doch gibt es neben \u00fcberaus detailreichen Karten Topos f\u00fcr die wichtigsten W\u00e4nde, so dass man alle Felsen finden kann. Historische Aufnahmen und Zusatzinformationen [&#8230;]\n","protected":false},"featured_media":35053,"template":"","meta":[],"product_brand":[],"product_cat":[21539],"product_tag":[],"class_list":{"0":"post-148509","1":"product","2":"type-product","3":"status-publish","4":"has-post-thumbnail","6":"product_cat-fuehrerliteratur-sportklettern-bouldern","7":"pa_autor-kittler","8":"pa_erscheinungsjahr-21830","9":"pa_region-osteuropa","10":"pa_sprache-de","12":"first","13":"outofstock","14":"taxable","15":"shipping-taxable","16":"purchasable","17":"product-type-simple"},"_links":{"self":[{"href":"https:\/\/pizbube.ch\/en\/wp-json\/wp\/v2\/product\/148509","targetHints":{"allow":["GET"]}}],"collection":[{"href":"https:\/\/pizbube.ch\/en\/wp-json\/wp\/v2\/product"}],"about":[{"href":"https:\/\/pizbube.ch\/en\/wp-json\/wp\/v2\/types\/product"}],"wp:featuredmedia":[{"embeddable":true,"href":"https:\/\/pizbube.ch\/en\/wp-json\/wp\/v2\/media\/35053"}],"wp:attachment":[{"href":"https:\/\/pizbube.ch\/en\/wp-json\/wp\/v2\/media?parent=148509"}],"wp:term":[{"taxonomy":"product_brand","embeddable":true,"href":"https:\/\/pizbube.ch\/en\/wp-json\/wp\/v2\/product_brand?post=148509"},{"taxonomy":"product_cat","embeddable":true,"href":"https:\/\/pizbube.ch\/en\/wp-json\/wp\/v2\/product_cat?post=148509"},{"taxonomy":"product_tag","embeddable":true,"href":"https:\/\/pizbube.ch\/en\/wp-json\/wp\/v2\/product_tag?post=148509"}],"curies":[{"name":"wp","href":"https:\/\/api.w.org\/{rel}","templated":true}]}}