{"id":148510,"date":"2021-01-15T10:57:33","date_gmt":"2021-01-15T10:57:33","guid":{"rendered":"https:\/\/codengine3.ch\/?product=import-placeholder-for-205559"},"modified":"2021-01-15T14:42:12","modified_gmt":"2021-01-15T14:42:12","slug":"kletterfuehrer-fuer-die-boehmische-schweiz-band-3-vom-prebischtor-bis-zum-khaatal","status":"publish","type":"product","link":"https:\/\/pizbube.ch\/en\/shop\/kletterfuehrer-fuer-die-boehmische-schweiz-band-3-vom-prebischtor-bis-zum-khaatal\/","title":{"rendered":"Kletterf\u00fchrer f\u00fcr die B\u00f6hmische Schweiz: Band 3 &#8211; Vom Prebischtor bis zum Khaatal"},"content":{"rendered":"<p>Vom Prebischtor bis zum Khaatal &#8211; Tschechien \/ Tschechische Republik  <\/p>\n<p>F\u00fcr die Gebiete Prebischtor (Pravcicka brana), Hohenleipa (Vysoka Lipa),<br \/>\nKamnitzklammen (Soutesky Kamenice), Heidegrund (Vresova dolina), Windisch-<br \/>\nKamnitz (Srbska Kamenice), Schemmel (Vsemily), Dittersbach (Jetrichovice),<br \/>\nBalzh\u00fctte (Na Tokani), Khaatal und Umgebung (Kyjovske udoli) und weitere<br \/>\neinzeln stehende Gipfel im S\u00fcden der B\u00f6hmischen Schweiz mit insgesamt 536<br \/>\nKletterzielen, davon 490 Gipfel und 46 Massive, viele davon erstmalig in<br \/>\ndeutscher Sprache. Als besonderes Bonbon enth\u00e4lt dieser F\u00fchrer die derzeit<br \/>\nwohl detailreichsten Karten der hinteren B\u00f6hmischen Schweiz.  <\/p>\n<p>Wie schon im Band &#8218;Elbtal&#8216; (1.Nachtrag) ist im dritten Band ein 2. Nachtrag<br \/>\nf\u00fcr die B\u00e4nde &#8218;Westliche B\u00f6hmische Schweiz&#8216; und &#8218;Elbtal&#8216; enthalten.<br \/>\n256 Seiten, Paperback A5<\/p>","protected":false},"excerpt":{"rendered":"<p>Vom Prebischtor bis zum Khaatal &#8211; Tschechien \/ Tschechische Republik F\u00fcr die Gebiete Prebischtor (Pravcicka brana), Hohenleipa (Vysoka Lipa), Kamnitzklammen (Soutesky Kamenice), Heidegrund (Vresova dolina), Windisch- Kamnitz (Srbska Kamenice), Schemmel (Vsemily), Dittersbach (Jetrichovice), Balzh\u00fctte (Na Tokani), Khaatal und Umgebung (Kyjovske udoli) und weitere einzeln stehende Gipfel im S\u00fcden der B\u00f6hmischen Schweiz mit insgesamt 536 Kletterzielen, [&#8230;]\n","protected":false},"featured_media":34311,"template":"","meta":[],"product_brand":[],"product_cat":[21539],"product_tag":[],"class_list":{"0":"post-148510","1":"product","2":"type-product","3":"status-publish","4":"has-post-thumbnail","6":"product_cat-fuehrerliteratur-sportklettern-bouldern","7":"pa_autor-kittler","8":"pa_erscheinungsjahr-21750","9":"pa_region-osteuropa","10":"pa_sprache-de","12":"first","13":"outofstock","14":"taxable","15":"shipping-taxable","16":"purchasable","17":"product-type-simple"},"_links":{"self":[{"href":"https:\/\/pizbube.ch\/en\/wp-json\/wp\/v2\/product\/148510","targetHints":{"allow":["GET"]}}],"collection":[{"href":"https:\/\/pizbube.ch\/en\/wp-json\/wp\/v2\/product"}],"about":[{"href":"https:\/\/pizbube.ch\/en\/wp-json\/wp\/v2\/types\/product"}],"wp:featuredmedia":[{"embeddable":true,"href":"https:\/\/pizbube.ch\/en\/wp-json\/wp\/v2\/media\/34311"}],"wp:attachment":[{"href":"https:\/\/pizbube.ch\/en\/wp-json\/wp\/v2\/media?parent=148510"}],"wp:term":[{"taxonomy":"product_brand","embeddable":true,"href":"https:\/\/pizbube.ch\/en\/wp-json\/wp\/v2\/product_brand?post=148510"},{"taxonomy":"product_cat","embeddable":true,"href":"https:\/\/pizbube.ch\/en\/wp-json\/wp\/v2\/product_cat?post=148510"},{"taxonomy":"product_tag","embeddable":true,"href":"https:\/\/pizbube.ch\/en\/wp-json\/wp\/v2\/product_tag?post=148510"}],"curies":[{"name":"wp","href":"https:\/\/api.w.org\/{rel}","templated":true}]}}