{"id":148511,"date":"2021-01-15T10:57:33","date_gmt":"2021-01-15T10:57:33","guid":{"rendered":"https:\/\/codengine3.ch\/?product=import-placeholder-for-208707"},"modified":"2021-01-15T17:56:56","modified_gmt":"2021-01-15T17:56:56","slug":"passion-verticale","status":"publish","type":"product","link":"https:\/\/pizbube.ch\/en\/shop\/passion-verticale\/","title":{"rendered":"Passion Verticale"},"content":{"rendered":"<p>Auf der Suche nach den besten Kletterspots Europas<\/p>\n<p>Ein Jahr Zeit um kletternd durch ganz Europa zu reisen!? \u2013 Eine ziemlich<br \/>\ngenialer Plan! 365 Tage unterwegs auf der Suche nach Europas sch\u00f6nsten<br \/>\nKletterspots. Pirmin Bertle, Johannes L\u00fcft und Elena R\u00fcb haben es wahr gemacht<br \/>\nund reisten durch Gebiete, die Cracks und Einsteigern, Sportverr\u00fcckten und<br \/>\nKulturinteressierten, Klassikerfans und Neulandsuchern \u2013 kurzum: allen<br \/>\nKletterern etwas zu bieten haben.<\/p>\n<p>Auf \u00fcber 300 Seiten werden 13 Topklettergebiete Europas in Form von<br \/>\nTagebuchtexten, Geschichten \u00fcber besondere Menschen, den besten Lagerplatz und<br \/>\ndas sch\u00f6nste Caf\u00e9 vorgestellt. Des Weiteren gibt es Tipps zur<br \/>\nRuhetaggestaltung und Empfehlungen f\u00fcr sch\u00f6ne Kletterrouten in jedem<br \/>\nSchwierigkeitsgrad. Nat\u00fcrlich d\u00fcrfen die Wichtigsten Infos \u00fcber das Gebiet<br \/>\nnicht fehlen.<\/p>\n<p>Folgende Klettergebiete werden im Buch vorgestellt:<\/p>\n<p>  * Rawyl (Schweiz)<br \/>\n  * Gastlosen (Schweiz)<br \/>\n  * C\u00e9\u00fcse (Frankreich)<br \/>\n  * Tarn (Frankreich)<br \/>\n  * Kalymnos (Griechenland)<br \/>\n  * Gey\u00eekbayiri (T\u00fcrkei)<br \/>\n  * Sizilien (Italien)<br \/>\n  * Siurana (Spanien)<br \/>\n  * Margalef (Spanien)<br \/>\n  * Rodellar (Spanien)<br \/>\n  * Verdon (Frankreich)<br \/>\n  * Doln\u00ed \u017dleb (Elbtal, Tschechien)<br \/>\n  * Zillertal (\u00d6sterreich)<\/p>\n<p>Hochglanzbildband und Reisebericht in einem; 27 x 20 cm (ca. DIN \u2013 A4<br \/>\nQuerformat, farbig, 304 Seiten, Hardcover<\/p>","protected":false},"excerpt":{"rendered":"<ul>\n<li><a href=\"https:\/\/vimeo.com\/19324514\" target=\"_blank\" rel=\"noopener\">Video: Passion Verticale<\/a><\/li>\n<\/ul>","protected":false},"featured_media":41016,"template":"","meta":[],"product_brand":[],"product_cat":[21542],"product_tag":[],"class_list":{"0":"post-148511","1":"product","2":"type-product","3":"status-publish","4":"has-post-thumbnail","6":"product_cat-sachbuecher-dokumentationen","7":"pa_autor-bertle-lueft-rueb","8":"pa_erscheinungsjahr-21621","9":"pa_region-deutschland","10":"pa_sprache-de","12":"first","13":"instock","14":"taxable","15":"shipping-taxable","16":"purchasable","17":"product-type-simple"},"_links":{"self":[{"href":"https:\/\/pizbube.ch\/en\/wp-json\/wp\/v2\/product\/148511","targetHints":{"allow":["GET"]}}],"collection":[{"href":"https:\/\/pizbube.ch\/en\/wp-json\/wp\/v2\/product"}],"about":[{"href":"https:\/\/pizbube.ch\/en\/wp-json\/wp\/v2\/types\/product"}],"wp:featuredmedia":[{"embeddable":true,"href":"https:\/\/pizbube.ch\/en\/wp-json\/wp\/v2\/media\/41016"}],"wp:attachment":[{"href":"https:\/\/pizbube.ch\/en\/wp-json\/wp\/v2\/media?parent=148511"}],"wp:term":[{"taxonomy":"product_brand","embeddable":true,"href":"https:\/\/pizbube.ch\/en\/wp-json\/wp\/v2\/product_brand?post=148511"},{"taxonomy":"product_cat","embeddable":true,"href":"https:\/\/pizbube.ch\/en\/wp-json\/wp\/v2\/product_cat?post=148511"},{"taxonomy":"product_tag","embeddable":true,"href":"https:\/\/pizbube.ch\/en\/wp-json\/wp\/v2\/product_tag?post=148511"}],"curies":[{"name":"wp","href":"https:\/\/api.w.org\/{rel}","templated":true}]}}