{"id":148514,"date":"2021-01-15T10:57:33","date_gmt":"2021-01-15T10:57:33","guid":{"rendered":"https:\/\/codengine3.ch\/?product=import-placeholder-for-200439"},"modified":"2024-03-01T09:05:01","modified_gmt":"2024-03-01T08:05:01","slug":"berggenuss-statt-hoehenangst","status":"publish","type":"product","link":"https:\/\/pizbube.ch\/en\/shop\/berggenuss-statt-hoehenangst\/","title":{"rendered":"Berggenuss statt H\u00f6henangst"},"content":{"rendered":"<p>Mit Coaching-Karten<\/p>\n<p>Berge bieten vielf\u00e4ltige Freizeit- und Sportm\u00f6glichkeiten in faszinierender<br \/>\nUmgebung. Doch was, wenn man den Blick ins Tal nicht genie\u00dfen kann, weil einem<br \/>\ndie Angst vor der H\u00f6he im Nacken sitzt?<\/p>\n<p>Dieses Buch liefert Hintergrundwissen zu biologischen und k\u00f6rperlichen<br \/>\nUrsachen von H\u00f6henangst und zeigt, wie sich mentale Blockaden im Bergsport<br \/>\nl\u00f6sen lassen. Zahlreiche Tipps machen es zu einem kompakten Ratgeber f\u00fcr<br \/>\nWanderer, Kletterer, Mountainbiker und Schneesportler, die ihre \u00c4ngste<br \/>\n\u00fcberwinden wollen. Die Betroffenen k\u00f6nnen sich mit diesem Buch Strategien<br \/>\ngegen H\u00f6henangst erarbeiten.<\/p>\n<p>Einband: broschiert<br \/>\nSeitenzahl: 128<br \/>\nAbbildungen: 85 Farbbilder<br \/>\nFormat: 140mm x 205mm<\/p>","protected":false},"excerpt":{"rendered":"<p>Mit Coaching-Karten Berge bieten vielf\u00e4ltige Freizeit- und Sportm\u00f6glichkeiten in faszinierender Umgebung. Doch was, wenn man den Blick ins Tal nicht genie\u00dfen kann, weil einem die Angst vor der H\u00f6he im Nacken sitzt? Dieses Buch liefert Hintergrundwissen zu biologischen und k\u00f6rperlichen Ursachen von H\u00f6henangst und zeigt, wie sich mentale Blockaden im Bergsport l\u00f6sen lassen. Zahlreiche Tipps [&#8230;]\n","protected":false},"featured_media":159053,"template":"","meta":[],"product_brand":[],"product_cat":[21538],"product_tag":[],"class_list":{"0":"post-148514","1":"product","2":"type-product","3":"status-publish","4":"has-post-thumbnail","6":"product_cat-lehrbuecher","7":"pa_autor-muessig","8":"pa_erscheinungsjahr-21597","9":"pa_region-orientierung-wetter-ausbildung","10":"pa_sprache-de","12":"first","13":"instock","14":"taxable","15":"shipping-taxable","16":"purchasable","17":"product-type-simple"},"_links":{"self":[{"href":"https:\/\/pizbube.ch\/en\/wp-json\/wp\/v2\/product\/148514","targetHints":{"allow":["GET"]}}],"collection":[{"href":"https:\/\/pizbube.ch\/en\/wp-json\/wp\/v2\/product"}],"about":[{"href":"https:\/\/pizbube.ch\/en\/wp-json\/wp\/v2\/types\/product"}],"wp:featuredmedia":[{"embeddable":true,"href":"https:\/\/pizbube.ch\/en\/wp-json\/wp\/v2\/media\/159053"}],"wp:attachment":[{"href":"https:\/\/pizbube.ch\/en\/wp-json\/wp\/v2\/media?parent=148514"}],"wp:term":[{"taxonomy":"product_brand","embeddable":true,"href":"https:\/\/pizbube.ch\/en\/wp-json\/wp\/v2\/product_brand?post=148514"},{"taxonomy":"product_cat","embeddable":true,"href":"https:\/\/pizbube.ch\/en\/wp-json\/wp\/v2\/product_cat?post=148514"},{"taxonomy":"product_tag","embeddable":true,"href":"https:\/\/pizbube.ch\/en\/wp-json\/wp\/v2\/product_tag?post=148514"}],"curies":[{"name":"wp","href":"https:\/\/api.w.org\/{rel}","templated":true}]}}