{"id":148516,"date":"2021-01-15T10:57:33","date_gmt":"2021-01-15T10:57:33","guid":{"rendered":"https:\/\/codengine3.ch\/?product=import-placeholder-for-208050"},"modified":"2021-01-15T17:49:41","modified_gmt":"2021-01-15T17:49:41","slug":"gelenkfit-in-die-berge","status":"publish","type":"product","link":"https:\/\/pizbube.ch\/en\/shop\/gelenkfit-in-die-berge\/","title":{"rendered":"Gelenkfit in die Berge"},"content":{"rendered":"<p>Wandern mit Gelenkbeschwerden<\/p>\n<p>Was tun, wenn das &#171;Fahrgestell&#187; zu knirschen beginnt?<\/p>\n<p>Rat und Tat f\u00fcr Menschen mit Gelenkbeschwerden<\/p>\n<p>Das Wandern in den Bergen geh\u00f6rt zu den beliebtesten Freizeitbesch\u00e4ftigungen<br \/>\nder Deutschen und \u00d6sterreicher. So mancher passionierte Bergwanderer sieht<br \/>\nsich mit den Jahren allerdings mit Gelenkbeschwerden konfrontiert. Den einen<br \/>\nzwickt die H\u00fcfte, den anderen schmerzt das Knie. Gerade der Weg hinab ins Tal<br \/>\nwird dann oft gar zur Qual. Doch eine Arthrose bedeutet noch lange nicht, den<br \/>\nBergen Lebewohl sagen zu m\u00fcssen, ganz im Gegenteil. Gelenkbeschwerden k\u00f6nnen<br \/>\nvermieden und behandelt werden und Wandern ist dabei oft sogar die beste<br \/>\nTherapie. Das zeigt das vorliegende Buch.  <\/p>\n<p>Ein Team erfahrener Spezialisten erkl\u00e4rt die Wirkung des Bergwanderns aus<br \/>\nmedizinisch-physiologischer Sicht, gibt Trainings- und Ausr\u00fcstungstipps,<br \/>\nstellt konservative und operative Behandlungsmethoden vor und beschreibt, wie<br \/>\nmit k\u00fcnstlichen Knie- und H\u00fcftgelenken die Bergwelt wieder unbeschwert<br \/>\ngenossen werden kann.<\/p>\n<p>Das Buch &#8211; \u00fcbrigens das Erste in seiner Art &#8211; wendet sich sowohl an<br \/>\npassionierte Bergsportler, die w\u00e4hrend einer Arthrose-Behandlung oder nach<br \/>\neiner OP rasch wieder fit werden wollen, wie auch an betroffene Menschen, die<br \/>\ndie wohltuende Wirkung des Wanderns erst neu entdecken.<\/p>\n<p>152 Seiten; 57 farb. Abb.<\/p>","protected":false},"excerpt":{"rendered":"<p>Wandern mit Gelenkbeschwerden Was tun, wenn das &#171;Fahrgestell&#187; zu knirschen beginnt? Rat und Tat f\u00fcr Menschen mit Gelenkbeschwerden Das Wandern in den Bergen geh\u00f6rt zu den beliebtesten Freizeitbesch\u00e4ftigungen der Deutschen und \u00d6sterreicher. So mancher passionierte Bergwanderer sieht sich mit den Jahren allerdings mit Gelenkbeschwerden konfrontiert. Den einen zwickt die H\u00fcfte, den anderen schmerzt das Knie. [&#8230;]\n","protected":false},"featured_media":39198,"template":"","meta":[],"product_brand":[],"product_cat":[21538],"product_tag":[],"class_list":{"0":"post-148516","1":"product","2":"type-product","3":"status-publish","4":"has-post-thumbnail","6":"product_cat-lehrbuecher","7":"pa_autor-fink-hoser-gfoeller","8":"pa_erscheinungsjahr-21546","9":"pa_region-medizin-recht","10":"pa_sprache-de","12":"first","13":"instock","14":"taxable","15":"shipping-taxable","16":"purchasable","17":"product-type-simple"},"_links":{"self":[{"href":"https:\/\/pizbube.ch\/en\/wp-json\/wp\/v2\/product\/148516","targetHints":{"allow":["GET"]}}],"collection":[{"href":"https:\/\/pizbube.ch\/en\/wp-json\/wp\/v2\/product"}],"about":[{"href":"https:\/\/pizbube.ch\/en\/wp-json\/wp\/v2\/types\/product"}],"wp:featuredmedia":[{"embeddable":true,"href":"https:\/\/pizbube.ch\/en\/wp-json\/wp\/v2\/media\/39198"}],"wp:attachment":[{"href":"https:\/\/pizbube.ch\/en\/wp-json\/wp\/v2\/media?parent=148516"}],"wp:term":[{"taxonomy":"product_brand","embeddable":true,"href":"https:\/\/pizbube.ch\/en\/wp-json\/wp\/v2\/product_brand?post=148516"},{"taxonomy":"product_cat","embeddable":true,"href":"https:\/\/pizbube.ch\/en\/wp-json\/wp\/v2\/product_cat?post=148516"},{"taxonomy":"product_tag","embeddable":true,"href":"https:\/\/pizbube.ch\/en\/wp-json\/wp\/v2\/product_tag?post=148516"}],"curies":[{"name":"wp","href":"https:\/\/api.w.org\/{rel}","templated":true}]}}