{"id":148518,"date":"2021-01-15T10:57:34","date_gmt":"2021-01-15T10:57:34","guid":{"rendered":"https:\/\/codengine3.ch\/?product=import-placeholder-for-201187"},"modified":"2022-08-09T11:56:31","modified_gmt":"2022-08-09T09:56:31","slug":"best-of-suedostalpen-karnische-und-julische-alpen","status":"publish","type":"product","link":"https:\/\/pizbube.ch\/en\/shop\/best-of-suedostalpen-karnische-und-julische-alpen\/","title":{"rendered":"Best of S\u00fcdostalpen &#8211; Karnische und Julische Alpen"},"content":{"rendered":"<p>Klettern &amp; Bouldern im Vierl\u00e4ndereck Osttirol, K\u00e4rnten, Italien und Slowenien<\/p>\n<p>Topaktueller, umfangreicher Kletterf\u00fchrer f\u00fcr die Karnischen und Julischen<br \/>\nAlpen. Die vorgestellten Gebiete brauchen sich im alpinen Vergleich vor<br \/>\nber\u00fchmten Kletter-Regionen nicht zu verstecken. Im Gegenteil: Tolles Gestein,<br \/>\ndie (noch) relative geringe Frequentierung der Gebiete, das mediterrane Klima<br \/>\nund die N\u00e4he zu Bella Italia bieten eine ganz besonders interessante Mischung.<\/p>\n<p>Im Vierl\u00e4ndereck zwischen den \u00f6sterreichischen Bundesl\u00e4ndern Osttirol und<br \/>\nK\u00e4rtnten, Slowenien und Italien ist die Vielfalt im Wortsinne grenzenlos. Rund<br \/>\num den Pl\u00f6ckenpass wartet bester Hochgebirgskalk mit Routen zwischen 4 bis 11,<br \/>\nvor famoser Kulisse und garniert mit italienischer Kulinarik.<br \/>\nErholungssuchende Kletter-Familien werden hier genau so laut jubeln wie<br \/>\nleistungs-orientierte Top-Kletterer.<\/p>\n<p>Ein weiteres traumhaftes Gebiet ist der Kletter-Hot-Spot um den Wolayersee mit<br \/>\nden kurzen Zustiegen und sehr vielen gut abgesicherten Routen im<br \/>\nSchwierigkeitsbereich 5 bis 7. \u00dcber 30 Mehrseill\u00e4ngenrouten dieser<br \/>\nbegehrenswerten Kategorie warten darauf, geklettert zu werden.<\/p>\n<p>Und das ist noch lange nicht alles: Auch das weitl\u00e4ufige Gebiet des Nassfelds,<br \/>\nder Kinigat an der Grenze zwischen Osttirol und der Provinz Belluno, die<br \/>\nKlettereien am Pass Sella Nevea in den Julischen Alpen und der m\u00e4chtige Stock<br \/>\ndes Mangart, an der Grenze zwischen Italien und Slowenien, sind beschrieben.<\/p>\n<p>In den S\u00fcdostalpen findet man alle erdenklichen Facetten des Kletterns: hohe<br \/>\nwilde W\u00e4nde, alpine Sportkletterrouten, gem\u00fctliche Kletterg\u00e4rten und l\u00e4ssige<br \/>\nBoulderspots. Die beiden Autoren Hannes Lexer und Stefan Lieb-Lind sind<br \/>\nausgewiesene Gebietskenner und stellen in diesem F\u00fchrer fast ausschlie\u00dflich<br \/>\nTouren und Gebiete vor, die sie aus eigener Erfahrung kennen. Nur das Beste.<\/p>\n<p>1. Auflage 2020, 516 Seiten, 115 x 185 mm, Softcover, komplett 4 Farbig<\/p>","protected":false},"excerpt":{"rendered":"<p>Klettern &amp; Bouldern im Vierl\u00e4ndereck Osttirol, K\u00e4rnten, Italien und Slowenien Topaktueller, umfangreicher Kletterf\u00fchrer f\u00fcr die Karnischen und Julischen Alpen. Die vorgestellten Gebiete brauchen sich im alpinen Vergleich vor ber\u00fchmten Kletter-Regionen nicht zu verstecken. Im Gegenteil: Tolles Gestein, die (noch) relative geringe Frequentierung der Gebiete, das mediterrane Klima und die N\u00e4he zu Bella Italia bieten eine [&#8230;]\n","protected":false},"featured_media":163080,"template":"","meta":[],"product_brand":[],"product_cat":[21539],"product_tag":[],"class_list":{"0":"post-148518","1":"product","2":"type-product","3":"status-publish","4":"has-post-thumbnail","6":"product_cat-fuehrerliteratur-sportklettern-bouldern","7":"pa_autor-lexer-lieb-lind","8":"pa_erscheinungsjahr-21558","9":"pa_region-italien","10":"pa_sprache-de","12":"first","13":"instock","14":"taxable","15":"shipping-taxable","16":"purchasable","17":"product-type-simple"},"_links":{"self":[{"href":"https:\/\/pizbube.ch\/en\/wp-json\/wp\/v2\/product\/148518","targetHints":{"allow":["GET"]}}],"collection":[{"href":"https:\/\/pizbube.ch\/en\/wp-json\/wp\/v2\/product"}],"about":[{"href":"https:\/\/pizbube.ch\/en\/wp-json\/wp\/v2\/types\/product"}],"wp:featuredmedia":[{"embeddable":true,"href":"https:\/\/pizbube.ch\/en\/wp-json\/wp\/v2\/media\/163080"}],"wp:attachment":[{"href":"https:\/\/pizbube.ch\/en\/wp-json\/wp\/v2\/media?parent=148518"}],"wp:term":[{"taxonomy":"product_brand","embeddable":true,"href":"https:\/\/pizbube.ch\/en\/wp-json\/wp\/v2\/product_brand?post=148518"},{"taxonomy":"product_cat","embeddable":true,"href":"https:\/\/pizbube.ch\/en\/wp-json\/wp\/v2\/product_cat?post=148518"},{"taxonomy":"product_tag","embeddable":true,"href":"https:\/\/pizbube.ch\/en\/wp-json\/wp\/v2\/product_tag?post=148518"}],"curies":[{"name":"wp","href":"https:\/\/api.w.org\/{rel}","templated":true}]}}