{"id":148519,"date":"2021-01-15T10:57:34","date_gmt":"2021-01-15T10:57:34","guid":{"rendered":"https:\/\/codengine3.ch\/?product=import-placeholder-for-200443"},"modified":"2021-05-04T08:39:57","modified_gmt":"2021-05-04T06:39:57","slug":"huetten-sehnsuchtsorte-in-den-alpen","status":"publish","type":"product","link":"https:\/\/pizbube.ch\/en\/shop\/huetten-sehnsuchtsorte-in-den-alpen\/","title":{"rendered":"H\u00fctten &#8211; Sehnsuchtsorte in den Alpen"},"content":{"rendered":"<p>Bergh\u00fctten und Gipfelgl\u00fcck.<\/p>\n<p>Jeder Wanderer in den Alpen freut sich schon zu Beginn einer Tour auf das<br \/>\nZiel: die Bergh\u00fctte, wo er eine Brotzeit genie\u00dft und den Blick \u00fcber die<br \/>\ngrandiose Landschaft schweifen l\u00e4sst. In brillanten Fotografien und lebendigen<br \/>\nReportagen portr\u00e4tieren Bernd Ritschel und Tom Dauer etwa 50 H\u00fctten in Bayern,<br \/>\n\u00d6sterreich, S\u00fcdtirol und der Schweiz.<\/p>\n<p>Der Bildband erz\u00e4hlt von dem Geschehen hinter den Kulissen: von der t\u00e4glichen<br \/>\nArbeit der Wirte, die diese H\u00fctten instandhalten und mit Leben f\u00fcllen. Und<br \/>\nauch von der Bauweise dieser Refugien, die manchmal urig-traditionell<br \/>\ndaherkommen, manchmal als moderner Neubau k\u00fchn \u00fcber dem Abgrund thronen. Auf<br \/>\njeder Seite dieses Bildbandes sp\u00fcrt man unmittelbar, wie es sich anf\u00fchlt, in<br \/>\nden Bergen unterwegs zu sein \u2013 und wie sch\u00f6n es sein kann, an einem dieser<br \/>\nSehnsuchtsorte \u00fcber den Wolken in der Sonne zu sitzen.<\/p>\n<p>220 Seiten, Gebunden mit Kastenr\u00fccken und SU<\/p>","protected":false},"excerpt":{"rendered":"<p>Bergh\u00fctten und Gipfelgl\u00fcck. Jeder Wanderer in den Alpen freut sich schon zu Beginn einer Tour auf das Ziel: die Bergh\u00fctte, wo er eine Brotzeit genie\u00dft und den Blick \u00fcber die grandiose Landschaft schweifen l\u00e4sst. In brillanten Fotografien und lebendigen Reportagen portr\u00e4tieren Bernd Ritschel und Tom Dauer etwa 50 H\u00fctten in Bayern, \u00d6sterreich, S\u00fcdtirol und der [&#8230;]\n","protected":false},"featured_media":26902,"template":"","meta":[],"product_brand":[],"product_cat":[21542],"product_tag":[],"class_list":{"0":"post-148519","1":"product","2":"type-product","3":"status-publish","4":"has-post-thumbnail","6":"product_cat-sachbuecher-dokumentationen","7":"pa_autor-dauer-ritschel","8":"pa_erscheinungsjahr-21571","9":"pa_region-deutschland","10":"pa_sprache-de","12":"first","13":"outofstock","14":"taxable","15":"shipping-taxable","16":"purchasable","17":"product-type-simple"},"_links":{"self":[{"href":"https:\/\/pizbube.ch\/en\/wp-json\/wp\/v2\/product\/148519","targetHints":{"allow":["GET"]}}],"collection":[{"href":"https:\/\/pizbube.ch\/en\/wp-json\/wp\/v2\/product"}],"about":[{"href":"https:\/\/pizbube.ch\/en\/wp-json\/wp\/v2\/types\/product"}],"wp:featuredmedia":[{"embeddable":true,"href":"https:\/\/pizbube.ch\/en\/wp-json\/wp\/v2\/media\/26902"}],"wp:attachment":[{"href":"https:\/\/pizbube.ch\/en\/wp-json\/wp\/v2\/media?parent=148519"}],"wp:term":[{"taxonomy":"product_brand","embeddable":true,"href":"https:\/\/pizbube.ch\/en\/wp-json\/wp\/v2\/product_brand?post=148519"},{"taxonomy":"product_cat","embeddable":true,"href":"https:\/\/pizbube.ch\/en\/wp-json\/wp\/v2\/product_cat?post=148519"},{"taxonomy":"product_tag","embeddable":true,"href":"https:\/\/pizbube.ch\/en\/wp-json\/wp\/v2\/product_tag?post=148519"}],"curies":[{"name":"wp","href":"https:\/\/api.w.org\/{rel}","templated":true}]}}