{"id":148520,"date":"2021-01-15T10:57:34","date_gmt":"2021-01-15T10:57:34","guid":{"rendered":"https:\/\/codengine3.ch\/?product=import-placeholder-for-208778"},"modified":"2021-01-15T17:57:43","modified_gmt":"2021-01-15T17:57:43","slug":"7-huetten-47-touren","status":"publish","type":"product","link":"https:\/\/pizbube.ch\/en\/shop\/7-huetten-47-touren\/","title":{"rendered":"7 H\u00fctten &#8211; 47 Touren"},"content":{"rendered":"<p>Das Jubil\u00e4umsbuch der gr\u00f6ssten Schweizer SAC-Sektion.<br \/>\n47 Wanderungen und leichte Bergtouren rund um die H\u00fctten der SAC-Sektion Uto.<br \/>\nViel Wissenswertes zu den H\u00fctten und zu den Anf\u00e4ngen des SAC.<\/p>\n<p>Die Z\u00fcrcher Sektion Uto des Schweizer Alpen-Clubs SAC besitzt und unterh\u00e4lt<br \/>\nsieben eigene H\u00fctten in den Kantonen Graub\u00fcnden, Tessin, Uri und Wallis. Alle<br \/>\nsieben H\u00fctten sind ideale Ausgangspunkte fantastischer Bergtouren.<\/p>\n<p>Zum 150-j\u00e4hrigen Bestehen der Sektion Uto haben ihre Mitglieder in diesem Buch<br \/>\n47 Touren zusammengestellt, die zu den sieben Sektionsh\u00fctten f\u00fchren oder von<br \/>\ndort aus unternommen werden k\u00f6nnen. Die Tourenvorschl\u00e4ge umfassen einfache<br \/>\nBergwanderungen und anspruchsvolle alpine Wanderungen, aber auch Skitouren und<br \/>\nHochtouren f\u00fcr erfahrene Alpinisten. Praktische Informationen und<br \/>\nKartenskizzen erleichtern die Planung.<\/p>\n<p>Erg\u00e4nzt werden die Tourenvorschl\u00e4ge durch Interessantes zu Architektur und Bau<br \/>\nder SAC-H\u00fctten, Geschichtliches aus dem Umfeld der H\u00fctten und einen Blick auf<br \/>\ndie Folgen der Klima\u00e4nderung.<br \/>\nGebunden, 248 Seiten<\/p>","protected":false},"excerpt":{"rendered":"<p>Das Jubil\u00e4umsbuch der gr\u00f6ssten Schweizer SAC-Sektion. 47 Wanderungen und leichte Bergtouren rund um die H\u00fctten der SAC-Sektion Uto. Viel Wissenswertes zu den H\u00fctten und zu den Anf\u00e4ngen des SAC. Die Z\u00fcrcher Sektion Uto des Schweizer Alpen-Clubs SAC besitzt und unterh\u00e4lt sieben eigene H\u00fctten in den Kantonen Graub\u00fcnden, Tessin, Uri und Wallis. Alle sieben H\u00fctten sind [&#8230;]\n","protected":false},"featured_media":41325,"template":"","meta":[],"product_brand":[],"product_cat":[21542],"product_tag":[],"class_list":{"0":"post-148520","1":"product","2":"type-product","3":"status-publish","4":"has-post-thumbnail","6":"product_cat-sachbuecher-dokumentationen","7":"pa_autor-sac-sektion-uto","8":"pa_erscheinungsjahr-21550","9":"pa_region-schweiz","10":"pa_sprache-de","12":"first","13":"instock","14":"taxable","15":"shipping-taxable","16":"purchasable","17":"product-type-simple"},"_links":{"self":[{"href":"https:\/\/pizbube.ch\/en\/wp-json\/wp\/v2\/product\/148520","targetHints":{"allow":["GET"]}}],"collection":[{"href":"https:\/\/pizbube.ch\/en\/wp-json\/wp\/v2\/product"}],"about":[{"href":"https:\/\/pizbube.ch\/en\/wp-json\/wp\/v2\/types\/product"}],"wp:featuredmedia":[{"embeddable":true,"href":"https:\/\/pizbube.ch\/en\/wp-json\/wp\/v2\/media\/41325"}],"wp:attachment":[{"href":"https:\/\/pizbube.ch\/en\/wp-json\/wp\/v2\/media?parent=148520"}],"wp:term":[{"taxonomy":"product_brand","embeddable":true,"href":"https:\/\/pizbube.ch\/en\/wp-json\/wp\/v2\/product_brand?post=148520"},{"taxonomy":"product_cat","embeddable":true,"href":"https:\/\/pizbube.ch\/en\/wp-json\/wp\/v2\/product_cat?post=148520"},{"taxonomy":"product_tag","embeddable":true,"href":"https:\/\/pizbube.ch\/en\/wp-json\/wp\/v2\/product_tag?post=148520"}],"curies":[{"name":"wp","href":"https:\/\/api.w.org\/{rel}","templated":true}]}}