{"id":148521,"date":"2021-01-15T10:57:34","date_gmt":"2021-01-15T10:57:34","guid":{"rendered":"https:\/\/codengine3.ch\/?product=import-placeholder-for-206768"},"modified":"2025-11-04T12:16:26","modified_gmt":"2025-11-04T11:16:26","slug":"bergfieber-huettenwartinnen-im-portraet","status":"publish","type":"product","link":"https:\/\/pizbube.ch\/en\/shop\/bergfieber-huettenwartinnen-im-portraet\/","title":{"rendered":"Bergfieber &#8211; H\u00fcttenwartinnen im Portr\u00e4t"},"content":{"rendered":"<p>Vom schlichten Matratzenlager bis zum Gourmetrestaurant auf 3000 Metern \u2013 die<br \/>\nH\u00fctten in den Schweizer Alpen haben viele Gesichter und mit ihnen auch die<br \/>\nMenschen, die dort zum Wohl ihrer G\u00e4ste tagein, tagaus wirken und werken.<br \/>\n12 Frauen zwischen 32 und 79 Jahren geben Einblicke in ihr Leben als<br \/>\nH\u00fcttenwartin.<\/p>\n<p>Ob alpines Urgestein oder Quereinsteigerin aus der Stadt, Mutter oder Single-<br \/>\nFrau, Handwerkerin oder Akademikerin, Schweizerin oder Ausl\u00e4nderin: alle haben<br \/>\nsie das Bergfieber! Darum zieht es sie jede Saison erneut z\u2019Berg, wo sie sich<br \/>\nihren Traum verwirklichen als taffe Managerinnen ihres H\u00fcttenreichs,<br \/>\nausgestattet mit einem gro\u00dfen Herzen, dem n\u00f6tigen Nervenkost\u00fcm und einer<br \/>\ngeh\u00f6rigen Prise Improvisationstalent.<\/p>\n<p>Pur, direkt und mit viel Humor schildern diese Frauen das Leben mit Wind und<br \/>\nWetter, die gro\u00dfe Freiheit dort oben am Berg und die Demut, die er lehrt. Ihre<br \/>\nGeschichten machen schmunzeln, stimmen nachdenklich, dann wieder heiter. Denn<br \/>\nwer w\u00fcsste besser als sie, dass nach jedem Regen auch wieder die Sonne<br \/>\nscheint?<br \/>\nTourentipps und thematische Extras runden die Portr\u00e4ts ab.<\/p>\n<p>Mit 150 Farbfotos von Stephan B\u00f6sch und Vanessa P\u00fcntener<br \/>\n7. Auflage Juli 2024<br \/>\n256 Seiten &#8211; 14,5 \u00d7 20,4 cm, gebunden<\/p>","protected":false},"excerpt":{"rendered":"<p>Vom schlichten Matratzenlager bis zum Gourmetrestaurant auf 3000 Metern \u2013 die H\u00fctten in den Schweizer Alpen haben viele Gesichter und mit ihnen auch die Menschen, die dort zum Wohl ihrer G\u00e4ste tagein, tagaus wirken und werken. 12 Frauen zwischen 32 und 79 Jahren geben Einblicke in ihr Leben als H\u00fcttenwartin. Ob alpines Urgestein oder Quereinsteigerin [&#8230;]\n","protected":false},"featured_media":182018,"template":"","meta":[],"product_brand":[],"product_cat":[21542],"product_tag":[],"class_list":{"0":"post-148521","1":"product","2":"type-product","3":"status-publish","4":"has-post-thumbnail","6":"product_cat-sachbuecher-dokumentationen","7":"pa_autor-schwegler","8":"pa_erscheinungsjahr-21597","9":"pa_region-schweiz","10":"pa_sprache-de","12":"first","13":"instock","14":"taxable","15":"shipping-taxable","16":"purchasable","17":"product-type-simple"},"_links":{"self":[{"href":"https:\/\/pizbube.ch\/en\/wp-json\/wp\/v2\/product\/148521","targetHints":{"allow":["GET"]}}],"collection":[{"href":"https:\/\/pizbube.ch\/en\/wp-json\/wp\/v2\/product"}],"about":[{"href":"https:\/\/pizbube.ch\/en\/wp-json\/wp\/v2\/types\/product"}],"wp:featuredmedia":[{"embeddable":true,"href":"https:\/\/pizbube.ch\/en\/wp-json\/wp\/v2\/media\/182018"}],"wp:attachment":[{"href":"https:\/\/pizbube.ch\/en\/wp-json\/wp\/v2\/media?parent=148521"}],"wp:term":[{"taxonomy":"product_brand","embeddable":true,"href":"https:\/\/pizbube.ch\/en\/wp-json\/wp\/v2\/product_brand?post=148521"},{"taxonomy":"product_cat","embeddable":true,"href":"https:\/\/pizbube.ch\/en\/wp-json\/wp\/v2\/product_cat?post=148521"},{"taxonomy":"product_tag","embeddable":true,"href":"https:\/\/pizbube.ch\/en\/wp-json\/wp\/v2\/product_tag?post=148521"}],"curies":[{"name":"wp","href":"https:\/\/api.w.org\/{rel}","templated":true}]}}