{"id":148522,"date":"2021-01-15T10:57:34","date_gmt":"2021-01-15T10:57:34","guid":{"rendered":"https:\/\/codengine3.ch\/?product=import-placeholder-for-208283"},"modified":"2021-09-29T13:42:58","modified_gmt":"2021-09-29T11:42:58","slug":"sf-bi-de-luet-huettengeschichten-staffel-2-dvd","status":"publish","type":"product","link":"https:\/\/pizbube.ch\/en\/shop\/sf-bi-de-luet-huettengeschichten-staffel-2-dvd\/","title":{"rendered":"SF bi de L\u00fct &#8211; H\u00fcttengeschichten &#8211; Staffel 2 &#8211; DVD"},"content":{"rendered":"<p>So romantisch das H\u00fcttenleben auch klingen mag, die H\u00fcttenwarte oder<br \/>\nH\u00fcttenwartinnen erledigen einen Knochenjob. \u00abSF bi de L\u00fct\u00bb verbringt eine<br \/>\nSaison lang auf drei SAC-H\u00fctten und taucht w\u00e4hrend vier Folgen ein in das<br \/>\narbeitsintensive Alltagsleben der H\u00fcttenwarte und ihrer Familien. Tanja<br \/>\nPfammatter und Jeanne Richenberger brechen alle Zelte in der Stadt Z\u00fcrich ab<br \/>\nund verlegen ihren Wohnsitz auf die Rotondoh\u00fctte im Kanton Uri. Die beiden<br \/>\nFrauen sind zuversichtlich, dass sie den ersten G\u00e4steansturm meistern. Ob sie<br \/>\nsich nicht Illusionen machen?<\/p>\n<p>Seit \u00fcber zwanzig Jahren ist Gabi Aschwanden auf der Fridolinsh\u00fctte im Kanton<br \/>\nGlarus H\u00fcttenwartin mit Leib und Seele. Trotzdem ist Gabi an einem Punkt ihres<br \/>\nLeben angekommen, an dem sie mehr will als nur abwaschen und Karotten sch\u00e4len.<br \/>\nPeter und Debi Schwitter, sowie ihre zweij\u00e4hrige Tochter Joline leben von<br \/>\nFr\u00fchling bis Herbst als H\u00fcttenwartfamilie auf der Oberaletschh\u00fctte im Wallis.<br \/>\nDebi ist im achten Monat schwanger. So lange sich Debi wohlf\u00fchlt, will sie auf<br \/>\nder H\u00fctte mitarbeiten und dann zum richtigen Zeitpunkt ins Tal fliegen. K\u00f6nnen<br \/>\nsie die H\u00fctte mit zwei kleinen Kindern in Zukunft \u00fcberhaupt noch weiterf\u00fchren?<br \/>\n\u00abSF bi de L\u00fct \u2013 H\u00fcttengeschichten\u00bb verbringt auch dieses Jahr eine Saison<br \/>\nlang, von Fr\u00fchling bis Herbst, auf drei SAC-H\u00fctten und taucht ein in das<br \/>\narbeitsintensive Alltagsleben der H\u00fcttenwarte und ihrer Familien.<br \/>\nDauer: 176 Min.<\/p>","protected":false},"excerpt":{"rendered":"<p>So romantisch das H\u00fcttenleben auch klingen mag, die H\u00fcttenwarte oder H\u00fcttenwartinnen erledigen einen Knochenjob. \u00abSF bi de L\u00fct\u00bb verbringt eine Saison lang auf drei SAC-H\u00fctten und taucht w\u00e4hrend vier Folgen ein in das arbeitsintensive Alltagsleben der H\u00fcttenwarte und ihrer Familien. Tanja Pfammatter und Jeanne Richenberger brechen alle Zelte in der Stadt Z\u00fcrich ab und verlegen [&#8230;]\n","protected":false},"featured_media":39859,"template":"","meta":[],"product_brand":[],"product_cat":[21628],"product_tag":[],"class_list":{"0":"post-148522","1":"product","2":"type-product","3":"status-publish","4":"has-post-thumbnail","6":"product_cat-video-dvd-multimedia","7":"pa_autor-srf","8":"pa_erscheinungsjahr-21621","9":"pa_region-schweiz","10":"pa_sprache-de","12":"first","13":"instock","14":"taxable","15":"shipping-taxable","16":"purchasable","17":"product-type-simple"},"_links":{"self":[{"href":"https:\/\/pizbube.ch\/en\/wp-json\/wp\/v2\/product\/148522","targetHints":{"allow":["GET"]}}],"collection":[{"href":"https:\/\/pizbube.ch\/en\/wp-json\/wp\/v2\/product"}],"about":[{"href":"https:\/\/pizbube.ch\/en\/wp-json\/wp\/v2\/types\/product"}],"wp:featuredmedia":[{"embeddable":true,"href":"https:\/\/pizbube.ch\/en\/wp-json\/wp\/v2\/media\/39859"}],"wp:attachment":[{"href":"https:\/\/pizbube.ch\/en\/wp-json\/wp\/v2\/media?parent=148522"}],"wp:term":[{"taxonomy":"product_brand","embeddable":true,"href":"https:\/\/pizbube.ch\/en\/wp-json\/wp\/v2\/product_brand?post=148522"},{"taxonomy":"product_cat","embeddable":true,"href":"https:\/\/pizbube.ch\/en\/wp-json\/wp\/v2\/product_cat?post=148522"},{"taxonomy":"product_tag","embeddable":true,"href":"https:\/\/pizbube.ch\/en\/wp-json\/wp\/v2\/product_tag?post=148522"}],"curies":[{"name":"wp","href":"https:\/\/api.w.org\/{rel}","templated":true}]}}