{"id":148523,"date":"2021-01-15T10:57:34","date_gmt":"2021-01-15T10:57:34","guid":{"rendered":"https:\/\/codengine3.ch\/?product=import-placeholder-for-207064"},"modified":"2021-01-15T14:54:47","modified_gmt":"2021-01-15T14:54:47","slug":"firn-aufzeichnungen-am-gletscher","status":"publish","type":"product","link":"https:\/\/pizbube.ch\/en\/shop\/firn-aufzeichnungen-am-gletscher\/","title":{"rendered":"Firn &#8211; Aufzeichnungen am Gletscher"},"content":{"rendered":"<p>Um ihr Auskommen als freie Gestalterin aufzubessern, verbringt Nicola Reiter<br \/>\neinen Sommer als Saisonkraft auf einer SAC H\u00fctte in den Schweizer Alpen am<br \/>\nRand eines Gletschers.<br \/>\nAls es nach tagelangem Nebel bereits Anfang August schneit, wird der<br \/>\nAufenthalt im Gebirge zu einer Belastungsprobe: Die G\u00e4ste bleiben fern, der<br \/>\nStrom f\u00e4llt aus und zum Schluss versiegt sogar das Wasser. In FIRN<br \/>\nprotokolliert Nicola Reiter ihren neuen Alltag in Form eines literarischen<br \/>\nTagebuchs. Die Baumgrenze wird dabei zu einer imagin\u00e4ren Linie, die das<br \/>\nUnvorhersehbare in den Bergen von dem bequemen Dasein in der Gro\u00dfstadt trennt.<br \/>\nMit jedem Tag r\u00fcckt es f\u00fcr die Autorin in immer weitere Ferne.  <\/p>\n<p>`Nirgendwo in Blickweite gibt es ein weiteres von Menschen gemachtes Licht.<br \/>\nIch f\u00fchle mich mit der Taschenlampe in meiner Hand wie ein winziger Punkt und<br \/>\nhalte es f\u00fcr durchaus m\u00f6glich, dass ich im n\u00e4chsten Moment weggepustet werde,<br \/>\nso wie ich eben die Kerzen in der Stube ausgeblasen habe.` Nicola Reiter in<br \/>\ndiesem Buch.  <\/p>\n<p>Bei `Firn` handelt es sich um ein Gesamtkunstwerk, denn die Autorin zeichnet<br \/>\nnicht nur f\u00fcr den Text verantwortlich sondern auch f\u00fcr die Gestaltung des<br \/>\nBuches. Alles korrespondiert mit allem. Einmal, als es der Protagonistin<br \/>\nlangweilig ist, beginnt sie Inventarlisten anzufertigen, die den zweiten Teil<br \/>\ndes Buches ausmachen und im dritten Teil sind die Fotografien versammelt, von<br \/>\ndenen oben schon die Rede war. Und das Ganze ist einfach sch\u00f6n, verdammt<br \/>\nsch\u00f6n.  <\/p>","protected":false},"excerpt":{"rendered":"<p>Um ihr Auskommen als freie Gestalterin aufzubessern, verbringt Nicola Reiter einen Sommer als Saisonkraft auf einer SAC H\u00fctte in den Schweizer Alpen am Rand eines Gletschers. Als es nach tagelangem Nebel bereits Anfang August schneit, wird der Aufenthalt im Gebirge zu einer Belastungsprobe: Die G\u00e4ste bleiben fern, der Strom f\u00e4llt aus und zum Schluss versiegt [&#8230;]\n","protected":false},"featured_media":36645,"template":"","meta":[],"product_brand":[],"product_cat":[21629],"product_tag":[],"class_list":{"0":"post-148523","1":"product","2":"type-product","3":"status-publish","4":"has-post-thumbnail","6":"product_cat-belletristik","7":"pa_autor-reiter","8":"pa_erscheinungsjahr-21621","9":"pa_region-schweiz","10":"pa_sprache-de","12":"first","13":"outofstock","14":"taxable","15":"shipping-taxable","16":"purchasable","17":"product-type-simple"},"_links":{"self":[{"href":"https:\/\/pizbube.ch\/en\/wp-json\/wp\/v2\/product\/148523","targetHints":{"allow":["GET"]}}],"collection":[{"href":"https:\/\/pizbube.ch\/en\/wp-json\/wp\/v2\/product"}],"about":[{"href":"https:\/\/pizbube.ch\/en\/wp-json\/wp\/v2\/types\/product"}],"wp:featuredmedia":[{"embeddable":true,"href":"https:\/\/pizbube.ch\/en\/wp-json\/wp\/v2\/media\/36645"}],"wp:attachment":[{"href":"https:\/\/pizbube.ch\/en\/wp-json\/wp\/v2\/media?parent=148523"}],"wp:term":[{"taxonomy":"product_brand","embeddable":true,"href":"https:\/\/pizbube.ch\/en\/wp-json\/wp\/v2\/product_brand?post=148523"},{"taxonomy":"product_cat","embeddable":true,"href":"https:\/\/pizbube.ch\/en\/wp-json\/wp\/v2\/product_cat?post=148523"},{"taxonomy":"product_tag","embeddable":true,"href":"https:\/\/pizbube.ch\/en\/wp-json\/wp\/v2\/product_tag?post=148523"}],"curies":[{"name":"wp","href":"https:\/\/api.w.org\/{rel}","templated":true}]}}