{"id":148524,"date":"2021-01-15T10:57:34","date_gmt":"2021-01-15T10:57:34","guid":{"rendered":"https:\/\/codengine3.ch\/?product=import-placeholder-for-207743"},"modified":"2025-01-04T13:36:27","modified_gmt":"2025-01-04T12:36:27","slug":"sac-huettenarchitektur","status":"publish","type":"product","link":"https:\/\/pizbube.ch\/en\/shop\/sac-huettenarchitektur\/","title":{"rendered":"SAC-H\u00dcTTENARCHITEKTUR"},"content":{"rendered":"<p>SAC-H\u00fctten-Architektur<\/p>\n<p>Mit abwechslungsreichen Ein- und Mehrtagestouren<\/p>\n<p>Die verbl\u00fcffende Vielfalt von SAC-H\u00fctten erschliesst sich dem Wanderer bei<br \/>\nmehrt\u00e4gigen Touren in den Schweizer Alpen. Wurde fr\u00fcher oft mit Stein gebaut,<br \/>\nwerden heutzutage bei An- und Ersatzbauten die unterschiedlichsten<br \/>\nKonstruktionsmaterialien verwendet, modernste Technologien und nachhaltige<br \/>\nHaustechnikkonzepte umgesetzt.<\/p>\n<p>Auch die Grundrisse haben sich ge\u00e4ndert, durch Bed\u00fcrfnisse und Anforderungen<br \/>\nunterschiedlicher Seiten. Dies widerspiegelt die gemachten Erfahrungen des<br \/>\nSchweizer Alpen Club w\u00e4hrend der letzten 150 Jahre.<\/p>\n<p>2., \u00fcberarbeitete Auflage 2022<br \/>\n352 Seiten, 21,8 \u00d7 25,9 cm, gebunden, Softcover<br \/>\nMit 397 Abbildungen, 63 Grundrisse\/Schnitte und 18 Karten.<\/p>","protected":false},"excerpt":{"rendered":"<p>SAC-H\u00fctten-Architektur Mit abwechslungsreichen Ein- und Mehrtagestouren Die verbl\u00fcffende Vielfalt von SAC-H\u00fctten erschliesst sich dem Wanderer bei mehrt\u00e4gigen Touren in den Schweizer Alpen. Wurde fr\u00fcher oft mit Stein gebaut, werden heutzutage bei An- und Ersatzbauten die unterschiedlichsten Konstruktionsmaterialien verwendet, modernste Technologien und nachhaltige Haustechnikkonzepte umgesetzt. Auch die Grundrisse haben sich ge\u00e4ndert, durch Bed\u00fcrfnisse und Anforderungen unterschiedlicher [&#8230;]\n","protected":false},"featured_media":157397,"template":"","meta":[],"product_brand":[],"product_cat":[21542],"product_tag":[],"class_list":{"0":"post-148524","1":"product","2":"type-product","3":"status-publish","4":"has-post-thumbnail","6":"product_cat-sachbuecher-dokumentationen","7":"pa_autor-zettel","8":"pa_erscheinungsjahr-27013","9":"pa_region-schweiz","10":"pa_sprache-de","12":"first","13":"onbackorder","14":"taxable","15":"shipping-taxable","16":"purchasable","17":"product-type-simple"},"_links":{"self":[{"href":"https:\/\/pizbube.ch\/en\/wp-json\/wp\/v2\/product\/148524","targetHints":{"allow":["GET"]}}],"collection":[{"href":"https:\/\/pizbube.ch\/en\/wp-json\/wp\/v2\/product"}],"about":[{"href":"https:\/\/pizbube.ch\/en\/wp-json\/wp\/v2\/types\/product"}],"wp:featuredmedia":[{"embeddable":true,"href":"https:\/\/pizbube.ch\/en\/wp-json\/wp\/v2\/media\/157397"}],"wp:attachment":[{"href":"https:\/\/pizbube.ch\/en\/wp-json\/wp\/v2\/media?parent=148524"}],"wp:term":[{"taxonomy":"product_brand","embeddable":true,"href":"https:\/\/pizbube.ch\/en\/wp-json\/wp\/v2\/product_brand?post=148524"},{"taxonomy":"product_cat","embeddable":true,"href":"https:\/\/pizbube.ch\/en\/wp-json\/wp\/v2\/product_cat?post=148524"},{"taxonomy":"product_tag","embeddable":true,"href":"https:\/\/pizbube.ch\/en\/wp-json\/wp\/v2\/product_tag?post=148524"}],"curies":[{"name":"wp","href":"https:\/\/api.w.org\/{rel}","templated":true}]}}