{"id":148525,"date":"2021-01-15T10:57:34","date_gmt":"2021-01-15T10:57:34","guid":{"rendered":"https:\/\/codengine3.ch\/?product=import-placeholder-for-207777"},"modified":"2021-01-15T16:58:31","modified_gmt":"2021-01-15T16:58:31","slug":"les-refuges-du-mont-blanc","status":"publish","type":"product","link":"https:\/\/pizbube.ch\/en\/shop\/les-refuges-du-mont-blanc\/","title":{"rendered":"Les refuges du Mont-Blanc"},"content":{"rendered":"<p>Les refuges jalonnent la haute montagne comme autant d&#8217;\u00eelots salvateurs pour<br \/>\nles alpinistes. Dominique Potard nous raconte leur histoire, comment ils ont<br \/>\n\u00e9t\u00e9 construits dans les lieux les plus inaccessibles. Iil nous raconte aussi<br \/>\nles histoires qu&#8217;il abritent, tragiques ou burlesques, huis-clos suspendus en<br \/>\nplein ciel, o\u00f9 les hommes se r\u00e9v\u00e8lent.<\/p>\n<p>Les alpinistes y jettent l\u2019ancre le soir venu. \u00celots rocheux \u00e9mergeant des<br \/>\nglaces, plates-formes au pied des parois, cr\u00eates de moraines, autant de lieux,<br \/>\no\u00f9, au fil du temps, se sont dress\u00e9s des abris contre le froid et les rudesses<br \/>\ndu climat montagnard. Le massif du Mont-Blanc en compte la plus forte<br \/>\nconcentration. Refuges, h\u00f4telleries d\u2019altitude, abris-bivouacs, recoins<br \/>\nd\u2019altitude charg\u00e9s d\u2019Histoire et d\u2019histoires, t\u00e9moins de l\u2019esp\u00e8ce humaine en<br \/>\nsituation de survie. Des premi\u00e8res murettes de l\u2019\u00e2ge de pierre aux vaisseaux<br \/>\nphotovolta\u00efques de l\u2019\u00e2ge de verre, ce livre nous transporte au coeur de<br \/>\nl\u2019\u00e9volution de l\u2019habitat des cimes en un si\u00e8cle et demi, et d\u00e9montre, non sans<br \/>\nhumour, \u00e0 quel point la notion de confort est inh\u00e9rente aux pr\u00e9occupations de<br \/>\nl\u2019homme.<\/p>\n<p>Une \u00e0 une, des petites lumi\u00e8res se sont allum\u00e9es autour du souverain des<br \/>\nAlpes, d\u00e9versant elles-m\u00eames, au c\u0153ur de la nuit, leur flot de lumi\u00e8res plus<br \/>\npetites encore, s\u2019\u00e9grenant en file indienne sur les flancs de la montagne,<br \/>\nlanternes d\u2019autrefois, lampes frontales d\u2019aujourd\u2019hui. On appelle les<br \/>\ncapitaines d\u2019escale les \u00ab gardiens \u00bb, anges gardiens des intr\u00e9pides<br \/>\nnavigateurs des glaciers, gardiens du bien savoir-vivre ensemble, gardiens du<br \/>\n\u00ab Temple de la Nature \u00bb, le nom du premier refuge de montagne.<\/p>","protected":false},"excerpt":{"rendered":"<p>Les refuges jalonnent la haute montagne comme autant d&#8217;\u00eelots salvateurs pour les alpinistes. Dominique Potard nous raconte leur histoire, comment ils ont \u00e9t\u00e9 construits dans les lieux les plus inaccessibles. Iil nous raconte aussi les histoires qu&#8217;il abritent, tragiques ou burlesques, huis-clos suspendus en plein ciel, o\u00f9 les hommes se r\u00e9v\u00e8lent. Les alpinistes y jettent [&#8230;]\n","protected":false},"featured_media":41093,"template":"","meta":[],"product_brand":[],"product_cat":[21542],"product_tag":[],"class_list":{"0":"post-148525","1":"product","2":"type-product","3":"status-publish","4":"has-post-thumbnail","6":"product_cat-sachbuecher-dokumentationen","7":"pa_autor-potard","8":"pa_erscheinungsjahr-21571","9":"pa_region-frankreich","10":"pa_sprache-fr","12":"first","13":"instock","14":"taxable","15":"shipping-taxable","16":"purchasable","17":"product-type-simple"},"_links":{"self":[{"href":"https:\/\/pizbube.ch\/en\/wp-json\/wp\/v2\/product\/148525","targetHints":{"allow":["GET"]}}],"collection":[{"href":"https:\/\/pizbube.ch\/en\/wp-json\/wp\/v2\/product"}],"about":[{"href":"https:\/\/pizbube.ch\/en\/wp-json\/wp\/v2\/types\/product"}],"wp:featuredmedia":[{"embeddable":true,"href":"https:\/\/pizbube.ch\/en\/wp-json\/wp\/v2\/media\/41093"}],"wp:attachment":[{"href":"https:\/\/pizbube.ch\/en\/wp-json\/wp\/v2\/media?parent=148525"}],"wp:term":[{"taxonomy":"product_brand","embeddable":true,"href":"https:\/\/pizbube.ch\/en\/wp-json\/wp\/v2\/product_brand?post=148525"},{"taxonomy":"product_cat","embeddable":true,"href":"https:\/\/pizbube.ch\/en\/wp-json\/wp\/v2\/product_cat?post=148525"},{"taxonomy":"product_tag","embeddable":true,"href":"https:\/\/pizbube.ch\/en\/wp-json\/wp\/v2\/product_tag?post=148525"}],"curies":[{"name":"wp","href":"https:\/\/api.w.org\/{rel}","templated":true}]}}