{"id":148526,"date":"2021-01-15T10:57:34","date_gmt":"2021-01-15T10:57:34","guid":{"rendered":"https:\/\/codengine3.ch\/?product=import-placeholder-for-208282"},"modified":"2021-01-15T17:52:16","modified_gmt":"2021-01-15T17:52:16","slug":"hoch-hinaus-wege-und-huetten-in-den-alpen","status":"publish","type":"product","link":"https:\/\/pizbube.ch\/en\/shop\/hoch-hinaus-wege-und-huetten-in-den-alpen\/","title":{"rendered":"HOCH HINAUS! Wege und H\u00fctten in den Alpen"},"content":{"rendered":"<p>Das H\u00fctten- und Wegenetz in den Alpen entstand innerhalb weniger Jahrzehnte.<br \/>\nEs war Voraussetzung und Anreiz zugleich f\u00fcr die starke Zunahme des<br \/>\nBergtourismus, der sich mit der Gr\u00fcndung der alpinen Vereine eine<br \/>\norganisatorische Basis schuf. In den Ostalpen trugen der Deutsche und<br \/>\n\u00d6sterreichische Alpenverein den Hauptanteil dieser Entwicklung.  <\/p>\n<p>Das Buch nimmt die Wege und H\u00fctten als Zeugnisse der Natur- und<br \/>\nAlpenbegeisterung in den Blick. Sie geben Auskunft dar\u00fcber, welche Ziele die<br \/>\nMitglieder mit dem Besuch der Alpen verbanden, wie sie sich in den Bergen<br \/>\nbewegten und welchen Grundhaltungen sie sich verpflichtet f\u00fchlten.<br \/>\nGleichzeitig erz\u00e4hlen sie davon, wie die Vereine sich mit der einheimischen<br \/>\nBev\u00f6lkerung, den rasant steigenden G\u00e4stezahlen und dem wirtschaftlichen Druck<br \/>\nauseinandersetzen mussten. Heute stehen Anforderungen von Umwelt- und<br \/>\nDenkmalschutz sowie Auseinandersetzungen um eine zeitgem\u00e4\u00dfe Architektursprache<br \/>\nim Fokus.<\/p>\n<p>Diese zweib\u00e4ndige Publikation ist ein Gemeinschaftswerk von \u00d6sterreichischem,<br \/>\nDeutschem und S\u00fcdtiroler Alpenverein. Es thematisiert die Geschichte der Wege<br \/>\nund H\u00fctten in den letzten 150 Jahren. Von kulturgeschichtlichen<br \/>\nVoraussetzungen bis hin zu technischen Herausforderungen der Gegenwart bieten<br \/>\ndie zw\u00f6lf Beitr\u00e4ge und Bildstrecken eine umfassende Geschichte der Wege und<br \/>\nH\u00fctten in den letzten 150 Jahren.<\/p>\n<p>Der zweite Band enth\u00e4lt ein historisches H\u00fcttenverzeichnis mit rund 1.800<br \/>\nH\u00fctten, Biwakschachteln und Aussichtswarten.  <\/p>\n<p>Das zweib\u00e4ndige Werk ist opulent ausgestattet. Zahlreiche Abbildungen, ein<br \/>\numfangreiches Register sowie ein H\u00fcttenverzeichnis mit allen bestehenden und<br \/>\nehemaligen H\u00fctten machen das Buch zu einem Muss f\u00fcr alle an der Bergwelt<br \/>\nInteressierten.<\/p>","protected":false},"excerpt":{"rendered":"<p>Das H\u00fctten- und Wegenetz in den Alpen entstand innerhalb weniger Jahrzehnte. Es war Voraussetzung und Anreiz zugleich f\u00fcr die starke Zunahme des Bergtourismus, der sich mit der Gr\u00fcndung der alpinen Vereine eine organisatorische Basis schuf. In den Ostalpen trugen der Deutsche und \u00d6sterreichische Alpenverein den Hauptanteil dieser Entwicklung. Das Buch nimmt die Wege und H\u00fctten [&#8230;]\n","protected":false},"featured_media":39865,"template":"","meta":[],"product_brand":[],"product_cat":[21542],"product_tag":[],"class_list":{"0":"post-148526","1":"product","2":"type-product","3":"status-publish","4":"has-post-thumbnail","6":"product_cat-sachbuecher-dokumentationen","7":"pa_autor-avs","8":"pa_autor-dav","9":"pa_autor-oeav-2","10":"pa_erscheinungsjahr-21571","11":"pa_region-oesterreich","12":"pa_sprache-de","14":"first","15":"instock","16":"taxable","17":"shipping-taxable","18":"purchasable","19":"product-type-simple"},"_links":{"self":[{"href":"https:\/\/pizbube.ch\/en\/wp-json\/wp\/v2\/product\/148526","targetHints":{"allow":["GET"]}}],"collection":[{"href":"https:\/\/pizbube.ch\/en\/wp-json\/wp\/v2\/product"}],"about":[{"href":"https:\/\/pizbube.ch\/en\/wp-json\/wp\/v2\/types\/product"}],"wp:featuredmedia":[{"embeddable":true,"href":"https:\/\/pizbube.ch\/en\/wp-json\/wp\/v2\/media\/39865"}],"wp:attachment":[{"href":"https:\/\/pizbube.ch\/en\/wp-json\/wp\/v2\/media?parent=148526"}],"wp:term":[{"taxonomy":"product_brand","embeddable":true,"href":"https:\/\/pizbube.ch\/en\/wp-json\/wp\/v2\/product_brand?post=148526"},{"taxonomy":"product_cat","embeddable":true,"href":"https:\/\/pizbube.ch\/en\/wp-json\/wp\/v2\/product_cat?post=148526"},{"taxonomy":"product_tag","embeddable":true,"href":"https:\/\/pizbube.ch\/en\/wp-json\/wp\/v2\/product_tag?post=148526"}],"curies":[{"name":"wp","href":"https:\/\/api.w.org\/{rel}","templated":true}]}}