{"id":148534,"date":"2021-01-15T10:57:34","date_gmt":"2021-01-15T10:57:34","guid":{"rendered":"https:\/\/codengine3.ch\/?product=import-placeholder-for-200445"},"modified":"2021-01-15T10:57:40","modified_gmt":"2021-01-15T10:57:40","slug":"rega-backstage","status":"publish","type":"product","link":"https:\/\/pizbube.ch\/en\/shop\/rega-backstage\/","title":{"rendered":"Rega &#8211; Backstage"},"content":{"rendered":"<p>Rega \u2013 Die Erfolgsgeschichte in der der Luftrettung<\/p>\n<p>Seit der Gr\u00fcndung haben Generationen von Mitarbeitenden die Schweizerische<br \/>\nRettungsflugwacht Rega und damit die Entwicklung der Luftrettung in der<br \/>\nSchweiz gepr\u00e4gt. In starken Bildern und spannenden Texten erz\u00e4hlt dieses Buch<br \/>\nder Leserschaft viel Wissenswertes \u00fcber die Schweizerische Rettungsflugwacht.<br \/>\nEs gew\u00e4hrt unter anderem Einblick in die moderne Einsatzzentrale und den<br \/>\nHangar mit dem Rega-eigenen Unterhaltsbetrieb f\u00fcr die 17 Rettungshelikopter<br \/>\nund 3 Ambulanzjets.<\/p>\n<p>Weiter zeigen die Autoren, wie sich die Rega daf\u00fcr einsetzt, dass modernste<br \/>\nMedizin auch in der Luft m\u00f6glich ist. Werfen Sie einen Blick hinter die<br \/>\nKulissen und lesen Sie, was die Faszination der Rega ausmacht und wer die<br \/>\nMenschen sind, die sich t\u00e4glich f\u00fcr ihre Patienten einsetzen.<\/p>\n<p>Viersprachig d\/e\/f\/i; 128 Seiten, 152 Abb. vierfarbig; 30 x 24 cm; Hardcover<\/p>","protected":false},"excerpt":{"rendered":"<p>Rega \u2013 Die Erfolgsgeschichte in der der Luftrettung Seit der Gr\u00fcndung haben Generationen von Mitarbeitenden die Schweizerische Rettungsflugwacht Rega und damit die Entwicklung der Luftrettung in der Schweiz gepr\u00e4gt. In starken Bildern und spannenden Texten erz\u00e4hlt dieses Buch der Leserschaft viel Wissenswertes \u00fcber die Schweizerische Rettungsflugwacht. Es gew\u00e4hrt unter anderem Einblick in die moderne Einsatzzentrale [&#8230;]\n","protected":false},"featured_media":26908,"template":"","meta":[],"product_brand":[],"product_cat":[21542],"product_tag":[],"class_list":{"0":"post-148534","1":"product","2":"type-product","3":"status-publish","4":"has-post-thumbnail","6":"product_cat-sachbuecher-dokumentationen","7":"pa_autor-hoerhager-lendenmann-pfeiffer-stuenzi","8":"pa_erscheinungsjahr-21597","9":"pa_region-schweiz","10":"pa_sprache-de-fr-en-it","12":"first","13":"instock","14":"taxable","15":"shipping-taxable","16":"purchasable","17":"product-type-simple"},"_links":{"self":[{"href":"https:\/\/pizbube.ch\/en\/wp-json\/wp\/v2\/product\/148534","targetHints":{"allow":["GET"]}}],"collection":[{"href":"https:\/\/pizbube.ch\/en\/wp-json\/wp\/v2\/product"}],"about":[{"href":"https:\/\/pizbube.ch\/en\/wp-json\/wp\/v2\/types\/product"}],"wp:featuredmedia":[{"embeddable":true,"href":"https:\/\/pizbube.ch\/en\/wp-json\/wp\/v2\/media\/26908"}],"wp:attachment":[{"href":"https:\/\/pizbube.ch\/en\/wp-json\/wp\/v2\/media?parent=148534"}],"wp:term":[{"taxonomy":"product_brand","embeddable":true,"href":"https:\/\/pizbube.ch\/en\/wp-json\/wp\/v2\/product_brand?post=148534"},{"taxonomy":"product_cat","embeddable":true,"href":"https:\/\/pizbube.ch\/en\/wp-json\/wp\/v2\/product_cat?post=148534"},{"taxonomy":"product_tag","embeddable":true,"href":"https:\/\/pizbube.ch\/en\/wp-json\/wp\/v2\/product_tag?post=148534"}],"curies":[{"name":"wp","href":"https:\/\/api.w.org\/{rel}","templated":true}]}}