{"id":148535,"date":"2021-01-15T10:57:34","date_gmt":"2021-01-15T10:57:34","guid":{"rendered":"https:\/\/codengine3.ch\/?product=import-placeholder-for-200802"},"modified":"2025-09-19T09:46:57","modified_gmt":"2025-09-19T07:46:57","slug":"globi-bei-der-rettungsflugwacht","status":"publish","type":"product","link":"https:\/\/pizbube.ch\/en\/shop\/globi-bei-der-rettungsflugwacht\/","title":{"rendered":"Globi bei der Rettungsflugwacht"},"content":{"rendered":"<p>GLOBI hat sich kurzentschlossen- oder REGA angeschlossen&#8230;<br \/>\nEin Freund st\u00fcrzt ab, Globi hilft. Kurz darauf bekommt er eine Ausbildung zum<br \/>\nRetter und Piloten. Mit der Rettungsflugwacht erlebt er viele spannende<br \/>\nSituationen, in denen Menschen und Tieren geholfen werden muss.<\/p>\n<p>Band 55<\/p>\n<div class=\"content\">\n<p>Globi und Hans freuen sich \u00fcber freie Zeit und gehen Wandern. Dabei kommt es zu einem ungl\u00fccklichen Zwischenfall. Hans st\u00fcrzt ab, Globi hilft.<br \/>\nKurz darauf bekommt er eine Ausbildung zum Retter und Piloten.<br \/>\nMit der Rettungsflugwacht erlebt er viele aufregende Situationen, in denen Menschen und Tieren geholfen werden muss.<\/p>\n<\/div>","protected":false},"excerpt":{"rendered":"<p>GLOBI hat sich kurzentschlossen- oder REGA angeschlossen&#8230; Ein Freund st\u00fcrzt ab, Globi hilft. Kurz darauf bekommt er eine Ausbildung zum Retter und Piloten. Mit der Rettungsflugwacht erlebt er viele spannende Situationen, in denen Menschen und Tieren geholfen werden muss. Band 55 Globi und Hans freuen sich \u00fcber freie Zeit und gehen Wandern. Dabei kommt es [&#8230;]\n","protected":false},"featured_media":159576,"template":"","meta":[],"product_brand":[],"product_cat":[21881],"product_tag":[26864,26863],"class_list":{"0":"post-148535","1":"product","2":"type-product","3":"status-publish","4":"has-post-thumbnail","6":"product_cat-comics","7":"product_tag-kinderbuch","8":"product_tag-kinderbuecher","9":"pa_autor-lips","10":"pa_erscheinungsjahr-21693","11":"pa_region-schweiz","12":"pa_sprache-de","14":"first","15":"instock","16":"taxable","17":"shipping-taxable","18":"purchasable","19":"product-type-simple"},"_links":{"self":[{"href":"https:\/\/pizbube.ch\/en\/wp-json\/wp\/v2\/product\/148535","targetHints":{"allow":["GET"]}}],"collection":[{"href":"https:\/\/pizbube.ch\/en\/wp-json\/wp\/v2\/product"}],"about":[{"href":"https:\/\/pizbube.ch\/en\/wp-json\/wp\/v2\/types\/product"}],"wp:featuredmedia":[{"embeddable":true,"href":"https:\/\/pizbube.ch\/en\/wp-json\/wp\/v2\/media\/159576"}],"wp:attachment":[{"href":"https:\/\/pizbube.ch\/en\/wp-json\/wp\/v2\/media?parent=148535"}],"wp:term":[{"taxonomy":"product_brand","embeddable":true,"href":"https:\/\/pizbube.ch\/en\/wp-json\/wp\/v2\/product_brand?post=148535"},{"taxonomy":"product_cat","embeddable":true,"href":"https:\/\/pizbube.ch\/en\/wp-json\/wp\/v2\/product_cat?post=148535"},{"taxonomy":"product_tag","embeddable":true,"href":"https:\/\/pizbube.ch\/en\/wp-json\/wp\/v2\/product_tag?post=148535"}],"curies":[{"name":"wp","href":"https:\/\/api.w.org\/{rel}","templated":true}]}}