{"id":148536,"date":"2021-01-15T10:57:34","date_gmt":"2021-01-15T10:57:34","guid":{"rendered":"https:\/\/codengine3.ch\/?product=import-placeholder-for-207135"},"modified":"2021-01-15T14:55:28","modified_gmt":"2021-01-15T14:55:28","slug":"1414-die-erfolgsgeschichte-der-rega-und-ihre-gesichter","status":"publish","type":"product","link":"https:\/\/pizbube.ch\/en\/shop\/1414-die-erfolgsgeschichte-der-rega-und-ihre-gesichter\/","title":{"rendered":"1414 &#8211; Die Erfolgsgeschichte der Rega und ihre Gesichter"},"content":{"rendered":"<p>Die Rega ist im Inland verehrt, geliebt und bewundert, im Ausland als<br \/>\nOrganisation und Partnerin respektiert. Gegen 2,4 Millionen G\u00f6nnerinnen und<br \/>\nG\u00f6nner bilden ihr R\u00fcckgrat und erm\u00f6glichen landesweite Luftrettung und<br \/>\nweltweite Repatriierung verletzter und erkrankter Menschen. In &#8218;1414&#8216; l\u00e4sst<br \/>\nFranziska Schl\u00e4pfer Menschen sprechen, von denen die Rega lebt: Piloten,<br \/>\n\u00c4rztin und Mechanikerin, Einsatzleiterin und Rettungssanit\u00e4ter, die<br \/>\nMediensprecherin, den langj\u00e4hrigen Stiftungsratspr\u00e4sidenten.  <\/p>\n<p>Auch Pioniere der Rega und Gerettete. Sie alle berichten von Erfolgen und<br \/>\nR\u00fcckschl\u00e4gen, von schlafraubenden Eins\u00e4tzen und nie vergessenen Erlebnissen,<br \/>\nvon gl\u00fccklichen Momenten und elenden Augenblicken. Gianni Pisano hat die<br \/>\nPortr\u00e4tierten im Hangar der Rega ausdrucksstark ins Bild gesetzt. Eine reich<br \/>\nillustrierte Chronik veranschaulicht die abenteuerlichen Anf\u00e4nge der Rega und<br \/>\nihre fulminante Entwicklung.  <\/p>","protected":false},"excerpt":{"rendered":"<p>Die Rega ist im Inland verehrt, geliebt und bewundert, im Ausland als Organisation und Partnerin respektiert. Gegen 2,4 Millionen G\u00f6nnerinnen und G\u00f6nner bilden ihr R\u00fcckgrat und erm\u00f6glichen landesweite Luftrettung und weltweite Repatriierung verletzter und erkrankter Menschen. In &#8218;1414&#8216; l\u00e4sst Franziska Schl\u00e4pfer Menschen sprechen, von denen die Rega lebt: Piloten, \u00c4rztin und Mechanikerin, Einsatzleiterin und Rettungssanit\u00e4ter, [&#8230;]\n","protected":false},"featured_media":36747,"template":"","meta":[],"product_brand":[],"product_cat":[21542],"product_tag":[],"class_list":{"0":"post-148536","1":"product","2":"type-product","3":"status-publish","4":"has-post-thumbnail","6":"product_cat-sachbuecher-dokumentationen","7":"pa_autor-schlaepfer","8":"pa_erscheinungsjahr-21621","9":"pa_region-schweiz","10":"pa_sprache-de","12":"first","13":"instock","14":"taxable","15":"shipping-taxable","16":"purchasable","17":"product-type-simple"},"_links":{"self":[{"href":"https:\/\/pizbube.ch\/en\/wp-json\/wp\/v2\/product\/148536","targetHints":{"allow":["GET"]}}],"collection":[{"href":"https:\/\/pizbube.ch\/en\/wp-json\/wp\/v2\/product"}],"about":[{"href":"https:\/\/pizbube.ch\/en\/wp-json\/wp\/v2\/types\/product"}],"wp:featuredmedia":[{"embeddable":true,"href":"https:\/\/pizbube.ch\/en\/wp-json\/wp\/v2\/media\/36747"}],"wp:attachment":[{"href":"https:\/\/pizbube.ch\/en\/wp-json\/wp\/v2\/media?parent=148536"}],"wp:term":[{"taxonomy":"product_brand","embeddable":true,"href":"https:\/\/pizbube.ch\/en\/wp-json\/wp\/v2\/product_brand?post=148536"},{"taxonomy":"product_cat","embeddable":true,"href":"https:\/\/pizbube.ch\/en\/wp-json\/wp\/v2\/product_cat?post=148536"},{"taxonomy":"product_tag","embeddable":true,"href":"https:\/\/pizbube.ch\/en\/wp-json\/wp\/v2\/product_tag?post=148536"}],"curies":[{"name":"wp","href":"https:\/\/api.w.org\/{rel}","templated":true}]}}