{"id":148537,"date":"2021-01-15T10:57:34","date_gmt":"2021-01-15T10:57:34","guid":{"rendered":"https:\/\/codengine3.ch\/?product=import-placeholder-for-205064"},"modified":"2021-01-15T14:38:25","modified_gmt":"2021-01-15T14:38:25","slug":"sos-im-hochgebirge","status":"publish","type":"product","link":"https:\/\/pizbube.ch\/en\/shop\/sos-im-hochgebirge\/","title":{"rendered":"SOS im Hochgebirge"},"content":{"rendered":"<p>Meine spannendsten Eins\u00e4tze mit der Bergrettung  <\/p>\n<p>In den Sommerwochen fliegen sie bis zu sechzehn Eins\u00e4tze am Tag: Emmanuel<br \/>\nCauchy, der als Arzt bei der Bergwacht in Chamonix schon Tausende von<br \/>\nNotf\u00e4llen erlebte, schildert hier erstmals die dramatischsten F\u00e4lle aus \u00fcber<br \/>\nf\u00fcnfzehn Jahren Unfallpraxis.  <\/p>\n<p>Wenn der Notruf eingeht und Emmanuel Cauchy mit dem Helikopter startet, gilt<br \/>\nes im Montblanc-Massiv Wunden zu versorgen, Schmerzen zu lindern, Men\u00adschen<br \/>\naus t\u00f6dlicher Gefahr zu befreien. Erstmals gibt der ber\u00fchmte Arzt und<br \/>\nerfahrene Bergf\u00fchrer bei der Bergrettung in Chamonix, den sie &#8218;Docteur<br \/>\nVertical&#8216; nennen, Einblicke in die t\u00e4gliche Arbeit im Team des weltber\u00fchmten<br \/>\nPGHM. Eindrucksvoll dokumentiert der bekannte Lebensretter die<br \/>\nZerbrechlichkeit des In\u00ad\u00addi\u00adviduums im extremen Gel\u00e4nde, berichtet von<br \/>\nAb\u00ad\u00adst\u00fcrzen, Unf\u00e4llen und Verletzungen durch pl\u00f6tzlichen Wetterumschwung oder<br \/>\nSteinschlag, von Herz-Kreis\u00adlauf-Symptomen, Unterk\u00fchlungen und<br \/>\nKnochen\u00adbr\u00fcchen. Von \u00e4ngstlichen Angeh\u00f6rigen. Und von der unertr\u00e4glichen<br \/>\nSpannung derer, die am Berg auf sein Eintreffen warten.  <\/p>","protected":false},"excerpt":{"rendered":"<p>Meine spannendsten Eins\u00e4tze mit der Bergrettung In den Sommerwochen fliegen sie bis zu sechzehn Eins\u00e4tze am Tag: Emmanuel Cauchy, der als Arzt bei der Bergwacht in Chamonix schon Tausende von Notf\u00e4llen erlebte, schildert hier erstmals die dramatischsten F\u00e4lle aus \u00fcber f\u00fcnfzehn Jahren Unfallpraxis. Wenn der Notruf eingeht und Emmanuel Cauchy mit dem Helikopter startet, gilt [&#8230;]\n","protected":false},"featured_media":33660,"template":"","meta":[],"product_brand":[],"product_cat":[21542],"product_tag":[],"class_list":{"0":"post-148537","1":"product","2":"type-product","3":"status-publish","4":"has-post-thumbnail","6":"product_cat-sachbuecher-dokumentationen","7":"pa_autor-cauchy","8":"pa_erscheinungsjahr-21842","9":"pa_region-deutschland","10":"pa_sprache-de","12":"first","13":"instock","14":"taxable","15":"shipping-taxable","16":"purchasable","17":"product-type-simple"},"_links":{"self":[{"href":"https:\/\/pizbube.ch\/en\/wp-json\/wp\/v2\/product\/148537","targetHints":{"allow":["GET"]}}],"collection":[{"href":"https:\/\/pizbube.ch\/en\/wp-json\/wp\/v2\/product"}],"about":[{"href":"https:\/\/pizbube.ch\/en\/wp-json\/wp\/v2\/types\/product"}],"wp:featuredmedia":[{"embeddable":true,"href":"https:\/\/pizbube.ch\/en\/wp-json\/wp\/v2\/media\/33660"}],"wp:attachment":[{"href":"https:\/\/pizbube.ch\/en\/wp-json\/wp\/v2\/media?parent=148537"}],"wp:term":[{"taxonomy":"product_brand","embeddable":true,"href":"https:\/\/pizbube.ch\/en\/wp-json\/wp\/v2\/product_brand?post=148537"},{"taxonomy":"product_cat","embeddable":true,"href":"https:\/\/pizbube.ch\/en\/wp-json\/wp\/v2\/product_cat?post=148537"},{"taxonomy":"product_tag","embeddable":true,"href":"https:\/\/pizbube.ch\/en\/wp-json\/wp\/v2\/product_tag?post=148537"}],"curies":[{"name":"wp","href":"https:\/\/api.w.org\/{rel}","templated":true}]}}