{"id":148539,"date":"2021-01-15T10:57:34","date_gmt":"2021-01-15T10:57:34","guid":{"rendered":"https:\/\/codengine3.ch\/?product=import-placeholder-for-207879"},"modified":"2021-01-15T16:59:36","modified_gmt":"2021-01-15T16:59:36","slug":"fliegen-um-leben-und-tod","status":"publish","type":"product","link":"https:\/\/pizbube.ch\/en\/shop\/fliegen-um-leben-und-tod\/","title":{"rendered":"Fliegen um Leben und Tod"},"content":{"rendered":"<p>Bergretter zwischen Matterhorn und Everest<\/p>\n<p>Mit beispiellosem Engagement und eisernem Willen organisieren Gerold Biner und<br \/>\nseine Schweizer Kollegen aus Zermatt den Aufbau einer Rettungsstation und ein<br \/>\nAusbildungsprogramm in Nepal. Dabei erleben sie wunderbare Fortschritte, aber<br \/>\nauch dramatische R\u00fcckschl\u00e4ge. Eine Abenteuergeschichte, der es nicht an<br \/>\npers\u00f6nlichen Statements fehlt, sei es zur Leichtsinnigkeit mancher Bergg\u00e4nger<br \/>\noder zu Extremsportarten, die den Tod als st\u00e4ndigen Begleiter haben. Biner<br \/>\nredet Klartext und kontert die Kritik an den Schweizer Bergrettern im<br \/>\nZusammenhang mit Rettungseins\u00e4tzen auf dem Dach der Welt.<\/p>","protected":false},"excerpt":{"rendered":"<p>Bergretter zwischen Matterhorn und Everest Mit beispiellosem Engagement und eisernem Willen organisieren Gerold Biner und seine Schweizer Kollegen aus Zermatt den Aufbau einer Rettungsstation und ein Ausbildungsprogramm in Nepal. Dabei erleben sie wunderbare Fortschritte, aber auch dramatische R\u00fcckschl\u00e4ge. Eine Abenteuergeschichte, der es nicht an pers\u00f6nlichen Statements fehlt, sei es zur Leichtsinnigkeit mancher Bergg\u00e4nger oder zu [&#8230;]\n","protected":false},"featured_media":38719,"template":"","meta":[],"product_brand":[],"product_cat":[21542],"product_tag":[],"class_list":{"0":"post-148539","1":"product","2":"type-product","3":"status-publish","4":"has-post-thumbnail","6":"product_cat-sachbuecher-dokumentationen","7":"pa_autor-biner-juergens","8":"pa_erscheinungsjahr-21550","9":"pa_region-schweiz","10":"pa_sprache-de","12":"first","13":"outofstock","14":"taxable","15":"shipping-taxable","16":"purchasable","17":"product-type-simple"},"_links":{"self":[{"href":"https:\/\/pizbube.ch\/en\/wp-json\/wp\/v2\/product\/148539","targetHints":{"allow":["GET"]}}],"collection":[{"href":"https:\/\/pizbube.ch\/en\/wp-json\/wp\/v2\/product"}],"about":[{"href":"https:\/\/pizbube.ch\/en\/wp-json\/wp\/v2\/types\/product"}],"wp:featuredmedia":[{"embeddable":true,"href":"https:\/\/pizbube.ch\/en\/wp-json\/wp\/v2\/media\/38719"}],"wp:attachment":[{"href":"https:\/\/pizbube.ch\/en\/wp-json\/wp\/v2\/media?parent=148539"}],"wp:term":[{"taxonomy":"product_brand","embeddable":true,"href":"https:\/\/pizbube.ch\/en\/wp-json\/wp\/v2\/product_brand?post=148539"},{"taxonomy":"product_cat","embeddable":true,"href":"https:\/\/pizbube.ch\/en\/wp-json\/wp\/v2\/product_cat?post=148539"},{"taxonomy":"product_tag","embeddable":true,"href":"https:\/\/pizbube.ch\/en\/wp-json\/wp\/v2\/product_tag?post=148539"}],"curies":[{"name":"wp","href":"https:\/\/api.w.org\/{rel}","templated":true}]}}