{"id":148541,"date":"2021-01-15T10:57:34","date_gmt":"2021-01-15T10:57:34","guid":{"rendered":"https:\/\/codengine3.ch\/?product=import-placeholder-for-206844"},"modified":"2021-01-15T14:52:33","modified_gmt":"2021-01-15T14:52:33","slug":"die-bergretter-im-himalaya-dvd","status":"publish","type":"product","link":"https:\/\/pizbube.ch\/en\/shop\/die-bergretter-im-himalaya-dvd\/","title":{"rendered":"Die Bergretter im Himalaya (DVD)"},"content":{"rendered":"<p>Unterwegs mit der Air Zermatt in eisigen H\u00f6hen &#8211; Dokumentarische Serie in drei<br \/>\nFolgen.  <\/p>\n<p>Bisher hatte es niemand gewagt, Helikopterrettungen bis in H\u00f6hen von \u00fcber 7000<br \/>\nMetern durchzuf\u00fchren, weil sie schlicht als zu gef\u00e4hrlich galten. Dies sollte<br \/>\nsich \u00e4ndern, als die Air Zermatt gemeinsam mit den Piloten von Fishtail Air<br \/>\naus Nepal vor zwei Jahren mit dem Aufbau einer Rettungsstation im Himalaya<br \/>\nbegann. Die DOK-Serie handelt vom Wagemut, vom Fliegen am Limit und vom<br \/>\nSchicksal der Piloten und Bergsteiger inmitten von Achttausendern. W\u00e4hrend der<br \/>\nDreharbeiten zu dieser Serie passierte ein tragischer Absturz, welcher das<br \/>\nProjekt \u00fcberschattete und alles in Frage stellte. Zwei Jahre lang hat ein Team<br \/>\nvon DOK die &#8218;Die Bergretter im Himalaya&#8216; begleitet.<br \/>\nBildformat: 16:9; Film Laufzeit: 120  <\/p>","protected":false},"excerpt":{"rendered":"<p>Unterwegs mit der Air Zermatt in eisigen H\u00f6hen &#8211; Dokumentarische Serie in drei Folgen. Bisher hatte es niemand gewagt, Helikopterrettungen bis in H\u00f6hen von \u00fcber 7000 Metern durchzuf\u00fchren, weil sie schlicht als zu gef\u00e4hrlich galten. Dies sollte sich \u00e4ndern, als die Air Zermatt gemeinsam mit den Piloten von Fishtail Air aus Nepal vor zwei Jahren [&#8230;]\n","protected":false},"featured_media":36275,"template":"","meta":[],"product_brand":[],"product_cat":[21628],"product_tag":[],"class_list":{"0":"post-148541","1":"product","2":"type-product","3":"status-publish","4":"has-post-thumbnail","6":"product_cat-video-dvd-multimedia","7":"pa_autor-senn-thapa-srf","8":"pa_erscheinungsjahr-21621","9":"pa_region-asien","10":"pa_sprache-de","12":"first","13":"instock","14":"taxable","15":"shipping-taxable","16":"purchasable","17":"product-type-simple"},"_links":{"self":[{"href":"https:\/\/pizbube.ch\/en\/wp-json\/wp\/v2\/product\/148541","targetHints":{"allow":["GET"]}}],"collection":[{"href":"https:\/\/pizbube.ch\/en\/wp-json\/wp\/v2\/product"}],"about":[{"href":"https:\/\/pizbube.ch\/en\/wp-json\/wp\/v2\/types\/product"}],"wp:featuredmedia":[{"embeddable":true,"href":"https:\/\/pizbube.ch\/en\/wp-json\/wp\/v2\/media\/36275"}],"wp:attachment":[{"href":"https:\/\/pizbube.ch\/en\/wp-json\/wp\/v2\/media?parent=148541"}],"wp:term":[{"taxonomy":"product_brand","embeddable":true,"href":"https:\/\/pizbube.ch\/en\/wp-json\/wp\/v2\/product_brand?post=148541"},{"taxonomy":"product_cat","embeddable":true,"href":"https:\/\/pizbube.ch\/en\/wp-json\/wp\/v2\/product_cat?post=148541"},{"taxonomy":"product_tag","embeddable":true,"href":"https:\/\/pizbube.ch\/en\/wp-json\/wp\/v2\/product_tag?post=148541"}],"curies":[{"name":"wp","href":"https:\/\/api.w.org\/{rel}","templated":true}]}}